{"id":7649,"date":"2025-09-10T14:48:50","date_gmt":"2025-09-10T17:48:50","guid":{"rendered":"https:\/\/www.estudiotecno.com.ar\/tienda\/?post_type=product&#038;p=7649"},"modified":"2026-04-10T16:08:22","modified_gmt":"2026-04-10T19:08:22","slug":"ds-2ce16k0t-lfs2-8mmo-std-camara-hikvision-3k-bullet-luz-dual-c-audio-2-8mm-metal-ip-67-ir-40m-noche-luz-blanca-hasta-40m","status":"publish","type":"product","link":"https:\/\/www.estudiotecno.com.ar\/tienda\/producto\/ds-2ce16k0t-lfs2-8mmo-std-camara-hikvision-3k-bullet-luz-dual-c-audio-2-8mm-metal-ip-67-ir-40m-noche-luz-blanca-hasta-40m\/","title":{"rendered":"DS-2CE17K0T-LFS | C\u00c1MARA HIKVISION 3K BULLET LUZ DUAL, C\/AUDIO, 2.8MM. METAL IP 67. IR 40M NOCHE. LUZ BLANCA HASTA 40M"},"content":{"rendered":"<p data-start=\"86\" data-end=\"456\"><strong data-start=\"86\" data-end=\"96\">C\u00c1MARA<\/strong><br data-start=\"96\" data-end=\"99\" \/><strong data-start=\"99\" data-end=\"119\">SENSOR DE IMAGEN<\/strong>: 3K CMOS<br data-start=\"128\" data-end=\"131\" \/><strong data-start=\"131\" data-end=\"150\">MAX. RESOLUCI\u00d3N<\/strong>: 2960 (H) \u00d7 1665 (V)<br data-start=\"171\" data-end=\"174\" \/><strong data-start=\"174\" data-end=\"196\">ILUMINACI\u00d3N M\u00cdNIMA<\/strong>: 0.01 Lux @ (F2.0, AGC ON), 0 Lux with IR<br data-start=\"238\" data-end=\"241\" \/><strong data-start=\"241\" data-end=\"265\">TIEMPO DE OBTURACI\u00d3N<\/strong>: PAL: 1\/25 s to 1\/50,000 s; NTSC: 1\/30 s to 1\/50,000 s<br data-start=\"320\" data-end=\"323\" \/><strong data-start=\"323\" data-end=\"338\">D\u00cdA Y NOCHE<\/strong>: ICR<br data-start=\"343\" data-end=\"346\" \/><strong data-start=\"346\" data-end=\"366\">AJUSTE DE \u00c1NGULO<\/strong>: Pan: 0 to 360\u00b0, Tilt: 0 to 180\u00b0, Rotation: 0 to 360\u00b0<br data-start=\"420\" data-end=\"423\" \/><strong data-start=\"423\" data-end=\"444\">SE\u00d1AL DEL SISTEMA<\/strong>: PAL\/NTSC<\/p>\n<p data-start=\"458\" data-end=\"783\"><strong data-start=\"458\" data-end=\"467\">LENTE<\/strong><br data-start=\"467\" data-end=\"470\" \/><strong data-start=\"470\" data-end=\"479\">LENTE<\/strong>: 2.8 mm, 3.6 mm and 6 mm fixed focal lens<br data-start=\"521\" data-end=\"524\" \/><strong data-start=\"524\" data-end=\"546\">FOCAL LENGTH &amp; FOV<\/strong>:<br data-start=\"547\" data-end=\"550\" \/>2.8 mm, horizontal FOV: 105\u00b0, vertical FOV: 62\u00b0, diagonal FOV: 132\u00b0<br data-start=\"617\" data-end=\"620\" \/>3.6 mm, horizontal FOV: 92\u00b0, vertical FOV: 48\u00b0, diagonal FOV: 112\u00b0<br data-start=\"686\" data-end=\"689\" \/>6 mm, horizontal FOV: 58\u00b0, vertical FOV: 31\u00b0, diagonal FOV: 67\u00b0<br data-start=\"752\" data-end=\"755\" \/><strong data-start=\"755\" data-end=\"776\">MONTURA DEL LENTE<\/strong>: M12<\/p>\n<p data-start=\"785\" data-end=\"872\"><strong data-start=\"785\" data-end=\"798\">MICR\u00d3FONO<\/strong><br data-start=\"798\" data-end=\"801\" \/><strong data-start=\"801\" data-end=\"826\">DISTANCIA DE RECOGIDA<\/strong>: In a radius of up to 5 m<br data-start=\"852\" data-end=\"855\" \/><strong data-start=\"855\" data-end=\"867\">CANTIDAD<\/strong>: 1<\/p>\n<p data-start=\"874\" data-end=\"1021\"><strong data-start=\"874\" data-end=\"888\">ILUMINADOR<\/strong><br data-start=\"888\" data-end=\"891\" \/><strong data-start=\"891\" data-end=\"920\">TIPO DE LUZ SUPLEMENTARIA<\/strong>: Smart, IR, White Light<br data-start=\"944\" data-end=\"947\" \/><strong data-start=\"947\" data-end=\"977\">RANGO DE LUZ SUPLEMENTARIA<\/strong>: IR: Up to 40 m \/ White Light: Up to 40 m<\/p>\n<p data-start=\"1023\" data-end=\"1425\"><strong data-start=\"1023\" data-end=\"1033\">IMAGEN<\/strong><br data-start=\"1033\" data-end=\"1036\" \/><strong data-start=\"1036\" data-end=\"1063\">CONFIGURACI\u00d3N DE IMAGEN<\/strong>: Brightness, Sharpness, Smart IR<br data-start=\"1096\" data-end=\"1099\" \/><strong data-start=\"1099\" data-end=\"1113\">FRAME RATE<\/strong>:<br data-start=\"1114\" data-end=\"1117\" \/>TVI: 3K @20 fps, 4 MP @25 fps\/30 fps, 1080p @25 fps\/30 fps<br data-start=\"1175\" data-end=\"1178\" \/>AHD: 4 MP @25 fps\/30 fps<br data-start=\"1202\" data-end=\"1205\" \/>CVI: 4 MP @25 fps\/30 fps<br data-start=\"1229\" data-end=\"1232\" \/>CVBS: PAL\/NTSC<br data-start=\"1246\" data-end=\"1249\" \/><strong data-start=\"1249\" data-end=\"1267\">MODO D\u00cdA\/NOCHE<\/strong>: Auto\/Color<br data-start=\"1279\" data-end=\"1282\" \/><strong data-start=\"1282\" data-end=\"1310\">WIDE DYNAMIC RANGE (WDR)<\/strong>: Digital WDR<br data-start=\"1323\" data-end=\"1326\" \/><strong data-start=\"1326\" data-end=\"1349\">MEJORA DE LA IMAGEN<\/strong>: DWDR\/BLC\/HLC\/Global<br data-start=\"1370\" data-end=\"1373\" \/><strong data-start=\"1373\" data-end=\"1395\">BALANCE DE BLANCOS<\/strong>: Auto\/Manual<br data-start=\"1408\" data-end=\"1411\" \/><strong data-start=\"1411\" data-end=\"1418\">AGC<\/strong>: Yes<\/p>\n<p data-start=\"1427\" data-end=\"1492\"><strong data-start=\"1427\" data-end=\"1439\">INTERFAZ<\/strong><br data-start=\"1439\" data-end=\"1442\" \/><strong data-start=\"1442\" data-end=\"1461\">SALIDA DE V\u00cdDEO<\/strong>: Switchable TVI\/AHD\/CVI\/CVBS<\/p>\n<p data-start=\"1494\" data-end=\"1996\"><strong data-start=\"1494\" data-end=\"1505\">GENERAL<\/strong><br data-start=\"1505\" data-end=\"1508\" \/><strong data-start=\"1508\" data-end=\"1520\">MATERIAL<\/strong>: Front cover: Metal \/ Main body: Plastic<br data-start=\"1561\" data-end=\"1564\" \/><strong data-start=\"1564\" data-end=\"1577\">DIMENSI\u00d3N<\/strong>: 216.6 mm \u00d7 78.9 mm \u00d7 75.4 mm (8.53&#8243; \u00d7 3.10&#8243; \u00d7 2.97&#8243;)<br data-start=\"1631\" data-end=\"1634\" \/><strong data-start=\"1634\" data-end=\"1653\">PESO APROXIMADO<\/strong>: Approx. 340 g (0.75 lb.)<br data-start=\"1679\" data-end=\"1682\" \/><strong data-start=\"1682\" data-end=\"1708\">CONDICI\u00d3N DE OPERACI\u00d3N<\/strong>: -40 \u00b0C to 60 \u00b0C (-40 \u00b0F to 140 \u00b0F), humidity: 90% or less (non-condensation)<br data-start=\"1786\" data-end=\"1789\" \/><strong data-start=\"1789\" data-end=\"1805\">COMUNICACI\u00d3N<\/strong>: HIKVISION-C<br data-start=\"1818\" data-end=\"1821\" \/><strong data-start=\"1821\" data-end=\"1831\">IDIOMA<\/strong>: English<br data-start=\"1840\" data-end=\"1843\" \/><strong data-start=\"1843\" data-end=\"1869\">FUENTE DE ALIMENTACI\u00d3N<\/strong>: 12 VDC \u00b1 25%<br data-start=\"1883\" data-end=\"1886\" \/><em data-start=\"1886\" data-end=\"1968\">You are recommended to use one power adapter to supply the power for one camera.<\/em><br data-start=\"1968\" data-end=\"1971\" \/><strong data-start=\"1971\" data-end=\"1982\">CONSUMO<\/strong>: Max. 4.5 W<\/p>\n<p data-start=\"1998\" data-end=\"2040\"><strong data-start=\"1998\" data-end=\"2017\">CERTIFICACIONES<\/strong><br data-start=\"2017\" data-end=\"2020\" \/><strong data-start=\"2020\" data-end=\"2034\">PROTECCI\u00d3N<\/strong>: IP67<\/p>\n","protected":false},"excerpt":{"rendered":"<p><strong data-start=\"86\" data-end=\"96\">C\u00c1MARA<\/strong><br data-start=\"96\" data-end=\"99\" \/><strong data-start=\"99\" data-end=\"119\">SENSOR DE IMAGEN<\/strong>: 3K CMOS<br data-start=\"128\" data-end=\"131\" \/><strong data-start=\"131\" data-end=\"150\">MAX. RESOLUCI\u00d3N<\/strong>: 2960 (H) \u00d7 1665 (V)<br data-start=\"171\" data-end=\"174\" \/><strong data-start=\"174\" data-end=\"196\">ILUMINACI\u00d3N M\u00cdNIMA<\/strong>: 0.01 Lux @ (F2.0, AGC ON), 0 Lux with IR<br data-start=\"238\" data-end=\"241\" \/><strong data-start=\"241\" data-end=\"265\">TIEMPO DE OBTURACI\u00d3N<\/strong>: PAL: 1\/25 s to 1\/50,000 s; NTSC: 1\/30 s to 1\/50,000 s<br data-start=\"320\" data-end=\"323\" \/><strong data-start=\"323\" data-end=\"338\">D\u00cdA Y NOCHE<\/strong>: ICR<br data-start=\"343\" data-end=\"346\" \/><strong data-start=\"346\" data-end=\"366\">AJUSTE DE \u00c1NGULO<\/strong>: Pan: 0 to 360\u00b0, Tilt: 0 to 180\u00b0, Rotation: 0 to 360\u00b0<br data-start=\"420\" data-end=\"423\" \/><strong data-start=\"423\" data-end=\"444\">SE\u00d1AL DEL SISTEMA<\/strong>: PAL\/NTSC<\/p>\n","protected":false},"featured_media":7650,"comment_status":"closed","ping_status":"closed","template":"","meta":{"_acf_changed":false},"product_cat":[365,304,134,94],"product_tag":[],"acf":[],"aioseo_notices":[],"jetpack_sharing_enabled":true,"_links":{"self":[{"href":"https:\/\/www.estudiotecno.com.ar\/tienda\/wp-json\/wp\/v2\/product\/7649"}],"collection":[{"href":"https:\/\/www.estudiotecno.com.ar\/tienda\/wp-json\/wp\/v2\/product"}],"about":[{"href":"https:\/\/www.estudiotecno.com.ar\/tienda\/wp-json\/wp\/v2\/types\/product"}],"replies":[{"embeddable":true,"href":"https:\/\/www.estudiotecno.com.ar\/tienda\/wp-json\/wp\/v2\/comments?post=7649"}],"wp:featuredmedia":[{"embeddable":true,"href":"https:\/\/www.estudiotecno.com.ar\/tienda\/wp-json\/wp\/v2\/media\/7650"}],"wp:attachment":[{"href":"https:\/\/www.estudiotecno.com.ar\/tienda\/wp-json\/wp\/v2\/media?parent=7649"}],"wp:term":[{"taxonomy":"product_cat","embeddable":true,"href":"https:\/\/www.estudiotecno.com.ar\/tienda\/wp-json\/wp\/v2\/product_cat?post=7649"},{"taxonomy":"product_tag","embeddable":true,"href":"https:\/\/www.estudiotecno.com.ar\/tienda\/wp-json\/wp\/v2\/product_tag?post=7649"}],"curies":[{"name":"wp","href":"https:\/\/api.w.org\/{rel}","templated":true}]}}