{"id":7645,"date":"2025-09-10T12:59:15","date_gmt":"2025-09-10T15:59:15","guid":{"rendered":"https:\/\/www.estudiotecno.com.ar\/tienda\/?post_type=product&#038;p=7645"},"modified":"2026-04-10T16:08:08","modified_gmt":"2026-04-10T19:08:08","slug":"ds-2ce16k0t-exlpf2-8mmo-std-camara-hikvision-luz-bullet-5mp-lente-2-8mm","status":"publish","type":"product","link":"https:\/\/www.estudiotecno.com.ar\/tienda\/producto\/ds-2ce16k0t-exlpf2-8mmo-std-camara-hikvision-luz-bullet-5mp-lente-2-8mm\/","title":{"rendered":"DS-2CE16K0T-EXLPF(2.8mm)(O-STD) | C\u00c1MARA HIKVISION LUZ BULLET, 5MP, LENTE 2.8MM"},"content":{"rendered":"<p data-start=\"74\" data-end=\"441\"><strong data-start=\"74\" data-end=\"84\">C\u00c1MARA<\/strong><br data-start=\"84\" data-end=\"87\" \/><strong data-start=\"87\" data-end=\"107\">SENSOR DE IMAGEN<\/strong>: 3K CMOS<br data-start=\"116\" data-end=\"119\" \/><strong data-start=\"119\" data-end=\"138\">MAX. RESOLUCI\u00d3N<\/strong>: 2960 (H) \u00d7 1665 (V)<br data-start=\"159\" data-end=\"162\" \/><strong data-start=\"162\" data-end=\"184\">ILUMINACI\u00d3N M\u00cdNIMA<\/strong>: 0.02 Lux @ (F2.2, AGC ON), 0 Lux with IR<br data-start=\"226\" data-end=\"229\" \/><strong data-start=\"229\" data-end=\"253\">TIEMPO DE OBTURACI\u00d3N<\/strong>: PAL: 1\/25 s to 1\/50,000 s; NTSC: 1\/30 s to 1\/50,000 s<br data-start=\"308\" data-end=\"311\" \/><strong data-start=\"311\" data-end=\"326\">D\u00cdA Y NOCHE<\/strong>: ICR<br data-start=\"331\" data-end=\"334\" \/><strong data-start=\"334\" data-end=\"354\">AJUSTE DE \u00c1NGULO<\/strong>: Pan: 0 to 360\u00b0, Tilt: 0 to 90\u00b0, Rotate: 0 to 360\u00b0<br data-start=\"405\" data-end=\"408\" \/><strong data-start=\"408\" data-end=\"429\">SE\u00d1AL DEL SISTEMA<\/strong>: PAL\/NTSC<\/p>\n<p data-start=\"443\" data-end=\"692\"><strong data-start=\"443\" data-end=\"452\">LENTE<\/strong><br data-start=\"452\" data-end=\"455\" \/><strong data-start=\"455\" data-end=\"464\">LENTE<\/strong>: 2.8 mm, 3.6 mm fixed focal lens<br data-start=\"497\" data-end=\"500\" \/><strong data-start=\"500\" data-end=\"522\">FOCAL LENGTH &amp; FOV<\/strong>:<br data-start=\"523\" data-end=\"526\" \/>2.8 mm, horizontal FOV: 101\u00b0, vertical FOV: 64\u00b0, diagonal FOV: 125\u00b0<br data-start=\"593\" data-end=\"596\" \/>3.6 mm, horizontal FOV: 80\u00b0, vertical FOV: 51\u00b0, diagonal FOV: 98\u00b0<br data-start=\"661\" data-end=\"664\" \/><strong data-start=\"664\" data-end=\"685\">MONTURA DEL LENTE<\/strong>: M12<\/p>\n<p data-start=\"694\" data-end=\"841\"><strong data-start=\"694\" data-end=\"708\">ILUMINADOR<\/strong><br data-start=\"708\" data-end=\"711\" \/><strong data-start=\"711\" data-end=\"741\">RANGO DE LUZ SUPLEMENTARIA<\/strong>: IR: Up to 20 m \/ White Light: Up to 20 m<br data-start=\"783\" data-end=\"786\" \/><strong data-start=\"786\" data-end=\"815\">TIPO DE LUZ SUPLEMENTARIA<\/strong>: Smart, IR, White Light<\/p>\n<p data-start=\"843\" data-end=\"1329\"><strong data-start=\"843\" data-end=\"853\">IMAGEN<\/strong><br data-start=\"853\" data-end=\"856\" \/><strong data-start=\"856\" data-end=\"895\">INTERRUPTOR DE PAR\u00c1METROS DE IMAGEN<\/strong>: STD\/HIGH-SAT\/HIGHLIGHT<br data-start=\"919\" data-end=\"922\" \/><strong data-start=\"922\" data-end=\"949\">CONFIGURACI\u00d3N DE IMAGEN<\/strong>: Brightness, Sharpness, Smart IR<br data-start=\"982\" data-end=\"985\" \/><strong data-start=\"985\" data-end=\"999\">FRAME RATE<\/strong>:<br data-start=\"1000\" data-end=\"1003\" \/>TVI: 3K @20 fps, 4 MP @25 fps\/30 fps, 1080p @25 fps\/30 fps<br data-start=\"1061\" data-end=\"1064\" \/>AHD: 5 MP @20 fps, 4 MP @25 fps\/30 fps<br data-start=\"1102\" data-end=\"1105\" \/>CVI: 4 MP @25 fps\/30 fps<br data-start=\"1129\" data-end=\"1132\" \/>CVBS: PAL\/NTSC<br data-start=\"1146\" data-end=\"1149\" \/><strong data-start=\"1149\" data-end=\"1167\">MODO D\u00cdA\/NOCHE<\/strong>: Auto\/Color<br data-start=\"1179\" data-end=\"1182\" \/><strong data-start=\"1182\" data-end=\"1210\">WIDE DYNAMIC RANGE (WDR)<\/strong>: Digital WDR<br data-start=\"1223\" data-end=\"1226\" \/><strong data-start=\"1226\" data-end=\"1249\">MEJORA DE LA IMAGEN<\/strong>: DWDR\/BLC\/HLC\/HLS\/Global<br data-start=\"1274\" data-end=\"1277\" \/><strong data-start=\"1277\" data-end=\"1299\">BALANCE DE BLANCOS<\/strong>: Auto\/Manual<br data-start=\"1312\" data-end=\"1315\" \/><strong data-start=\"1315\" data-end=\"1322\">AGC<\/strong>: Yes<\/p>\n<p data-start=\"1331\" data-end=\"1396\"><strong data-start=\"1331\" data-end=\"1343\">INTERFAZ<\/strong><br data-start=\"1343\" data-end=\"1346\" \/><strong data-start=\"1346\" data-end=\"1365\">SALIDA DE V\u00cdDEO<\/strong>: Switchable TVI\/AHD\/CVI\/CVBS<\/p>\n<p data-start=\"1398\" data-end=\"1827\"><strong data-start=\"1398\" data-end=\"1409\">GENERAL<\/strong><br data-start=\"1409\" data-end=\"1412\" \/><strong data-start=\"1412\" data-end=\"1424\">MATERIAL<\/strong>: Plastic<br data-start=\"1433\" data-end=\"1436\" \/><strong data-start=\"1436\" data-end=\"1449\">DIMENSI\u00d3N<\/strong>: \u00d870 mm \u00d7 138.8 mm (\u00d82.76&#8243; x 5.46&#8243;)<br data-start=\"1485\" data-end=\"1488\" \/><strong data-start=\"1488\" data-end=\"1503\">PESO M\u00c1XIMO<\/strong>: Max. 150 g (0.33 lb.)<br data-start=\"1526\" data-end=\"1529\" \/><strong data-start=\"1529\" data-end=\"1555\">CONDICI\u00d3N DE OPERACI\u00d3N<\/strong>: -40 \u00b0C to 60 \u00b0C (-40 \u00b0F to 140 \u00b0F). Humidity: 90% or less (non-condensation)<br data-start=\"1633\" data-end=\"1636\" \/><strong data-start=\"1636\" data-end=\"1652\">COMUNICACI\u00d3N<\/strong>: HIKVISION-C<br data-start=\"1665\" data-end=\"1668\" \/><strong data-start=\"1668\" data-end=\"1678\">IDIOMA<\/strong>: English<br data-start=\"1687\" data-end=\"1690\" \/><strong data-start=\"1690\" data-end=\"1716\">FUENTE DE ALIMENTACI\u00d3N<\/strong>: 12 VDC \u00b1 25%, Max. 4.4 W<br data-start=\"1742\" data-end=\"1745\" \/><em data-start=\"1745\" data-end=\"1827\">You are recommended to use one power adapter to supply the power for one camera.<\/em><\/p>\n<p data-start=\"1829\" data-end=\"1871\"><strong data-start=\"1829\" data-end=\"1848\">CERTIFICACIONES<\/strong><br data-start=\"1848\" data-end=\"1851\" \/><strong data-start=\"1851\" data-end=\"1865\">PROTECCI\u00d3N<\/strong>: IP67<\/p>\n","protected":false},"excerpt":{"rendered":"<p><strong data-start=\"74\" data-end=\"84\">C\u00c1MARA<\/strong><br data-start=\"84\" data-end=\"87\" \/><strong data-start=\"87\" data-end=\"107\">SENSOR DE IMAGEN<\/strong>: 3K CMOS<br data-start=\"116\" data-end=\"119\" \/><strong data-start=\"119\" data-end=\"138\">MAX. RESOLUCI\u00d3N<\/strong>: 2960 (H) \u00d7 1665 (V)<br data-start=\"159\" data-end=\"162\" \/><strong data-start=\"162\" data-end=\"184\">ILUMINACI\u00d3N M\u00cdNIMA<\/strong>: 0.02 Lux @ (F2.2, AGC ON), 0 Lux with IR<br data-start=\"226\" data-end=\"229\" \/><strong data-start=\"229\" data-end=\"253\">TIEMPO DE OBTURACI\u00d3N<\/strong>: PAL: 1\/25 s to 1\/50,000 s; NTSC: 1\/30 s to 1\/50,000 s<br data-start=\"308\" data-end=\"311\" \/><strong data-start=\"311\" data-end=\"326\">D\u00cdA Y NOCHE<\/strong>: ICR<br data-start=\"331\" data-end=\"334\" \/><strong data-start=\"334\" data-end=\"354\">AJUSTE DE \u00c1NGULO<\/strong>: Pan: 0 to 360\u00b0, Tilt: 0 to 90\u00b0, Rotate: 0 to 360\u00b0<br data-start=\"405\" data-end=\"408\" \/><strong data-start=\"408\" data-end=\"429\">SE\u00d1AL DEL SISTEMA<\/strong>: PAL\/NTSC<\/p>\n","protected":false},"featured_media":7642,"comment_status":"closed","ping_status":"closed","template":"","meta":{"_acf_changed":false},"product_cat":[365,304,134,94],"product_tag":[],"acf":[],"aioseo_notices":[],"jetpack_sharing_enabled":true,"_links":{"self":[{"href":"https:\/\/www.estudiotecno.com.ar\/tienda\/wp-json\/wp\/v2\/product\/7645"}],"collection":[{"href":"https:\/\/www.estudiotecno.com.ar\/tienda\/wp-json\/wp\/v2\/product"}],"about":[{"href":"https:\/\/www.estudiotecno.com.ar\/tienda\/wp-json\/wp\/v2\/types\/product"}],"replies":[{"embeddable":true,"href":"https:\/\/www.estudiotecno.com.ar\/tienda\/wp-json\/wp\/v2\/comments?post=7645"}],"wp:featuredmedia":[{"embeddable":true,"href":"https:\/\/www.estudiotecno.com.ar\/tienda\/wp-json\/wp\/v2\/media\/7642"}],"wp:attachment":[{"href":"https:\/\/www.estudiotecno.com.ar\/tienda\/wp-json\/wp\/v2\/media?parent=7645"}],"wp:term":[{"taxonomy":"product_cat","embeddable":true,"href":"https:\/\/www.estudiotecno.com.ar\/tienda\/wp-json\/wp\/v2\/product_cat?post=7645"},{"taxonomy":"product_tag","embeddable":true,"href":"https:\/\/www.estudiotecno.com.ar\/tienda\/wp-json\/wp\/v2\/product_tag?post=7645"}],"curies":[{"name":"wp","href":"https:\/\/api.w.org\/{rel}","templated":true}]}}