{"id":7644,"date":"2025-09-10T12:41:22","date_gmt":"2025-09-10T15:41:22","guid":{"rendered":"https:\/\/www.estudiotecno.com.ar\/tienda\/?post_type=product&#038;p=7644"},"modified":"2026-04-10T16:08:08","modified_gmt":"2026-04-10T19:08:08","slug":"ds-2ce76k0t-lmfs2-8mmo-std-camara-hikvision-luz-dual-c-audio-mini-domo-5mp-metal-2-8mm","status":"publish","type":"product","link":"https:\/\/www.estudiotecno.com.ar\/tienda\/producto\/ds-2ce76k0t-lmfs2-8mmo-std-camara-hikvision-luz-dual-c-audio-mini-domo-5mp-metal-2-8mm\/","title":{"rendered":"DS-2CE76K0T-LMFS(2.8mm)(O-STD) | C\u00c1MARA HIKVISION LUZ DUAL, C\/AUDIO, MINI DOMO 5MP, METAL 2.8MM"},"content":{"rendered":"<p>C\u00c1MARA<br \/>\nSENSOR DE IMAGEN: 3K CMOS<br \/>\nMAX. RESOLUCI\u00d3N: 2960 (H) \u00d7 1665 (V)<br \/>\nILUMINACI\u00d3N M\u00cdNIMA: 0.01 Lux @ (F2.0, AGC ON), 0 Lux with IR<br \/>\nTIEMPO DE OBTURACI\u00d3N: PAL: 1\/25 s to 1\/50,000 s; NTSC: 1\/30 s to 1\/50,000 s<br \/>\nD\u00cdA Y NOCHE: ICR<br \/>\nAJUSTE DE \u00c1NGULO: Pan: 0 to 360\u00b0, Tilt: 0 to 75\u00b0, Rotation: 0 to 360\u00b0<br \/>\nSE\u00d1AL DEL SISTEMA: PAL\/NTSC<\/p>\n<p>LENTE<br \/>\nLENTE: 2.8 mm and 3.6 mm fixed focal lens<br \/>\nFOCAL LENGTH &amp; FOV: 2.8 mm, horizontal FOV: 105\u00b0, vertical FOV: 62\u00b0, diagonal FOV: 132\u00b0; 3.6 mm, horizontal FOV: 92\u00b0, vertical FOV: 48\u00b0, diagonal FOV: 112\u00b0<br \/>\nMONTURA DEL LENTE: M12<\/p>\n<p>MICR\u00d3FONO<br \/>\nDISTANCIA DE RECOGIDA: In a radius of up to 5 m<br \/>\nCANTIDAD: 1<\/p>\n<p>ILUMINADOR<br \/>\nRANGO DE LUZ SUPLEMENTARIA: IR: Up to 30 m; White Light: Up to 20 m<br \/>\nTIPO DE LUZ SUPLEMENTARIA: Smart, IR, White Light<\/p>\n<p>IMAGEN<br \/>\nCONFIGURACI\u00d3N DE IMAGEN: Brightness, Sharpness, Smart IR<br \/>\nFRAME RATE: TVI: 3K@20 fps, 4 MP@25 fps\/30 fps, 1080p@25 fps\/30 fps; AHD: 4 MP@25 fps\/30 fps; CVI: 4 MP@25 fps\/30 fps; CVBS: PAL\/NTSC<br \/>\nWIDE DYNAMIC RANGE (WDR): Digital WDR<br \/>\nMEJORA DE LA IMAGEN: DWDR\/BLC\/HLC\/Global<br \/>\nBALANCE DE BLANCOS: Auto\/Manual<br \/>\nAGC: Yes<br \/>\nMODO D\u00cdA\/NOCHE: Auto\/Color<\/p>\n<p>INTERFAZ<br \/>\nSALIDA DE V\u00cdDEO: Switchable TVI\/AHD\/CVI\/CVBS<\/p>\n<p>GENERAL<br \/>\nMATERIAL: Metal<br \/>\nDIMENSI\u00d3N: 80 mm \u00d7 \u00d885.1 mm (3.1&#8243; \u00d7 \u00d83.4&#8243;)<br \/>\nPESO APROXIMADO: 300 g (0.66 lb.)<br \/>\nCONDICIONES DE OPERACI\u00d3N: -40 \u00b0C to 60 \u00b0C (-40 \u00b0F to 140 \u00b0F), humidity: 90% or less (non-condensation)<br \/>\nCOMUNICACI\u00d3N: HIKVISION-C<br \/>\nIDIOMA: English<br \/>\nFUENTE DE ALIMENTACI\u00d3N: 12 VDC \u00b1 25%<br \/>\nCONSUMO: Max. 2.9 W<br \/>\nCERTIFICACIONES: IP67<\/p>\n","protected":false},"excerpt":{"rendered":"<p>C\u00c1MARA<br \/>\nSENSOR DE IMAGEN: 3K CMOS<br \/>\nMAX. RESOLUCI\u00d3N: 2960 (H) \u00d7 1665 (V)<br \/>\nILUMINACI\u00d3N M\u00cdNIMA: 0.01 Lux @ (F2.0, AGC ON), 0 Lux with IR<br \/>\nTIEMPO DE OBTURACI\u00d3N: PAL: 1\/25 s to 1\/50,000 s; NTSC: 1\/30 s to 1\/50,000 s<br \/>\nD\u00cdA Y NOCHE: ICR<br \/>\nAJUSTE DE \u00c1NGULO: Pan: 0 to 360\u00b0, Tilt: 0 to 75\u00b0, Rotation: 0 to 360\u00b0<br \/>\nSE\u00d1AL DEL SISTEMA: PAL\/NTSC<\/p>\n","protected":false},"featured_media":7639,"comment_status":"closed","ping_status":"closed","template":"","meta":{"_acf_changed":false},"product_cat":[365,304,134,94],"product_tag":[],"acf":[],"aioseo_notices":[],"jetpack_sharing_enabled":true,"_links":{"self":[{"href":"https:\/\/www.estudiotecno.com.ar\/tienda\/wp-json\/wp\/v2\/product\/7644"}],"collection":[{"href":"https:\/\/www.estudiotecno.com.ar\/tienda\/wp-json\/wp\/v2\/product"}],"about":[{"href":"https:\/\/www.estudiotecno.com.ar\/tienda\/wp-json\/wp\/v2\/types\/product"}],"replies":[{"embeddable":true,"href":"https:\/\/www.estudiotecno.com.ar\/tienda\/wp-json\/wp\/v2\/comments?post=7644"}],"wp:featuredmedia":[{"embeddable":true,"href":"https:\/\/www.estudiotecno.com.ar\/tienda\/wp-json\/wp\/v2\/media\/7639"}],"wp:attachment":[{"href":"https:\/\/www.estudiotecno.com.ar\/tienda\/wp-json\/wp\/v2\/media?parent=7644"}],"wp:term":[{"taxonomy":"product_cat","embeddable":true,"href":"https:\/\/www.estudiotecno.com.ar\/tienda\/wp-json\/wp\/v2\/product_cat?post=7644"},{"taxonomy":"product_tag","embeddable":true,"href":"https:\/\/www.estudiotecno.com.ar\/tienda\/wp-json\/wp\/v2\/product_tag?post=7644"}],"curies":[{"name":"wp","href":"https:\/\/api.w.org\/{rel}","templated":true}]}}