{"id":7640,"date":"2025-09-10T10:16:09","date_gmt":"2025-09-10T13:16:09","guid":{"rendered":"https:\/\/www.estudiotecno.com.ar\/tienda\/?post_type=product&#038;p=7640"},"modified":"2026-04-10T16:08:07","modified_gmt":"2026-04-10T19:08:07","slug":"ds-2ce76k0t-exlpf2-8mmo-std-camara-hikvision-luz-dual-mini-domo-5mp-lente-2-8mm","status":"publish","type":"product","link":"https:\/\/www.estudiotecno.com.ar\/tienda\/producto\/ds-2ce76k0t-exlpf2-8mmo-std-camara-hikvision-luz-dual-mini-domo-5mp-lente-2-8mm\/","title":{"rendered":"DS-2CE76K0T-EXLPF(2.8mm)(O-STD) | C\u00c1MARA HIKVISION LUZ DUAL, MINI DOMO 5MP, LENTE 2.8MM"},"content":{"rendered":"<p>C\u00c1MARA<br \/>\nSENSOR DE IMAGEN: 3K CMOS<br \/>\nMAX. RESOLUCI\u00d3N: 2960 (H) \u00d7 1665 (V)<br \/>\nILUMINACI\u00d3N M\u00cdNIMA: 0.02 Lux @ (F2.2, AGC ON), 0 Lux with IR<br \/>\nTIEMPO DE OBTURACI\u00d3N: PAL: 1\/25 s to 1\/50,000 s; NTSC: 1\/30 s to 1\/50,000 s<br \/>\nD\u00cdA Y NOCHE: ICR<br \/>\nAJUSTE DE \u00c1NGULO: Pan: 0 to 360\u00b0, Tilt: 0 to 75\u00b0, Rotate: 0 to 360\u00b0<br \/>\nSE\u00d1AL DEL SISTEMA: PAL\/NTSC<\/p>\n<p>LENTE<br \/>\nLENTE: 2.8 mm, 3.6 mm fixed focal lens<br \/>\nFOCAL LENGTH &amp; FOV: 2.8 mm, horizontal FOV: 101\u00b0, vertical FOV: 64\u00b0, diagonal FOV: 125\u00b0; 3.6 mm, horizontal FOV: 80\u00b0, vertical FOV: 51\u00b0, diagonal FOV: 98\u00b0<br \/>\nMONTURA DEL LENTE: M12<\/p>\n<p>ILUMINADOR<br \/>\nRANGO DE LUZ SUPLEMENTARIA: IR: Up to 20 m; White Light: Up to 20 m<br \/>\nTIPO DE LUZ SUPLEMENTARIA: Smart, IR, White Light<\/p>\n<p>IMAGEN<br \/>\nINTERRUPTOR DE PAR\u00c1METROS DE IMAGEN: STD\/HIGH-SAT\/HIGHLIGHT<br \/>\nCONFIGURACI\u00d3N DE IMAGEN: Brightness, Sharpness, Smart IR<br \/>\nFRAME RATE: TVI: 3K @20 fps, 4 MP @25 fps\/30 fps, 1080p @25 fps\/30 fps; AHD: 5 MP @20 fps, 4 MP @25 fps\/30 fps; CVI: 4 MP @25 fps\/30 fps; CVBS: PAL\/NTSC<br \/>\nMODO D\u00cdA\/NOCHE: Auto\/Color<br \/>\nWIDE DYNAMIC RANGE (WDR): Digital WDR<br \/>\nMEJORA DE LA IMAGEN: DWDR\/BLC\/HLC\/HLS\/Global<br \/>\nBALANCE DE BLANCOS: Auto\/Manual<br \/>\nAGC: Yes<\/p>\n<p>INTERFAZ<br \/>\nSALIDA DE V\u00cdDEO: Switchable TVI\/AHD\/CVI\/CVBS<\/p>\n<p>GENERAL<br \/>\nMATERIAL: Plastic<br \/>\nDIMENSI\u00d3N: \u00d885 mm \u00d7 84.6 mm (3.35\u00bb \u00d7 3.33\u00bb)<br \/>\nPESO M\u00c1X.: 150 g (0.33 lb.)<br \/>\nCONDICIONES DE OPERACI\u00d3N: -40 \u00b0C to 60 \u00b0C (-40 \u00b0F to 140 \u00b0F). Humidity: 90% or less (non-condensation)<br \/>\nCOMUNICACI\u00d3N: HIKVISION-C<br \/>\nIDIOMA: English<br \/>\nFUENTE DE ALIMENTACI\u00d3N: 12 VDC \u00b1 25%, Max. 4.0 W<\/p>\n","protected":false},"excerpt":{"rendered":"<p>C\u00c1MARA SENSOR DE IMAGEN: 3K CMOS MAX. RESOLUCI\u00d3N: 2960 (H) \u00d7 1665 (V) ILUMINACI\u00d3N M\u00cdNIMA: 0.02 Lux @ (F2.2, AGC ON), 0 Lux with IR TIEMPO DE OBTURACI\u00d3N: PAL: 1\/25 s to 1\/50,000 s; NTSC: 1\/30 s to 1\/50,000 s D\u00cdA Y NOCHE: ICR AJUSTE DE \u00c1NGULO: Pan: 0 to 360\u00b0, Tilt: 0 to 75\u00b0, [&hellip;]<\/p>\n","protected":false},"featured_media":7638,"comment_status":"closed","ping_status":"closed","template":"","meta":{"_acf_changed":false},"product_cat":[365,304,134,94],"product_tag":[],"acf":[],"aioseo_notices":[],"jetpack_sharing_enabled":true,"_links":{"self":[{"href":"https:\/\/www.estudiotecno.com.ar\/tienda\/wp-json\/wp\/v2\/product\/7640"}],"collection":[{"href":"https:\/\/www.estudiotecno.com.ar\/tienda\/wp-json\/wp\/v2\/product"}],"about":[{"href":"https:\/\/www.estudiotecno.com.ar\/tienda\/wp-json\/wp\/v2\/types\/product"}],"replies":[{"embeddable":true,"href":"https:\/\/www.estudiotecno.com.ar\/tienda\/wp-json\/wp\/v2\/comments?post=7640"}],"wp:featuredmedia":[{"embeddable":true,"href":"https:\/\/www.estudiotecno.com.ar\/tienda\/wp-json\/wp\/v2\/media\/7638"}],"wp:attachment":[{"href":"https:\/\/www.estudiotecno.com.ar\/tienda\/wp-json\/wp\/v2\/media?parent=7640"}],"wp:term":[{"taxonomy":"product_cat","embeddable":true,"href":"https:\/\/www.estudiotecno.com.ar\/tienda\/wp-json\/wp\/v2\/product_cat?post=7640"},{"taxonomy":"product_tag","embeddable":true,"href":"https:\/\/www.estudiotecno.com.ar\/tienda\/wp-json\/wp\/v2\/product_tag?post=7640"}],"curies":[{"name":"wp","href":"https:\/\/api.w.org\/{rel}","templated":true}]}}