{"id":7627,"date":"2025-09-04T11:41:57","date_gmt":"2025-09-04T14:41:57","guid":{"rendered":"https:\/\/www.estudiotecno.com.ar\/tienda\/?post_type=product&#038;p=7627"},"modified":"2026-04-10T16:08:01","modified_gmt":"2026-04-10T19:08:01","slug":"ds-2ce17h0t-it3f3-6mmo-stdc-5mpx-bullet-metalica-exterior-infrarrojo-40-metros","status":"publish","type":"product","link":"https:\/\/www.estudiotecno.com.ar\/tienda\/producto\/ds-2ce17h0t-it3f3-6mmo-stdc-5mpx-bullet-metalica-exterior-infrarrojo-40-metros\/","title":{"rendered":"DS-2CE17H0T-IT3F(3.6mm)(O-STD)(C) | 5MPX | Bullet met\u00e1lica exterior. Infrarrojo 40 metros"},"content":{"rendered":"<p>5 MP Fixed Bullet Camera<br \/>\nHigh quality imaging with 5 MP, 2560 \u00d7 1944 resolution<br \/>\n2.8 mm, 3.6 mm, 6 mm fixed focal lens<br \/>\nUp to 40 m IR distance for bright night imaging<br \/>\nOne port for four switchable signals (TVI\/AHD\/CVI\/CVBS)<br \/>\nWater and dust resistant (IP67)<\/p>\n<p>Camera<br \/>\nImage Sensor<br \/>\n5 MP CMOS<br \/>\nMax. Resolution<br \/>\n2560 (H) \u00d7 1944 (V)<br \/>\nMin. Illumination<br \/>\n0.01 Lux @ (F1.2, AGC ON), 0 Lux with IR<br \/>\nShutter Time<br \/>\nPAL: 1\/25 s to 1\/50, 000 s<\/p>\n<p>NTSC: 1\/30 s to 1\/50, 000 s<\/p>\n<p>Day &#038; Night<br \/>\nICR<br \/>\nAngle Adjustment<br \/>\nPan: 0 to 360\u00b0, Tilt: 0 to 180\u00b0, Rotation 0 to 360\u00b0<br \/>\nSignal System<br \/>\nPAL\/NTSC<br \/>\nLens<br \/>\nLens Type<br \/>\n2.8 mm, 3.6 mm, 6 mm fixed lens<br \/>\nFocal Length &#038; FOV<br \/>\n2.8 mm, horizontal FOV: 86\u00b0, vertical FOV: 63\u00b0, diagonal FOV: 120\u00b0<\/p>\n<p>3.6 mm, horizontal FOV: 80\u00b0, vertical FOV: 63\u00b0, diagonal FOV: 112\u00b0<\/p>\n<p>6 mm, horizontal FOV: 55\u00b0, vertical FOV: 40\u00b0, diagonal FOV: 70\u00b0<\/p>\n<p>Lens Mount<br \/>\nM12<br \/>\nImage<br \/>\nImage Parameters Switch<br \/>\nSTD\/HIGH-SAT<br \/>\nImage Settings<br \/>\nBrightness, Sharpness, Mirror, Smart IR<br \/>\nFrame Rate<br \/>\nTVI: 5M@20fps, 4M@30fps, 4M@25fps, 1080p@30fps, 1080p@25fps<\/p>\n<p>AHD: 5M@20fps, 4M@30fps, 4M@25fps<\/p>\n<p>CVI: 4M@30fps, 4M@25fps<\/p>\n<p>CVBS: PAL\/NTSC<\/p>\n<p>Day\/Night Mode<br \/>\nAuto\/Color\/BW (Black and White)<br \/>\nWide Dynamic Range (WDR)<br \/>\nDigital WDR<br \/>\nImage Enhancement<br \/>\nDWDR\/BLC\/HLC\/Global<br \/>\nNoise Reduction<br \/>\nYes<br \/>\nWhite Balance<br \/>\nAuto\/Manual<br \/>\nAGC<br \/>\nSupport<br \/>\nInterface<br \/>\nVideo Output<br \/>\nTVI\/AHD\/CVI\/CVBS<br \/>\nGeneral<br \/>\nMaterial<br \/>\nFront Cover: Metal<\/p>\n<p>Main Body: Plastic<\/p>\n<p>Dimension<br \/>\n78.9 mm \u00d7 75.4 mm \u00d7 216.6 mm (3.10&#8243; \u00d7 2.97&#8243; \u00d7 8.53&#8243;)<br \/>\nApprox. 330 g (0.73 lb.)<br \/>\nOperating Condition<br \/>\n-40 \u00b0C to 60 \u00b0C (-40 \u00b0F to 140 \u00b0F), humidity: 90% or less (non-condensation)<br \/>\nCommunication<br \/>\nHIKVISION-C<br \/>\nLanguage<br \/>\nEnglish<br \/>\nPower Supply<br \/>\n12 VDC \u00b1 25%<br \/>\nConsumption<br \/>\nMax. 4.3 W<\/p>\n<p>IR Range<br \/>\nUp to 40 m<br \/>\nApproval<br \/>\nProtection<br \/>\nIP67<\/p>\n","protected":false},"excerpt":{"rendered":"<p>5 MP Fixed Bullet Camera<br \/>\nHigh quality imaging with 5 MP, 2560 \u00d7 1944 resolution<br \/>\n2.8 mm, 3.6 mm, 6 mm fixed focal lens<br \/>\nUp to 40 m IR distance for bright night imaging<br \/>\nOne port for four switchable signals (TVI\/AHD\/CVI\/CVBS)<br \/>\nWater and dust resistant (IP67)<\/p>\n","protected":false},"featured_media":7628,"comment_status":"closed","ping_status":"closed","template":"","meta":{"_acf_changed":false},"product_cat":[365,304,134,94],"product_tag":[],"acf":[],"aioseo_notices":[],"jetpack_sharing_enabled":true,"_links":{"self":[{"href":"https:\/\/www.estudiotecno.com.ar\/tienda\/wp-json\/wp\/v2\/product\/7627"}],"collection":[{"href":"https:\/\/www.estudiotecno.com.ar\/tienda\/wp-json\/wp\/v2\/product"}],"about":[{"href":"https:\/\/www.estudiotecno.com.ar\/tienda\/wp-json\/wp\/v2\/types\/product"}],"replies":[{"embeddable":true,"href":"https:\/\/www.estudiotecno.com.ar\/tienda\/wp-json\/wp\/v2\/comments?post=7627"}],"wp:featuredmedia":[{"embeddable":true,"href":"https:\/\/www.estudiotecno.com.ar\/tienda\/wp-json\/wp\/v2\/media\/7628"}],"wp:attachment":[{"href":"https:\/\/www.estudiotecno.com.ar\/tienda\/wp-json\/wp\/v2\/media?parent=7627"}],"wp:term":[{"taxonomy":"product_cat","embeddable":true,"href":"https:\/\/www.estudiotecno.com.ar\/tienda\/wp-json\/wp\/v2\/product_cat?post=7627"},{"taxonomy":"product_tag","embeddable":true,"href":"https:\/\/www.estudiotecno.com.ar\/tienda\/wp-json\/wp\/v2\/product_tag?post=7627"}],"curies":[{"name":"wp","href":"https:\/\/api.w.org\/{rel}","templated":true}]}}