{"id":5778,"date":"2023-11-10T12:21:56","date_gmt":"2023-11-10T15:21:56","guid":{"rendered":"https:\/\/www.estudiotecno.com.ar\/tienda\/?post_type=product&#038;p=5778"},"modified":"2025-09-03T13:03:39","modified_gmt":"2025-09-03T16:03:39","slug":"ds-2ce70kf0t-pfs-camara-hikvision-color-vu-c-audio-5mp-domo-plastico","status":"publish","type":"product","link":"https:\/\/www.estudiotecno.com.ar\/tienda\/producto\/ds-2ce70kf0t-pfs-camara-hikvision-color-vu-c-audio-5mp-domo-plastico\/","title":{"rendered":"DS-2CE70KF0T-PFS | C\u00e1mara Hikvision Color Vu c\/ AUDIO 5mp. Domo plastico"},"content":{"rendered":"<h3>Descripci\u00f3n<\/h3>\n<p class=\"separador\"><span style=\"font-family: Arial, Verdana;\">C\u00e1mara Hikvision Color Vu c\/AUDIO5mp. Bullet pl\u00e1stico\u00a0.Lente fijo de 2,8mm.Iluminaci\u00f3n IR de hasta 20M .IP67<\/span><\/p>\n<p>&nbsp;<\/p>\n<h3>Caracter\u00edsticas<\/h3>\n<div class=\"tech-specs-items-wrap\">\n<div class=\"tech-specs-items-description-wrap\">\n<ul class=\"tech-specs-items-description\" data-target=\"Camera\">\n<li class=\"tech-specs-items-description-list\"><span class=\"tech-specs-items-description__title--heading\">C\u00e1mara<\/span><\/li>\n<li class=\"tech-specs-items-description-list\"><span class=\"tech-specs-items-description__title\">Sensor De Imagen<\/span><span class=\"tech-specs-items-description__title-details\">3K CMOS<\/span><\/li>\n<li class=\"tech-specs-items-description-list\"><span class=\"tech-specs-items-description__title\">Sistema De Se\u00f1al<\/span><span class=\"tech-specs-items-description__title-details\">PAL \/ NTSC<\/span><\/li>\n<li class=\"tech-specs-items-description-list\"><span class=\"tech-specs-items-description__title\">Resoluci\u00f3n<\/span><span class=\"tech-specs-items-description__title-details\">2960 (H) \u00d7 1665 (V)<\/span><\/li>\n<li class=\"tech-specs-items-description-list\"><span class=\"tech-specs-items-description__title\">Cuadros Por Segundo<\/span><span class=\"tech-specs-items-description__title-details\">TVI: 3K a 20 fps, 4 MP a 25 fps \/ 30 fps, 1080p a 25 fps \/ 30 fps AHD: 5 MP a 20 fps, 4 MP a 25 fps \/ 30 fps CVI: 4 MP a 25 fps \/ 30 fps CVBS: PAL \/ NTSC<\/span><\/li>\n<li class=\"tech-specs-items-description-list\"><span class=\"tech-specs-items-description__title\">Min.\u00a0Iluminaci\u00f3n<\/span><span class=\"tech-specs-items-description__title-details\">0.001 Lux @ (F1.0, AGC ON), 0 Lux con luz blanca<\/span><\/li>\n<li class=\"tech-specs-items-description-list\"><span class=\"tech-specs-items-description__title\">Tiempo De Obturaci\u00f3n<\/span><span class=\"tech-specs-items-description__title-details\">PAL: de 1\/25 sa 1 \/ 50.000 s; NTSC: de 1\/30 sa 1 \/ 50.000 s<\/span><\/li>\n<li class=\"tech-specs-items-description-list\"><span class=\"tech-specs-items-description__title\">Lente<\/span><span class=\"tech-specs-items-description__title-details\">Lente focal fija de 2,8 mm y 3,6 mm<\/span><\/li>\n<li class=\"tech-specs-items-description-list\"><span class=\"tech-specs-items-description__title\">Campo De Visi\u00f3n<\/span><span class=\"tech-specs-items-description__title-details\">2,8 mm, campo de visi\u00f3n horizontal: 102 \u00b0, campo de visi\u00f3n vertical: 56 \u00b0, campo de visi\u00f3n diagonal: 122 \u00b0 3,6 mm, campo de visi\u00f3n horizontal: 80 \u00b0, campo de visi\u00f3n vertical: 45 \u00b0, campo de visi\u00f3n diagonal: 96 \u00b0<\/span><\/li>\n<li class=\"tech-specs-items-description-list\"><span class=\"tech-specs-items-description__title\">Montura Del Lente<\/span><span class=\"tech-specs-items-description__title-details\">M12<\/span><\/li>\n<\/ul>\n<\/div>\n<\/div>\n","protected":false},"excerpt":{"rendered":"<p>Descripci\u00f3n C\u00e1mara Hikvision Color Vu c\/AUDIO5mp. Bullet pl\u00e1stico\u00a0.Lente fijo de 2,8mm.Iluminaci\u00f3n IR de hasta 20M .IP67 &nbsp; Caracter\u00edsticas C\u00e1mara Sensor De Imagen3K CMOS Sistema De Se\u00f1alPAL \/ NTSC Resoluci\u00f3n2960 (H) \u00d7 1665 (V) Cuadros Por SegundoTVI: 3K a 20 fps, 4 MP a 25 fps \/ 30 fps, 1080p a 25 fps \/ 30 fps [&hellip;]<\/p>\n","protected":false},"featured_media":5841,"comment_status":"closed","ping_status":"closed","template":"","meta":{"_acf_changed":false},"product_cat":[366,305,304,134,94],"product_tag":[],"acf":[],"aioseo_notices":[],"jetpack_sharing_enabled":true,"_links":{"self":[{"href":"https:\/\/www.estudiotecno.com.ar\/tienda\/wp-json\/wp\/v2\/product\/5778"}],"collection":[{"href":"https:\/\/www.estudiotecno.com.ar\/tienda\/wp-json\/wp\/v2\/product"}],"about":[{"href":"https:\/\/www.estudiotecno.com.ar\/tienda\/wp-json\/wp\/v2\/types\/product"}],"replies":[{"embeddable":true,"href":"https:\/\/www.estudiotecno.com.ar\/tienda\/wp-json\/wp\/v2\/comments?post=5778"}],"wp:featuredmedia":[{"embeddable":true,"href":"https:\/\/www.estudiotecno.com.ar\/tienda\/wp-json\/wp\/v2\/media\/5841"}],"wp:attachment":[{"href":"https:\/\/www.estudiotecno.com.ar\/tienda\/wp-json\/wp\/v2\/media?parent=5778"}],"wp:term":[{"taxonomy":"product_cat","embeddable":true,"href":"https:\/\/www.estudiotecno.com.ar\/tienda\/wp-json\/wp\/v2\/product_cat?post=5778"},{"taxonomy":"product_tag","embeddable":true,"href":"https:\/\/www.estudiotecno.com.ar\/tienda\/wp-json\/wp\/v2\/product_tag?post=5778"}],"curies":[{"name":"wp","href":"https:\/\/api.w.org\/{rel}","templated":true}]}}