{"id":5776,"date":"2023-11-10T12:15:38","date_gmt":"2023-11-10T15:15:38","guid":{"rendered":"https:\/\/www.estudiotecno.com.ar\/tienda\/?post_type=product&#038;p=5776"},"modified":"2025-09-03T13:03:38","modified_gmt":"2025-09-03T16:03:38","slug":"ds-2ce12kf0t-fs-camara-hikvision-color-vu-c-audio-5mp-bullet-metalica-40-mts","status":"publish","type":"product","link":"https:\/\/www.estudiotecno.com.ar\/tienda\/producto\/ds-2ce12kf0t-fs-camara-hikvision-color-vu-c-audio-5mp-bullet-metalica-40-mts\/","title":{"rendered":"DS-2CE12KF0T-FS C\u00e1mara Hikvision Color Vu c\/AUDIO 5mp. Bullet metalica 40 MTS"},"content":{"rendered":"<h3>Descripci\u00f3n<\/h3>\n<p class=\"separador\"><span style=\"font-family: Arial, Verdana;\">C\u00e1mara Hikvision Color Vu c\/AUDIO5mp. Bullet metalica.Lente fijo de 2,8mm.Iluminaci\u00f3n IR de hasta 40M .IP67<\/span><\/p>\n<p>&nbsp;<\/p>\n<h3>Caracter\u00edsticas<\/h3>\n<div class=\"tech-specs-accordion__footer\">\n<div class=\"tech-specs-accordion__footer--content\">\n<ul class=\"tech-specs-items-description\" data-target=\"Camera\">\n<li class=\"tech-specs-items-description-list\">C\u00e1mara<br \/>\nSensor De Imagen<br \/>\n3K CMOS<br \/>\nSistema De Se\u00f1al<br \/>\nPAL \/ NTSC<br \/>\nResoluci\u00f3n<br \/>\n2960 (H) \u00d7 1665 (V)<br \/>\nCuadros Por Segundo<br \/>\nTVI: 3K a 20 fps, 4 MP a 25 fps \/ 30 fps, 1080p a 25 fps \/ 30 fps AHD: 5 MP a 20 fps, 4 MP a 25 fps \/ 30 fps CVI: 4 MP a 25 fps \/ 30 fps CVBS: PAL \/ NTSC<br \/>\nMin. Iluminaci\u00f3n<br \/>\n0.001 Lux @ (F1.0, AGC ON), 0 Lux con luz blanca<br \/>\nTiempo De Obturaci\u00f3n<br \/>\nPAL: de 1\/25 sa 1 \/ 50.000 s; NTSC: de 1\/30 sa 1 \/ 50.000 s<br \/>\nLente<br \/>\nLente focal fija de 2,8 mm, 3,6 mm, 6 mm<br \/>\nCampo De Visi\u00f3n<br \/>\n2,8 mm, campo de visi\u00f3n horizontal: 102 \u00b0, campo de visi\u00f3n vertical: 56 \u00b0, campo de visi\u00f3n diagonal: 122 \u00b0 3,6 mm, campo de visi\u00f3n horizontal: 80 \u00b0, campo de visi\u00f3n vertical: 45 \u00b0, campo de visi\u00f3n diagonal: 96 \u00b0 6 mm, campo de visi\u00f3n horizontal: 56 \u00b0, vertical FOV: 30 \u00b0, FOV diagonal: 61 \u00b0<br \/>\nMontura Del Lente<br \/>\nM12<br \/>\nAlarma De Luz<br \/>\nAlarma de luz fija (luz blanca)<br \/>\nD\u00eda Y Noche<br \/>\nIm\u00e1genes en color 24 horas al d\u00eda, 7 d\u00edas a la semana<br \/>\nWDR (Amplio Rango Din\u00e1mico)<br \/>\nWDR digital<br \/>\nAjuste De \u00c1ngulo<br \/>\nPan: 0 \u00b0 a 360 \u00b0, Inclinaci\u00f3n: 0 \u00b0 a 180 \u00b0, Rotaci\u00f3n: 0 \u00b0 a 360 \u00b0<br \/>\nImagen<br \/>\nLuz Blanca<br \/>\nApagado autom\u00e1tico<br \/>\nModo De Imagen<br \/>\nSTD \/ HIGH-SAT \/ DESTACADO<br \/>\nAGC<br \/>\ns\u00ed<br \/>\nModo D\u00eda \/ Noche<br \/>\nColor<br \/>\nBalance De Blancos<br \/>\nAutom\u00e1tico \/ Exterior \/ Global \/ Manual<br \/>\nModo AE (Exposici\u00f3n Autom\u00e1tica)<br \/>\nBLC; HLC; Global; HLS; DWDR<br \/>\nReducci\u00f3n De Ruido<br \/>\nDNR 2D<br \/>\nIdioma<br \/>\ningl\u00e9s<br \/>\nFunci\u00f3n<br \/>\nCorrecci\u00f3n de p\u00edxeles defectuosa; Nitidez; Espejo; Contraste; Brillo; Anti-bandas; Luz inteligente<br \/>\nInterfaz<br \/>\nSalida De Video<br \/>\nTVI \/ AHD \/ CVI \/ CVBS conmutable<br \/>\nAudio En<br \/>\nMicr\u00f3fono incorporado<br \/>\nGeneral<br \/>\nCondiciones De Operaci\u00f3n<br \/>\n-40 \u00b0 C a 60 \u00b0 C (-40 \u00b0 F a 140 \u00b0 F), Humedad: 90% o menos (sin condensaci\u00f3n)<br \/>\nFuente De Alimentaci\u00f3n<br \/>\n12 VCC \u00b1 25%, * Se recomienda utilizar un adaptador de corriente para suministrar energ\u00eda a una c\u00e1mara.<br \/>\nConsumo<br \/>\nMax. 3,5 W<br \/>\nNivel De Protecci\u00f3n<br \/>\nIP67<br \/>\nMaterial<br \/>\nMetal<br \/>\nRango De Luz Blanca<br \/>\nHasta 40 m<br \/>\nComunicaci\u00f3n<br \/>\nHIKVISION-C<br \/>\nDimensi\u00f3n<br \/>\n194,2 mm \u00d7 78 mm \u00d7 74,5 mm (7,65 \u00ab\u00d7 3,07\u00bb \u00d7 2,93 \u00ab)<br \/>\nAprox. 522 g (1,51 libras)<\/li>\n<\/ul>\n<\/div>\n<\/div>\n","protected":false},"excerpt":{"rendered":"<p>Descripci\u00f3n C\u00e1mara Hikvision Color Vu c\/AUDIO5mp. Bullet metalica.Lente fijo de 2,8mm.Iluminaci\u00f3n IR de hasta 40M .IP67 &nbsp; Caracter\u00edsticas C\u00e1mara Sensor De Imagen 3K CMOS Sistema De Se\u00f1al PAL \/ NTSC Resoluci\u00f3n 2960 (H) \u00d7 1665 (V) Cuadros Por Segundo TVI: 3K a 20 fps, 4 MP a 25 fps \/ 30 fps, 1080p a 25 [&hellip;]<\/p>\n","protected":false},"featured_media":5840,"comment_status":"closed","ping_status":"closed","template":"","meta":{"_acf_changed":false},"product_cat":[366,305,304,134,94],"product_tag":[],"acf":[],"aioseo_notices":[],"jetpack_sharing_enabled":true,"_links":{"self":[{"href":"https:\/\/www.estudiotecno.com.ar\/tienda\/wp-json\/wp\/v2\/product\/5776"}],"collection":[{"href":"https:\/\/www.estudiotecno.com.ar\/tienda\/wp-json\/wp\/v2\/product"}],"about":[{"href":"https:\/\/www.estudiotecno.com.ar\/tienda\/wp-json\/wp\/v2\/types\/product"}],"replies":[{"embeddable":true,"href":"https:\/\/www.estudiotecno.com.ar\/tienda\/wp-json\/wp\/v2\/comments?post=5776"}],"wp:featuredmedia":[{"embeddable":true,"href":"https:\/\/www.estudiotecno.com.ar\/tienda\/wp-json\/wp\/v2\/media\/5840"}],"wp:attachment":[{"href":"https:\/\/www.estudiotecno.com.ar\/tienda\/wp-json\/wp\/v2\/media?parent=5776"}],"wp:term":[{"taxonomy":"product_cat","embeddable":true,"href":"https:\/\/www.estudiotecno.com.ar\/tienda\/wp-json\/wp\/v2\/product_cat?post=5776"},{"taxonomy":"product_tag","embeddable":true,"href":"https:\/\/www.estudiotecno.com.ar\/tienda\/wp-json\/wp\/v2\/product_tag?post=5776"}],"curies":[{"name":"wp","href":"https:\/\/api.w.org\/{rel}","templated":true}]}}