{"id":5774,"date":"2023-11-10T12:01:50","date_gmt":"2023-11-10T15:01:50","guid":{"rendered":"https:\/\/www.estudiotecno.com.ar\/tienda\/?post_type=product&#038;p=5774"},"modified":"2025-09-03T13:03:38","modified_gmt":"2025-09-03T16:03:38","slug":"ds-2ce10kf0t-fs-camara-hikvision-color-vu-c-audio-5mp-bullet-metalica-2-8mm","status":"publish","type":"product","link":"https:\/\/www.estudiotecno.com.ar\/tienda\/producto\/ds-2ce10kf0t-fs-camara-hikvision-color-vu-c-audio-5mp-bullet-metalica-2-8mm\/","title":{"rendered":"DS-2CE10KF0T-FS | C\u00e1mara Hikvision Color Vu c\/AUDIO 5mp. Bullet metalica. 2.8mm"},"content":{"rendered":"<h3>Descripci\u00f3n<\/h3>\n<p class=\"separador\"><span style=\"font-family: Arial, Verdana;\">C\u00e1mara Hikvision Color Vu c\/AUDIO5mp. Bullet metalica.Lente fijo de 2,8mm.Iluminaci\u00f3n IR de hasta 20M .IP67<\/span><\/p>\n<p>&nbsp;<\/p>\n<h3>Caracter\u00edsticas<\/h3>\n<div class=\"tech-specs-accordion__footer\">\n<div class=\"tech-specs-accordion__footer--content\">\n<ul class=\"tech-specs-items-description\" data-target=\"Camera\">\n<li class=\"tech-specs-items-description-list\"><span class=\"tech-specs-items-description__title--heading\">C\u00e1mara<\/span><\/li>\n<li class=\"tech-specs-items-description-list\"><span class=\"tech-specs-items-description__title\">Sensor De Imagen<\/span><span class=\"tech-specs-items-description__title-details\">3K CMOS<\/span><\/li>\n<li class=\"tech-specs-items-description-list\"><span class=\"tech-specs-items-description__title\">Sistema De Se\u00f1al<\/span><span class=\"tech-specs-items-description__title-details\">PAL \/ NTSC<\/span><\/li>\n<li class=\"tech-specs-items-description-list\"><span class=\"tech-specs-items-description__title\">Resoluci\u00f3n<\/span><span class=\"tech-specs-items-description__title-details\">2960 (H) \u00d7 1665 (V)<\/span><\/li>\n<li class=\"tech-specs-items-description-list\"><span class=\"tech-specs-items-description__title\">Cuadros Por Segundo<\/span><span class=\"tech-specs-items-description__title-details\">TVI: 3K a 20 fps, 4 MP a 25 fps \/ 30 fps, 1080p a 25 fps \/ 30 fps AHD: 5 MP a 20 fps, 4 MP a 25 fps \/ 30 fps CVI: 4 MP a 25 fps \/ 30 fps CVBS: PAL \/ NTSC<\/span><\/li>\n<li class=\"tech-specs-items-description-list\"><span class=\"tech-specs-items-description__title\">Min.\u00a0Iluminaci\u00f3n<\/span><span class=\"tech-specs-items-description__title-details\">0.001 Lux @ (F1.0, AGC ON), 0 Lux con luz blanca<\/span><\/li>\n<li class=\"tech-specs-items-description-list\"><span class=\"tech-specs-items-description__title\">Tiempo De Obturaci\u00f3n<\/span><span class=\"tech-specs-items-description__title-details\">PAL: de 1\/25 sa 1 \/ 50.000 s; NTSC: de 1\/30 sa 1 \/ 50.000 s<\/span><\/li>\n<li class=\"tech-specs-items-description-list\"><span class=\"tech-specs-items-description__title\">Lente<\/span><span class=\"tech-specs-items-description__title-details\">Lente focal fija de 2,8 mm y 3,6 mm<\/span><\/li>\n<li class=\"tech-specs-items-description-list\"><span class=\"tech-specs-items-description__title\">Campo De Visi\u00f3n<\/span><span class=\"tech-specs-items-description__title-details\">2,8 mm, campo de visi\u00f3n horizontal: 102 \u00b0, campo de visi\u00f3n vertical: 56 \u00b0, campo de visi\u00f3n diagonal: 122 \u00b0 3,6 mm, campo de visi\u00f3n horizontal: 80 \u00b0, campo de visi\u00f3n vertical: 45 \u00b0, campo de visi\u00f3n diagonal: 96 \u00b0<\/span><\/li>\n<li class=\"tech-specs-items-description-list\"><span class=\"tech-specs-items-description__title\">Montura Del Lente<\/span><span class=\"tech-specs-items-description__title-details\">M12<\/span><\/li>\n<li class=\"tech-specs-items-description-list\"><span class=\"tech-specs-items-description__title\">Alarma De Luz<\/span><span class=\"tech-specs-items-description__title-details\">Alarma de luz fija (luz blanca)<\/span><\/li>\n<li class=\"tech-specs-items-description-list\"><span class=\"tech-specs-items-description__title\">D\u00eda Y Noche<\/span><span class=\"tech-specs-items-description__title-details\">Im\u00e1genes en color 24 horas al d\u00eda, 7 d\u00edas a la semana<\/span><\/li>\n<li class=\"tech-specs-items-description-list\"><span class=\"tech-specs-items-description__title\">WDR (Amplio Rango Din\u00e1mico)<\/span><span class=\"tech-specs-items-description__title-details\">WDR digital<\/span><\/li>\n<li class=\"tech-specs-items-description-list\"><span class=\"tech-specs-items-description__title\">Ajuste De \u00c1ngulo<\/span><span class=\"tech-specs-items-description__title-details\">Panor\u00e1mica: 0 \u00b0 a 360 \u00b0, Inclinaci\u00f3n: 0 \u00b0 a 90 \u00b0, Rotaci\u00f3n: 0 \u00b0 a 360 \u00b0<\/span><\/li>\n<\/ul>\n<ul class=\"tech-specs-items-description\" data-target=\"Image\">\n<li class=\"tech-specs-items-description-list\"><span class=\"tech-specs-items-description__title--heading\">Imagen<\/span><\/li>\n<li class=\"tech-specs-items-description-list\"><span class=\"tech-specs-items-description__title\">Luz Blanca<\/span><span class=\"tech-specs-items-description__title-details\">Apagado autom\u00e1tico<\/span><\/li>\n<li class=\"tech-specs-items-description-list\"><span class=\"tech-specs-items-description__title\">Modo De Imagen<\/span><span class=\"tech-specs-items-description__title-details\">STD \/ HIGH-SAT \/ DESTACADO<\/span><\/li>\n<li class=\"tech-specs-items-description-list\"><span class=\"tech-specs-items-description__title\">AGC<\/span><span class=\"tech-specs-items-description__title-details\">s\u00ed<\/span><\/li>\n<li class=\"tech-specs-items-description-list\"><span class=\"tech-specs-items-description__title\">Modo D\u00eda \/ Noche<\/span><span class=\"tech-specs-items-description__title-details\">Color<\/span><\/li>\n<li class=\"tech-specs-items-description-list\"><span class=\"tech-specs-items-description__title\">Balance De Blancos<\/span><span class=\"tech-specs-items-description__title-details\">Autom\u00e1tico \/ Exterior \/ Global \/ Manual<\/span><\/li>\n<li class=\"tech-specs-items-description-list\"><span class=\"tech-specs-items-description__title\">Modo AE (Exposici\u00f3n Autom\u00e1tica)<\/span><span class=\"tech-specs-items-description__title-details\">BLC; HLC; Global; HLS; DWDR<\/span><\/li>\n<li class=\"tech-specs-items-description-list\"><span class=\"tech-specs-items-description__title\">Reducci\u00f3n De Ruido<\/span><span class=\"tech-specs-items-description__title-details\">DNR 2D<\/span><\/li>\n<li class=\"tech-specs-items-description-list\"><span class=\"tech-specs-items-description__title\">Idioma<\/span><span class=\"tech-specs-items-description__title-details\">ingl\u00e9s<\/span><\/li>\n<li class=\"tech-specs-items-description-list\"><span class=\"tech-specs-items-description__title\">Funci\u00f3n<\/span><span class=\"tech-specs-items-description__title-details\">Correcci\u00f3n de p\u00edxeles defectuosa; Nitidez; Espejo; Contraste; Brillo; Anti-bandas; Luz inteligente<\/span><\/li>\n<\/ul>\n<ul class=\"tech-specs-items-description\" data-target=\"Interface\">\n<li class=\"tech-specs-items-description-list\"><span class=\"tech-specs-items-description__title--heading\">Interfaz<\/span><\/li>\n<li class=\"tech-specs-items-description-list\"><span class=\"tech-specs-items-description__title\">Salida De Video<\/span><span class=\"tech-specs-items-description__title-details\">TVI \/ AHD \/ CVI \/ CVBS conmutable<\/span><\/li>\n<li class=\"tech-specs-items-description-list\"><span class=\"tech-specs-items-description__title\">Audio En<\/span><span class=\"tech-specs-items-description__title-details\">Micr\u00f3fono incorporado<\/span><\/li>\n<\/ul>\n<ul class=\"tech-specs-items-description\" data-target=\"General\">\n<li class=\"tech-specs-items-description-list\"><span class=\"tech-specs-items-description__title--heading\">General<\/span><\/li>\n<li class=\"tech-specs-items-description-list\"><span class=\"tech-specs-items-description__title\">Condiciones De Operaci\u00f3n<\/span><span class=\"tech-specs-items-description__title-details\">-40 \u00b0 C a 60 \u00b0 C (-40 \u00b0 F a 140 \u00b0 F), Humedad: 90% o menos (sin condensaci\u00f3n)<\/span><\/li>\n<li class=\"tech-specs-items-description-list\"><span class=\"tech-specs-items-description__title\">Fuente De Alimentaci\u00f3n<\/span><span class=\"tech-specs-items-description__title-details\">12 VCC \u00b1 25%, * Se recomienda utilizar un adaptador de corriente para suministrar energ\u00eda a una c\u00e1mara.<\/span><\/li>\n<li class=\"tech-specs-items-description-list\"><span class=\"tech-specs-items-description__title\">Consumo<\/span><span class=\"tech-specs-items-description__title-details\">Max.\u00a02,5 W<\/span><\/li>\n<li class=\"tech-specs-items-description-list\"><span class=\"tech-specs-items-description__title\">Nivel De Protecci\u00f3n<\/span><span class=\"tech-specs-items-description__title-details\">IP67<\/span><\/li>\n<li class=\"tech-specs-items-description-list\"><span class=\"tech-specs-items-description__title\">Material<\/span><span class=\"tech-specs-items-description__title-details\">El plastico<\/span><\/li>\n<li class=\"tech-specs-items-description-list\"><span class=\"tech-specs-items-description__title\">Rango De Luz Blanca<\/span><span class=\"tech-specs-items-description__title-details\">Hasta 20 m<\/span><\/li>\n<li class=\"tech-specs-items-description-list\"><span class=\"tech-specs-items-description__title\">Comunicaci\u00f3n<\/span><span class=\"tech-specs-items-description__title-details\">HIKVISION-C<\/span><\/li>\n<li class=\"tech-specs-items-description-list\"><span class=\"tech-specs-items-description__title\">Dimensi\u00f3n<\/span><span class=\"tech-specs-items-description__title-details\">161,1 mm \u00d7 70 mm \u00d7 70 mm (6,34 \u00ab\u00d7 2,76\u00bb \u00d7 2,76 \u00ab)<\/span><\/li>\n<\/ul>\n<\/div>\n<\/div>\n","protected":false},"excerpt":{"rendered":"<p>Descripci\u00f3n C\u00e1mara Hikvision Color Vu c\/AUDIO5mp. Bullet metalica.Lente fijo de 2,8mm.Iluminaci\u00f3n IR de hasta 20M .IP67 &nbsp; Caracter\u00edsticas C\u00e1mara Sensor De Imagen3K CMOS Sistema De Se\u00f1alPAL \/ NTSC Resoluci\u00f3n2960 (H) \u00d7 1665 (V) Cuadros Por SegundoTVI: 3K a 20 fps, 4 MP a 25 fps \/ 30 fps, 1080p a 25 fps \/ 30 fps [&hellip;]<\/p>\n","protected":false},"featured_media":5840,"comment_status":"closed","ping_status":"closed","template":"","meta":{"_acf_changed":false},"product_cat":[366,305,304,134,94],"product_tag":[],"acf":[],"aioseo_notices":[],"jetpack_sharing_enabled":true,"_links":{"self":[{"href":"https:\/\/www.estudiotecno.com.ar\/tienda\/wp-json\/wp\/v2\/product\/5774"}],"collection":[{"href":"https:\/\/www.estudiotecno.com.ar\/tienda\/wp-json\/wp\/v2\/product"}],"about":[{"href":"https:\/\/www.estudiotecno.com.ar\/tienda\/wp-json\/wp\/v2\/types\/product"}],"replies":[{"embeddable":true,"href":"https:\/\/www.estudiotecno.com.ar\/tienda\/wp-json\/wp\/v2\/comments?post=5774"}],"wp:featuredmedia":[{"embeddable":true,"href":"https:\/\/www.estudiotecno.com.ar\/tienda\/wp-json\/wp\/v2\/media\/5840"}],"wp:attachment":[{"href":"https:\/\/www.estudiotecno.com.ar\/tienda\/wp-json\/wp\/v2\/media?parent=5774"}],"wp:term":[{"taxonomy":"product_cat","embeddable":true,"href":"https:\/\/www.estudiotecno.com.ar\/tienda\/wp-json\/wp\/v2\/product_cat?post=5774"},{"taxonomy":"product_tag","embeddable":true,"href":"https:\/\/www.estudiotecno.com.ar\/tienda\/wp-json\/wp\/v2\/product_tag?post=5774"}],"curies":[{"name":"wp","href":"https:\/\/api.w.org\/{rel}","templated":true}]}}