{"id":5476,"date":"2023-09-11T13:11:10","date_gmt":"2023-09-11T16:11:10","guid":{"rendered":"https:\/\/www.estudiotecno.com.ar\/tienda\/?post_type=product&#038;p=5476"},"modified":"2025-11-27T15:57:24","modified_gmt":"2025-11-27T18:57:24","slug":"cs-bc2-camara-ip-ezviz-bullet-full-hd-2mpxwifi-a-bateria","status":"publish","type":"product","link":"https:\/\/www.estudiotecno.com.ar\/tienda\/producto\/cs-bc2-camara-ip-ezviz-bullet-full-hd-2mpxwifi-a-bateria\/","title":{"rendered":"CS-BC2 | CAMARA IP EZVIZ BULLET FULL HD 2MPX,WIFI A BATERIA"},"content":{"rendered":"<p>CAMARA IP EZVIZ BULLET FULL HD 2MPX,WIFI, BATERIA RECARGABLE 7800 mAh. VISION NOCTURNA\u00a0 HASTA 5M, AUDIO BIDIRECCIONAL . H.265. IP66<\/p>\n","protected":false},"excerpt":{"rendered":"<h3>Descripci\u00f3n<\/h3>\n<p style=\"font-weight: 400;\">CAMARA IP EZVIZ EXTERIOR\u00a0 WIFI (C8C 4MM)IP 65, 2MPX, MOVIMIENTO PANORAMICO HORIZONTAL \/ VERTICAL VISION NOCTURNA\u00a0 H265 COMPATIBLE TARJETA MICROSD HSDTS 256GB<\/p>\n<p>&nbsp;<\/p>\n<h3>Caracter\u00edsticas<\/h3>\n<p>C\u00e1mara CS-C8C WIFI, 1\/2.7\u2033 Progressive Scan CMOS lente de 4mm@ F2.0, view angle:80\u00b0 (Horizontal), 94\u00b0(Diagonal), 3D DNR WDR, Max. Resoluci\u00f3n 1920 \u00d7 1080, Smart H.265 \/ H.264, ranura para micro SD hasta 256GB, detecci\u00f3n de personas , alerta de \u00e1rea, E\/audio, IP65 12VDC.<\/p>\n<h3>Soporte<\/h3>\n<p style=\"font-weight: 400;\">1 A\u00d1OS DE GARANT\u00cdA en todos los productos EZVIZ, ofrecida por el fabricante, contra defectos de fabricaci\u00f3n y\/o vicios del material que afecten al normal funcionamiento del mismo.<\/p>\n","protected":false},"featured_media":5477,"comment_status":"closed","ping_status":"closed","template":"","meta":{"_acf_changed":false},"product_cat":[94],"product_tag":[],"acf":[],"aioseo_notices":[],"jetpack_sharing_enabled":true,"_links":{"self":[{"href":"https:\/\/www.estudiotecno.com.ar\/tienda\/wp-json\/wp\/v2\/product\/5476"}],"collection":[{"href":"https:\/\/www.estudiotecno.com.ar\/tienda\/wp-json\/wp\/v2\/product"}],"about":[{"href":"https:\/\/www.estudiotecno.com.ar\/tienda\/wp-json\/wp\/v2\/types\/product"}],"replies":[{"embeddable":true,"href":"https:\/\/www.estudiotecno.com.ar\/tienda\/wp-json\/wp\/v2\/comments?post=5476"}],"wp:featuredmedia":[{"embeddable":true,"href":"https:\/\/www.estudiotecno.com.ar\/tienda\/wp-json\/wp\/v2\/media\/5477"}],"wp:attachment":[{"href":"https:\/\/www.estudiotecno.com.ar\/tienda\/wp-json\/wp\/v2\/media?parent=5476"}],"wp:term":[{"taxonomy":"product_cat","embeddable":true,"href":"https:\/\/www.estudiotecno.com.ar\/tienda\/wp-json\/wp\/v2\/product_cat?post=5476"},{"taxonomy":"product_tag","embeddable":true,"href":"https:\/\/www.estudiotecno.com.ar\/tienda\/wp-json\/wp\/v2\/product_tag?post=5476"}],"curies":[{"name":"wp","href":"https:\/\/api.w.org\/{rel}","templated":true}]}}