{"id":5465,"date":"2023-08-26T09:59:18","date_gmt":"2023-08-26T12:59:18","guid":{"rendered":"https:\/\/www.estudiotecno.com.ar\/tienda\/?post_type=product&#038;p=5465"},"modified":"2025-09-03T13:03:29","modified_gmt":"2025-09-03T16:03:29","slug":"detector-infrarrojo-exterior-x-28-mx-52w-nuevo","status":"publish","type":"product","link":"https:\/\/www.estudiotecno.com.ar\/tienda\/producto\/detector-infrarrojo-exterior-x-28-mx-52w-nuevo\/","title":{"rendered":"Detector infrarrojo exterior X-28 MX 52W (NUEVO)"},"content":{"rendered":"<p>Detector infrarrojo exterior inal\u00e1mbrico. Doble sensor infrarrojo. Tecnolog\u00eda inal\u00e1mbrica. Totalmente resistente a la intemperie. Compensaci\u00f3n t\u00e9rmica inteligente. Led indicador de detecci\u00f3n y conteo de pulsos. Dispositivo antisabotaje. Montaje en superficies planas o esquinas. \u00c1ngulo de cobertura 90\u00b0. Apto mascotas grandes.<\/p>\n","protected":false},"excerpt":{"rendered":"<p>Detector infrarrojo exterior inal\u00e1mbrico. Doble sensor infrarrojo. Tecnolog\u00eda inal\u00e1mbrica. Totalmente resistente a la intemperie. Compensaci\u00f3n t\u00e9rmica inteligente. Led indicador de detecci\u00f3n y conteo de pulsos. Dispositivo antisabotaje. Montaje en superficies planas o esquinas. \u00c1ngulo de cobertura 90\u00b0. Apto mascotas grandes.<\/p>\n","protected":false},"featured_media":5318,"comment_status":"closed","ping_status":"closed","template":"","meta":{"_acf_changed":false},"product_cat":[313,94,252],"product_tag":[],"acf":[],"aioseo_notices":[],"jetpack_sharing_enabled":true,"_links":{"self":[{"href":"https:\/\/www.estudiotecno.com.ar\/tienda\/wp-json\/wp\/v2\/product\/5465"}],"collection":[{"href":"https:\/\/www.estudiotecno.com.ar\/tienda\/wp-json\/wp\/v2\/product"}],"about":[{"href":"https:\/\/www.estudiotecno.com.ar\/tienda\/wp-json\/wp\/v2\/types\/product"}],"replies":[{"embeddable":true,"href":"https:\/\/www.estudiotecno.com.ar\/tienda\/wp-json\/wp\/v2\/comments?post=5465"}],"wp:featuredmedia":[{"embeddable":true,"href":"https:\/\/www.estudiotecno.com.ar\/tienda\/wp-json\/wp\/v2\/media\/5318"}],"wp:attachment":[{"href":"https:\/\/www.estudiotecno.com.ar\/tienda\/wp-json\/wp\/v2\/media?parent=5465"}],"wp:term":[{"taxonomy":"product_cat","embeddable":true,"href":"https:\/\/www.estudiotecno.com.ar\/tienda\/wp-json\/wp\/v2\/product_cat?post=5465"},{"taxonomy":"product_tag","embeddable":true,"href":"https:\/\/www.estudiotecno.com.ar\/tienda\/wp-json\/wp\/v2\/product_tag?post=5465"}],"curies":[{"name":"wp","href":"https:\/\/api.w.org\/{rel}","templated":true}]}}