{"id":5458,"date":"2023-08-26T09:11:14","date_gmt":"2023-08-26T12:11:14","guid":{"rendered":"https:\/\/www.estudiotecno.com.ar\/tienda\/?post_type=product&#038;p=5458"},"modified":"2023-08-26T09:11:30","modified_gmt":"2023-08-26T12:11:30","slug":"detector-infrarrojo-con-luz-de-emergencia-x-28-md-96prl-mpxh-nuevo","status":"publish","type":"product","link":"https:\/\/www.estudiotecno.com.ar\/tienda\/producto\/detector-infrarrojo-con-luz-de-emergencia-x-28-md-96prl-mpxh-nuevo\/","title":{"rendered":"Detector infrarrojo con luz de emergencia X-28 MD 96PRL-MPXH (NUEVO)"},"content":{"rendered":"<p>Detector infrarrojo con luz de emergencia incorporada. Dise\u00f1ado para ambientes con mascotas. Procesador digital de se\u00f1ales (DMA). Compensaci\u00f3n t\u00e9rmica inteligente. Contador de pulsos programable de 1 a 9. Memoria independiente. Funcionamiento en combinaci\u00f3n entre dos o m\u00e1s detectores. Muy alta inmunidad a RF. Ajuste de ganancia programable. Cobertura 8&#215;8 metros. Programaci\u00f3n Soft. Prestaciones avanzadas. Base para montaje tipo r\u00f3tula.<\/p>\n","protected":false},"excerpt":{"rendered":"<p>Detector infrarrojo con luz de emergencia incorporada. Dise\u00f1ado para ambientes con mascotas. Procesador digital de se\u00f1ales (DMA). Compensaci\u00f3n t\u00e9rmica inteligente. Contador de pulsos programable de 1 a 9. Memoria independiente. Funcionamiento en combinaci\u00f3n entre dos o m\u00e1s detectores. Muy alta inmunidad a RF. Ajuste de ganancia programable. Cobertura 8&#215;8 metros. Programaci\u00f3n Soft. Prestaciones avanzadas. Base [&hellip;]<\/p>\n","protected":false},"featured_media":5310,"comment_status":"closed","ping_status":"closed","template":"","meta":{"_acf_changed":false},"product_cat":[313,94,252],"product_tag":[],"acf":[],"aioseo_notices":[],"jetpack_sharing_enabled":true,"_links":{"self":[{"href":"https:\/\/www.estudiotecno.com.ar\/tienda\/wp-json\/wp\/v2\/product\/5458"}],"collection":[{"href":"https:\/\/www.estudiotecno.com.ar\/tienda\/wp-json\/wp\/v2\/product"}],"about":[{"href":"https:\/\/www.estudiotecno.com.ar\/tienda\/wp-json\/wp\/v2\/types\/product"}],"replies":[{"embeddable":true,"href":"https:\/\/www.estudiotecno.com.ar\/tienda\/wp-json\/wp\/v2\/comments?post=5458"}],"wp:featuredmedia":[{"embeddable":true,"href":"https:\/\/www.estudiotecno.com.ar\/tienda\/wp-json\/wp\/v2\/media\/5310"}],"wp:attachment":[{"href":"https:\/\/www.estudiotecno.com.ar\/tienda\/wp-json\/wp\/v2\/media?parent=5458"}],"wp:term":[{"taxonomy":"product_cat","embeddable":true,"href":"https:\/\/www.estudiotecno.com.ar\/tienda\/wp-json\/wp\/v2\/product_cat?post=5458"},{"taxonomy":"product_tag","embeddable":true,"href":"https:\/\/www.estudiotecno.com.ar\/tienda\/wp-json\/wp\/v2\/product_tag?post=5458"}],"curies":[{"name":"wp","href":"https:\/\/api.w.org\/{rel}","templated":true}]}}