{"id":5446,"date":"2023-08-25T14:52:29","date_gmt":"2023-08-25T17:52:29","guid":{"rendered":"https:\/\/www.estudiotecno.com.ar\/tienda\/?post_type=product&#038;p=5446"},"modified":"2025-09-03T13:03:22","modified_gmt":"2025-09-03T16:03:22","slug":"ds-pha64-lp-wifi-central-ax-hybrida-pro-hikvision-8-zonas-cableadas-56-inalambricas","status":"publish","type":"product","link":"https:\/\/www.estudiotecno.com.ar\/tienda\/producto\/ds-pha64-lp-wifi-central-ax-hybrida-pro-hikvision-8-zonas-cableadas-56-inalambricas\/","title":{"rendered":"DS-PHA64-LP (WIFI) CENTRAL AX HYBRIDA PRO HIKVISION, 8 ZONAS CABLEADAS + 56 INALAMBRICAS"},"content":{"rendered":"<h2 class=\"prod_name\"><span class=\"prod_name-content\">Panel de control h\u00edbrido<\/span><\/h2>\n<ul class=\"product_description_item-list\">\n<li class=\" product_description_item\">Sistema h\u00edbrido: 8 zonas integradas y 40 zonas inal\u00e1mbricas<\/li>\n<li>CON WIFI<\/li>\n<li class=\" product_description_item\">SIN 3G<\/li>\n<li>SIN 4G<\/li>\n<li>SIN Placa receptora inal\u00e1mbrica<\/li>\n<\/ul>\n","protected":false},"excerpt":{"rendered":"<p>Panel de control h\u00edbrido Sistema h\u00edbrido: 8 zonas integradas y 40 zonas inal\u00e1mbricas CON WIFI SIN 3G SIN 4G SIN Placa receptora inal\u00e1mbrica<\/p>\n","protected":false},"featured_media":5377,"comment_status":"closed","ping_status":"closed","template":"","meta":{"_acf_changed":false},"product_cat":[313,134,343],"product_tag":[],"acf":[],"aioseo_notices":[],"jetpack_sharing_enabled":true,"_links":{"self":[{"href":"https:\/\/www.estudiotecno.com.ar\/tienda\/wp-json\/wp\/v2\/product\/5446"}],"collection":[{"href":"https:\/\/www.estudiotecno.com.ar\/tienda\/wp-json\/wp\/v2\/product"}],"about":[{"href":"https:\/\/www.estudiotecno.com.ar\/tienda\/wp-json\/wp\/v2\/types\/product"}],"replies":[{"embeddable":true,"href":"https:\/\/www.estudiotecno.com.ar\/tienda\/wp-json\/wp\/v2\/comments?post=5446"}],"wp:featuredmedia":[{"embeddable":true,"href":"https:\/\/www.estudiotecno.com.ar\/tienda\/wp-json\/wp\/v2\/media\/5377"}],"wp:attachment":[{"href":"https:\/\/www.estudiotecno.com.ar\/tienda\/wp-json\/wp\/v2\/media?parent=5446"}],"wp:term":[{"taxonomy":"product_cat","embeddable":true,"href":"https:\/\/www.estudiotecno.com.ar\/tienda\/wp-json\/wp\/v2\/product_cat?post=5446"},{"taxonomy":"product_tag","embeddable":true,"href":"https:\/\/www.estudiotecno.com.ar\/tienda\/wp-json\/wp\/v2\/product_tag?post=5446"}],"curies":[{"name":"wp","href":"https:\/\/api.w.org\/{rel}","templated":true}]}}