{"id":5440,"date":"2023-08-23T09:58:36","date_gmt":"2023-08-23T12:58:36","guid":{"rendered":"https:\/\/www.estudiotecno.com.ar\/tienda\/?post_type=product&#038;p=5440"},"modified":"2025-09-03T13:03:19","modified_gmt":"2025-09-03T16:03:19","slug":"ds-e04hghi-b-e-dvr-hikvision-4-canales-1-ip-1080lite","status":"publish","type":"product","link":"https:\/\/www.estudiotecno.com.ar\/tienda\/producto\/ds-e04hghi-b-e-dvr-hikvision-4-canales-1-ip-1080lite\/","title":{"rendered":"DS-E04HGHI-B | E-DVR HIKVISION 4 CANALES + 1 IP, 1080LITE"},"content":{"rendered":"<p><strong>Descripci\u00f3n<\/strong><br \/>\nDVR HIKVISION 4 CANALES + 1 IP, 1080LITE. GRABACI\u00d3N H.265 + ALMAC. INTERNO DE 300GB, CLASIFIC DE PERSONAS Y VEHICULOS<\/p>\n<p><strong>Caracter\u00edsticas<\/strong><br \/>\nCaracter\u00edsticas principales:<\/p>\n<p>Soporte de tecnolog\u00edas: HD-TVI \/ HD-CVI \/ AHD \/ Anal\u00f3gico (CVBS) \/ IP.<br \/>\nSoftware cliente iVMS-4200 (gratuito).<br \/>\nCompatible con Hik-Connect (P2P). (https:\/\/appstore.hikvision.com\/).<br \/>\nSoporta servicio Hik-connect Domain \/ DynDNS \/ NO-IP.<br \/>\nSoporta 4 canales TURBOHD \/ analogicos + 1 canal IP = 5 canales en total.<br \/>\nHD-TVI: 1080P Lite @ 30 IPS.<br \/>\nHD-CVI: 1080P Lite @ 30 IPS.<br \/>\nCVBS: WD1 @ 30 IPS.<br \/>\nAHD: 1080P Lite @ 30 IPS.<br \/>\nIP: 2 Megapixel (1080p).<br \/>\nH.265 Pro+ \/ H.265 Pro \/ H.265 \/ H.264+ \/ H.264.<br \/>\nInterfaces Entradas \/ Salidas:<br \/>\nSalida de video:<br \/>\nHDMI: 1080p \/ 720p.<br \/>\nVGA: 1080p \/ 720p.<br \/>\nEntrada audio RCA : N\/A.<br \/>\nEntradas de audio por coaxitron: 4<br \/>\nSalida audio: N\/A.<br \/>\nEntrada alarma: N\/A<br \/>\nSalida alarma: N\/A<br \/>\nInterfaz red: 1 puetos (RJ-45 10\/100 Mbps).<br \/>\nDisco duro: Incluye disco duro eSSD 300 GB ya instalado.<br \/>\nCaracter\u00edsticas F\u00edsicas y El\u00e9ctricas:<br \/>\nAlimentaci\u00f3n: 12 Vcc \/ 1 A.<br \/>\nConsumo de energ\u00eda: 5.4W.<br \/>\nTemperatura de operaci\u00f3n: -10 \u00baC hasta 45 \u00baC<br \/>\nDimensiones: 151 \u00d7 121 \u00d7 46 mm (W \u00d7 D \u00d7 H)<br \/>\nPeso: 0.5Kg.<br \/>\nGarantia: 2 a\u00f1os.<br \/>\nConsideraciones:<br \/>\nEl audio se recibe unicamente por la se\u00f1al TVI<br \/>\nCuenta con AcuSense para filtar humanos y vehiculos por detecci\u00f3n de movimiento (No cuenta con videoanaliticos como cruces de linea \/ entrada de area)<br \/>\nPara conectar los canales IP requiere utilizar un switch\/switch PoE (No Incluido)<br \/>\nNo soporta canal cero.<br \/>\nNo es compatible con control remoto<br \/>\nNo permite deshabilitar canales turboHD<\/p>\n<p><strong>Soporte<\/strong><br \/>\n3 A\u00d1OS DE GARANT\u00cdA en todos los productos Hikvision, ofrecida por el fabricante, contra defectos de fabricaci\u00f3n y\/o vicios del material que afecten al normal funcionamiento del mismo.<\/p>\n","protected":false},"excerpt":{"rendered":"<p>Descripci\u00f3n DVR HIKVISION 4 CANALES + 1 IP, 1080LITE. GRABACI\u00d3N H.265 + ALMAC. INTERNO DE 300GB, CLASIFIC DE PERSONAS Y VEHICULOS Caracter\u00edsticas Caracter\u00edsticas principales: Soporte de tecnolog\u00edas: HD-TVI \/ HD-CVI \/ AHD \/ Anal\u00f3gico (CVBS) \/ IP. Software cliente iVMS-4200 (gratuito). Compatible con Hik-Connect (P2P). (https:\/\/appstore.hikvision.com\/). Soporta servicio Hik-connect Domain \/ DynDNS \/ NO-IP. Soporta [&hellip;]<\/p>\n","protected":false},"featured_media":6850,"comment_status":"closed","ping_status":"closed","template":"","meta":{"_acf_changed":false},"product_cat":[134,94],"product_tag":[],"acf":[],"aioseo_notices":[],"jetpack_sharing_enabled":true,"_links":{"self":[{"href":"https:\/\/www.estudiotecno.com.ar\/tienda\/wp-json\/wp\/v2\/product\/5440"}],"collection":[{"href":"https:\/\/www.estudiotecno.com.ar\/tienda\/wp-json\/wp\/v2\/product"}],"about":[{"href":"https:\/\/www.estudiotecno.com.ar\/tienda\/wp-json\/wp\/v2\/types\/product"}],"replies":[{"embeddable":true,"href":"https:\/\/www.estudiotecno.com.ar\/tienda\/wp-json\/wp\/v2\/comments?post=5440"}],"wp:featuredmedia":[{"embeddable":true,"href":"https:\/\/www.estudiotecno.com.ar\/tienda\/wp-json\/wp\/v2\/media\/6850"}],"wp:attachment":[{"href":"https:\/\/www.estudiotecno.com.ar\/tienda\/wp-json\/wp\/v2\/media?parent=5440"}],"wp:term":[{"taxonomy":"product_cat","embeddable":true,"href":"https:\/\/www.estudiotecno.com.ar\/tienda\/wp-json\/wp\/v2\/product_cat?post=5440"},{"taxonomy":"product_tag","embeddable":true,"href":"https:\/\/www.estudiotecno.com.ar\/tienda\/wp-json\/wp\/v2\/product_tag?post=5440"}],"curies":[{"name":"wp","href":"https:\/\/api.w.org\/{rel}","templated":true}]}}