{"id":5395,"date":"2023-05-17T09:11:58","date_gmt":"2023-05-17T12:11:58","guid":{"rendered":"https:\/\/www.estudiotecno.com.ar\/tienda\/?post_type=product&#038;p=5395"},"modified":"2025-09-03T13:03:08","modified_gmt":"2025-09-03T16:03:08","slug":"ds-pdp15p-eg2-wb-detector-de-movimiento-inalambrico-axpro-interior","status":"publish","type":"product","link":"https:\/\/www.estudiotecno.com.ar\/tienda\/producto\/ds-pdp15p-eg2-wb-detector-de-movimiento-inalambrico-axpro-interior\/","title":{"rendered":"DS-PDP15P-EG2-WB | DETECTOR DE MOVIMIENTO INALAMBRICO AXPRO INTERIOR"},"content":{"rendered":"<p><span style=\"font-family: Arial, Verdana;\">DETECTOR DE MOVIMIENTO HIKVISION AXPRO INTERIOR, TECNOLOG\u00cdA INAL\u00c1MBRICA DE 2 V\u00cdAS, 15M DE ALCANCE EFECTIVO, ANTI MASCOTAS HASTA 30 KG, FRECUENCIA 433MHZ, CR123A X 2, 5 A\u00d1OS DE DURACI\u00d3N DE LA BATER\u00cdA.<\/span><\/p>\n","protected":false},"excerpt":{"rendered":"<p>DETECTOR DE MOVIMIENTO HIKVISION AXPRO INTERIOR, TECNOLOG\u00cdA INAL\u00c1MBRICA DE 2 V\u00cdAS, 15M DE ALCANCE EFECTIVO, ANTI MASCOTAS HASTA 30 KG, FRECUENCIA 433MHZ, CR123A X 2, 5 A\u00d1OS DE DURACI\u00d3N DE LA BATER\u00cdA.<\/p>\n","protected":false},"featured_media":5292,"comment_status":"closed","ping_status":"closed","template":"","meta":{"_acf_changed":false},"product_cat":[313,134,347],"product_tag":[],"acf":[],"aioseo_notices":[],"jetpack_sharing_enabled":true,"_links":{"self":[{"href":"https:\/\/www.estudiotecno.com.ar\/tienda\/wp-json\/wp\/v2\/product\/5395"}],"collection":[{"href":"https:\/\/www.estudiotecno.com.ar\/tienda\/wp-json\/wp\/v2\/product"}],"about":[{"href":"https:\/\/www.estudiotecno.com.ar\/tienda\/wp-json\/wp\/v2\/types\/product"}],"replies":[{"embeddable":true,"href":"https:\/\/www.estudiotecno.com.ar\/tienda\/wp-json\/wp\/v2\/comments?post=5395"}],"wp:featuredmedia":[{"embeddable":true,"href":"https:\/\/www.estudiotecno.com.ar\/tienda\/wp-json\/wp\/v2\/media\/5292"}],"wp:attachment":[{"href":"https:\/\/www.estudiotecno.com.ar\/tienda\/wp-json\/wp\/v2\/media?parent=5395"}],"wp:term":[{"taxonomy":"product_cat","embeddable":true,"href":"https:\/\/www.estudiotecno.com.ar\/tienda\/wp-json\/wp\/v2\/product_cat?post=5395"},{"taxonomy":"product_tag","embeddable":true,"href":"https:\/\/www.estudiotecno.com.ar\/tienda\/wp-json\/wp\/v2\/product_tag?post=5395"}],"curies":[{"name":"wp","href":"https:\/\/api.w.org\/{rel}","templated":true}]}}