{"id":5390,"date":"2023-05-17T08:56:13","date_gmt":"2023-05-17T11:56:13","guid":{"rendered":"https:\/\/www.estudiotecno.com.ar\/tienda\/?post_type=product&#038;p=5390"},"modified":"2025-09-03T13:03:04","modified_gmt":"2025-09-03T16:03:04","slug":"ds-pm2-sau-comunicador-3g-4g-hybrid-ax-pro","status":"publish","type":"product","link":"https:\/\/www.estudiotecno.com.ar\/tienda\/producto\/ds-pm2-sau-comunicador-3g-4g-hybrid-ax-pro\/","title":{"rendered":"DS-PM2-S(AU) | COMUNICADOR 3G\/4G HYBRID AX PRO"},"content":{"rendered":"<p>Comunicador 3G\/4G. Permite comunicaci\u00f3n del panel a Hik-Connect o a la central de monitoreo. Permite el Env\u00edo de SMS y Llamadas. Soporte a m\u00faltiples<br \/>\nRequiere una tarjeta SIM (no incluida). Permite al panel de alarma enviar SMS o realizar llamadas (require SIM de voz y datos). Dimensiones: 62.03 x 88.28 mm. Peso: 28 gramos. Temperatura de operaci\u00f3n: -10\u00b0C a 40\u00b0C. Compatible s\u00f3lo con paneles de alarma DSPHA48EP y DS-PHA64-LP.<\/p>\n","protected":false},"excerpt":{"rendered":"<p>Comunicador 3G\/4G. Permite comunicaci\u00f3n del panel a Hik-Connect o a la central de monitoreo. Permite el Env\u00edo de SMS y Llamadas. Soporte a m\u00faltiples Requiere una tarjeta SIM (no incluida). Permite al panel de alarma enviar SMS o realizar llamadas (require SIM de voz y datos). Dimensiones: 62.03 x 88.28 mm. Peso: 28 gramos. Temperatura [&hellip;]<\/p>\n","protected":false},"featured_media":5391,"comment_status":"closed","ping_status":"closed","template":"","meta":{"_acf_changed":false},"product_cat":[313,134,344],"product_tag":[],"acf":[],"aioseo_notices":[],"jetpack_sharing_enabled":true,"_links":{"self":[{"href":"https:\/\/www.estudiotecno.com.ar\/tienda\/wp-json\/wp\/v2\/product\/5390"}],"collection":[{"href":"https:\/\/www.estudiotecno.com.ar\/tienda\/wp-json\/wp\/v2\/product"}],"about":[{"href":"https:\/\/www.estudiotecno.com.ar\/tienda\/wp-json\/wp\/v2\/types\/product"}],"replies":[{"embeddable":true,"href":"https:\/\/www.estudiotecno.com.ar\/tienda\/wp-json\/wp\/v2\/comments?post=5390"}],"wp:featuredmedia":[{"embeddable":true,"href":"https:\/\/www.estudiotecno.com.ar\/tienda\/wp-json\/wp\/v2\/media\/5391"}],"wp:attachment":[{"href":"https:\/\/www.estudiotecno.com.ar\/tienda\/wp-json\/wp\/v2\/media?parent=5390"}],"wp:term":[{"taxonomy":"product_cat","embeddable":true,"href":"https:\/\/www.estudiotecno.com.ar\/tienda\/wp-json\/wp\/v2\/product_cat?post=5390"},{"taxonomy":"product_tag","embeddable":true,"href":"https:\/\/www.estudiotecno.com.ar\/tienda\/wp-json\/wp\/v2\/product_tag?post=5390"}],"curies":[{"name":"wp","href":"https:\/\/api.w.org\/{rel}","templated":true}]}}