{"id":4919,"date":"2022-11-14T17:12:15","date_gmt":"2022-11-14T20:12:15","guid":{"rendered":"https:\/\/www.estudiotecno.com.ar\/tienda\/?post_type=product&#038;p=4919"},"modified":"2025-09-03T13:03:17","modified_gmt":"2025-09-03T16:03:17","slug":"ids-7232hqhi-m2-s-e-dvr-turbo-4-0-acusense-32-ch-8-ip","status":"publish","type":"product","link":"https:\/\/www.estudiotecno.com.ar\/tienda\/producto\/ids-7232hqhi-m2-s-e-dvr-turbo-4-0-acusense-32-ch-8-ip\/","title":{"rendered":"iDS-7232HQHI-M2\/S E  | DVR TURBO 4.0 ACUSENSE 32 CH + 8 IP"},"content":{"rendered":"<h3 class=\"wp-block-heading\">Descripci\u00f3n<\/h3><p>DVR TURBO 4.0 ACUSENSE 32 CH + 8 IP. PENTAHIBRIDO H265 PRO +. SOPORTA 2 DISCOS HASTA 10TB. REDUCCION DE FALSAS ALARMAS. ENTRADA 5 SE\u00d1ALES (HDTVI \/ AHD \/ CVI \/ CVBS \/ IP)<\/p><h3 class=\"wp-block-heading\">Caracter\u00edsticas<\/h3><h3 class=\"wp-block-heading\">Soporte<\/h3><p>3 A\u00d1OS DE GARANT\u00cdA en todos los productos Hikvision, ofrecida por el fabricante, contra defectos de fabricaci\u00f3n y\/o vicios del material que afecten al normal funcionamiento del mismo.&nbsp;<\/p><p>Contamos con un departamento t\u00e9cnico, con stock permanente de repuestos, que le permitir\u00e1 contar con un servicio en caso de necesidad de reparaci\u00f3n del producto. Para m\u00e1s informaci\u00f3n dir\u00edjase a la secci\u00f3n Soporte T\u00e9cnico.&nbsp; &nbsp;<\/p>","protected":false},"excerpt":{"rendered":"<p>Descripci\u00f3n DVR TURBO 4.0 ACUSENSE 32 CH + 8 IP. PENTAHIBRIDO H265 PRO +. SOPORTA 2 DISCOS HASTA 10TB. REDUCCION DE FALSAS ALARMAS. ENTRADA 5 SE\u00d1ALES (HDTVI \/ AHD \/ CVI \/ CVBS \/ IP) Caracter\u00edsticas Soporte 3 A\u00d1OS DE GARANT\u00cdA en todos los productos Hikvision, ofrecida por el fabricante, contra defectos de fabricaci\u00f3n y\/o [&hellip;]<\/p>\n","protected":false},"featured_media":6847,"comment_status":"closed","ping_status":"closed","template":"","meta":{"_acf_changed":false},"product_cat":[359],"product_tag":[],"acf":[],"aioseo_notices":[],"jetpack_sharing_enabled":true,"_links":{"self":[{"href":"https:\/\/www.estudiotecno.com.ar\/tienda\/wp-json\/wp\/v2\/product\/4919"}],"collection":[{"href":"https:\/\/www.estudiotecno.com.ar\/tienda\/wp-json\/wp\/v2\/product"}],"about":[{"href":"https:\/\/www.estudiotecno.com.ar\/tienda\/wp-json\/wp\/v2\/types\/product"}],"replies":[{"embeddable":true,"href":"https:\/\/www.estudiotecno.com.ar\/tienda\/wp-json\/wp\/v2\/comments?post=4919"}],"wp:featuredmedia":[{"embeddable":true,"href":"https:\/\/www.estudiotecno.com.ar\/tienda\/wp-json\/wp\/v2\/media\/6847"}],"wp:attachment":[{"href":"https:\/\/www.estudiotecno.com.ar\/tienda\/wp-json\/wp\/v2\/media?parent=4919"}],"wp:term":[{"taxonomy":"product_cat","embeddable":true,"href":"https:\/\/www.estudiotecno.com.ar\/tienda\/wp-json\/wp\/v2\/product_cat?post=4919"},{"taxonomy":"product_tag","embeddable":true,"href":"https:\/\/www.estudiotecno.com.ar\/tienda\/wp-json\/wp\/v2\/product_tag?post=4919"}],"curies":[{"name":"wp","href":"https:\/\/api.w.org\/{rel}","templated":true}]}}