{"id":4909,"date":"2022-11-10T10:09:58","date_gmt":"2022-11-10T13:09:58","guid":{"rendered":"https:\/\/www.estudiotecno.com.ar\/tienda\/?post_type=product&#038;p=4909"},"modified":"2022-11-10T10:09:59","modified_gmt":"2022-11-10T13:09:59","slug":"mic-dl01-microfono-ambiental-miniatura-apto-p-montaje-oculto","status":"publish","type":"product","link":"https:\/\/www.estudiotecno.com.ar\/tienda\/producto\/mic-dl01-microfono-ambiental-miniatura-apto-p-montaje-oculto\/","title":{"rendered":"MIC-DL01 | Micr\u00f3fono Ambiental miniatura apto p\/montaje oculto"},"content":{"rendered":"<h3 class=\"wp-block-heading\">Descripci\u00f3n<\/h3><p>Micr\u00f3fono omnidireccional miniatura apto p\/ montaje oculto, alta sensibilidad, incluye DSP y AGC. Alimentaci\u00f3n 9 a 12 VCC, 25 mA, con ficha RCA y ficha 12 V<\/p><h3 class=\"wp-block-heading\">Caracter\u00edsticas<\/h3><p>Micr\u00f3fono omnidireccional miniatura apto p\/ montaje oculto, alta sensibilidad, incluye DSP y AGC. Alimentaci\u00f3n 9 a 12 VCC, 25 mA, con ficha RCA y ficha 12 V<\/p><h3 class=\"wp-block-heading\">Soporte<\/h3><p>1 MESES DE GARANT\u00cdA&nbsp;ofrecida por el fabricante, contra defectos de fabricaci\u00f3n y\/o vicios del material que afecten al normal funcionamiento del mismo.<\/p>","protected":false},"excerpt":{"rendered":"<p>Descripci\u00f3n Micr\u00f3fono omnidireccional miniatura apto p\/ montaje oculto, alta sensibilidad, incluye DSP y AGC. Alimentaci\u00f3n 9 a 12 VCC, 25 mA, con ficha RCA y ficha 12 V Caracter\u00edsticas Micr\u00f3fono omnidireccional miniatura apto p\/ montaje oculto, alta sensibilidad, incluye DSP y AGC. Alimentaci\u00f3n 9 a 12 VCC, 25 mA, con ficha RCA y ficha 12 [&hellip;]<\/p>\n","protected":false},"featured_media":4910,"comment_status":"closed","ping_status":"closed","template":"","meta":{"_acf_changed":false},"product_cat":[299],"product_tag":[],"acf":[],"aioseo_notices":[],"jetpack_sharing_enabled":true,"_links":{"self":[{"href":"https:\/\/www.estudiotecno.com.ar\/tienda\/wp-json\/wp\/v2\/product\/4909"}],"collection":[{"href":"https:\/\/www.estudiotecno.com.ar\/tienda\/wp-json\/wp\/v2\/product"}],"about":[{"href":"https:\/\/www.estudiotecno.com.ar\/tienda\/wp-json\/wp\/v2\/types\/product"}],"replies":[{"embeddable":true,"href":"https:\/\/www.estudiotecno.com.ar\/tienda\/wp-json\/wp\/v2\/comments?post=4909"}],"wp:featuredmedia":[{"embeddable":true,"href":"https:\/\/www.estudiotecno.com.ar\/tienda\/wp-json\/wp\/v2\/media\/4910"}],"wp:attachment":[{"href":"https:\/\/www.estudiotecno.com.ar\/tienda\/wp-json\/wp\/v2\/media?parent=4909"}],"wp:term":[{"taxonomy":"product_cat","embeddable":true,"href":"https:\/\/www.estudiotecno.com.ar\/tienda\/wp-json\/wp\/v2\/product_cat?post=4909"},{"taxonomy":"product_tag","embeddable":true,"href":"https:\/\/www.estudiotecno.com.ar\/tienda\/wp-json\/wp\/v2\/product_tag?post=4909"}],"curies":[{"name":"wp","href":"https:\/\/api.w.org\/{rel}","templated":true}]}}