{"id":4905,"date":"2022-11-09T11:11:23","date_gmt":"2022-11-09T14:11:23","guid":{"rendered":"https:\/\/www.estudiotecno.com.ar\/tienda\/?post_type=product&#038;p=4905"},"modified":"2025-09-03T13:03:17","modified_gmt":"2025-09-03T16:03:17","slug":"ds-7616ni-q1-nvr-16-canales-linea-q1-grabacion-h265-grabacion-hasta-8-mp","status":"publish","type":"product","link":"https:\/\/www.estudiotecno.com.ar\/tienda\/producto\/ds-7616ni-q1-nvr-16-canales-linea-q1-grabacion-h265-grabacion-hasta-8-mp\/","title":{"rendered":"DS-7616NI-Q1 | NVR 16 canales. L\u00ednea Q1. Grabaci\u00f3n H265+. Grabaci\u00f3n hasta 8 MP"},"content":{"rendered":"<h3 class=\"wp-block-heading\">Descripci\u00f3n<\/h3><p>NVR DE 16 CANALES PARA GRABACI\u00d3N DE C\u00c1MARAS IP. ANCHO DE BANDA DE ENTRADA DE 160 MBPS. HASTA 128 CONEXIONES REMOTAS. SALIDA DE VIDEO HDMI Y VGA SIMULTANEA HASTA 1920X1080P DE RESOLUCI\u00d3N M\u00c1XIMA. SUPPORT H.265+\/H.265\/H.264+\/H.264\/MPEG4 VIDEO FORMATS. SALIDA DE AUDIO RCA. SOPORTA&nbsp; 1&nbsp; HDD DE HASTA 6 TB C\/U. 1 PUERTO ETHERNET RJ-45 10\/100\/1000 MBPS. 1 PUERTO USB 2.0. 1 PUERTO USB 3.0. ALIMENTACI\u00d3N 12V DC. RECORDING RESOLUTION: 8MP\/6MP\/5MP\/4MP\/3MP\/1080p\/UXGA\/720p\/VGA\/4CIF\/DCIF\/2CIF\/CIF\/QCIF<\/p><h3 class=\"wp-block-heading\">Caracter\u00edsticas<\/h3><h3 class=\"wp-block-heading\">Soporte<\/h3><p>3 A\u00d1OS DE GARANT\u00cdA en todos los productos Hikvision, ofrecida por el fabricante, contra defectos de fabricaci\u00f3n y\/o vicios del material que afecten al normal funcionamiento del mismo.<\/p>","protected":false},"excerpt":{"rendered":"<p>Descripci\u00f3n NVR DE 16 CANALES PARA GRABACI\u00d3N DE C\u00c1MARAS IP. ANCHO DE BANDA DE ENTRADA DE 160 MBPS. HASTA 128 CONEXIONES REMOTAS. SALIDA DE VIDEO HDMI Y VGA SIMULTANEA HASTA 1920X1080P DE RESOLUCI\u00d3N M\u00c1XIMA. SUPPORT H.265+\/H.265\/H.264+\/H.264\/MPEG4 VIDEO FORMATS. SALIDA DE AUDIO RCA. SOPORTA&nbsp; 1&nbsp; HDD DE HASTA 6 TB C\/U. 1 PUERTO ETHERNET RJ-45 10\/100\/1000 [&hellip;]<\/p>\n","protected":false},"featured_media":4906,"comment_status":"closed","ping_status":"closed","template":"","meta":{"_acf_changed":false},"product_cat":[299],"product_tag":[],"acf":[],"aioseo_notices":[],"jetpack_sharing_enabled":true,"_links":{"self":[{"href":"https:\/\/www.estudiotecno.com.ar\/tienda\/wp-json\/wp\/v2\/product\/4905"}],"collection":[{"href":"https:\/\/www.estudiotecno.com.ar\/tienda\/wp-json\/wp\/v2\/product"}],"about":[{"href":"https:\/\/www.estudiotecno.com.ar\/tienda\/wp-json\/wp\/v2\/types\/product"}],"replies":[{"embeddable":true,"href":"https:\/\/www.estudiotecno.com.ar\/tienda\/wp-json\/wp\/v2\/comments?post=4905"}],"wp:featuredmedia":[{"embeddable":true,"href":"https:\/\/www.estudiotecno.com.ar\/tienda\/wp-json\/wp\/v2\/media\/4906"}],"wp:attachment":[{"href":"https:\/\/www.estudiotecno.com.ar\/tienda\/wp-json\/wp\/v2\/media?parent=4905"}],"wp:term":[{"taxonomy":"product_cat","embeddable":true,"href":"https:\/\/www.estudiotecno.com.ar\/tienda\/wp-json\/wp\/v2\/product_cat?post=4905"},{"taxonomy":"product_tag","embeddable":true,"href":"https:\/\/www.estudiotecno.com.ar\/tienda\/wp-json\/wp\/v2\/product_tag?post=4905"}],"curies":[{"name":"wp","href":"https:\/\/api.w.org\/{rel}","templated":true}]}}