{"id":4863,"date":"2022-10-19T19:16:39","date_gmt":"2022-10-19T22:16:39","guid":{"rendered":"https:\/\/www.estudiotecno.com.ar\/tienda\/?post_type=product&#038;p=4863"},"modified":"2025-09-03T13:03:57","modified_gmt":"2025-09-03T16:03:57","slug":"ds-7208hghi-m1-dvr-hikvision-8-canales-2ip-1080-lite","status":"publish","type":"product","link":"https:\/\/www.estudiotecno.com.ar\/tienda\/producto\/ds-7208hghi-m1-dvr-hikvision-8-canales-2ip-1080-lite\/","title":{"rendered":"DS-7208HGHI-M1 | DVR HIKVISION 8 CANALES + 2IP, 1080 LITE"},"content":{"rendered":"","protected":false},"excerpt":{"rendered":"<h3>Descripci\u00f3n<\/h3>\n<p style=\"font-weight: 400;\">DVR HIKVISION 8 CANALES + 2 IP, 1080LITE. GRABACI\u00d3N H.265 +. 1 DISCO HASTA 6TB, 1 AUDIO<\/p>\n<p>&nbsp;<\/p>\n<h3>Caracter\u00edsticas<\/h3>\n<p style=\"font-weight: 400;\"><b>Video\/Audio Input<\/b><br \/>\n&#8211; Audio Input: 1-ch<br \/>\n&#8211; Video Compression: H.264,H.264+<br \/>\n&#8211; Analog and HD-TVI video input: 8-ch BNC interface (1.0Vp-p, 75 \u03a9)<br \/>\n&#8211; Supported camera types: Support HDTVI input: 1080P\/25Hz, 1080P\/30Hz, 720P\/25Hz, 720P\/30Hz,<br \/>\nSupport AHD input: 720P\/25Hz, 720P\/30Hz,<br \/>\nsupport CVBS input<br \/>\n&#8211; IP Video Input: 2-ch Up to 2MP resolution<br \/>\n&#8211; Video Input Interface: BNC (1.0 Vp-p, 75\u03a9)<br \/>\n&#8211; Audio Compression: G.711u<br \/>\n&#8211; Audio Input Interface: RCA (2.0 Vp-p, 1 k\u03a9)<br \/>\n&#8211; Two-way Audio: 1-ch, RCA (2.0 Vp-p, 1 K\u03a9) (using audio input)<br \/>\n<b>Video\/Audio Output<\/b><br \/>\n&#8211; HDMI\/VGA Output: 1920 \u00d7 1080 \/ 60 Hz,1280 \u00d7 1024 \/ 60 Hz, 1280 \u00d7 720 \/ 60 Hz, 1024 \u00d7 768 \/ 60 Hz<br \/>\n&#8211; Recording resolution: When 1080p Lite mode not enabled: 720p\/WD1\/4CIF\/VGA\/CIF;<br \/>\nWhen 1080p Lite mode enabled: 1080p lite\/720p\/WD1\/4CIF\/VGA\/CIF<br \/>\n&#8211; Frame Rate: Main stream:<br \/>\nWhen 1080p Lite mode not enabled:<br \/>\nFor 720p stream access: 720p\/WD1\/4CIF\/VGA\/CIF@25fps (P)\/30fps (N)<br \/>\nWhen 1080p Lite mode enabled:<br \/>\n1080p lite\/720p\/WD1\/4CIF\/VGA\/CIF@25fps (P)\/30fps (N)<br \/>\nVideo Bit Rate: | 32 Kbps ~ 4 Mbps<br \/>\nStream Type: | Video\/Video&amp;Audio<br \/>\nAudio Output: | 1-ch RCA(Linear, 1k\u03a9)<br \/>\nAudio Bit Rate: | 64kbps<br \/>\nDual Stream: | Support<br \/>\nPlayback Resolution: | 1080p lite\/720p\/WD1\/4CIF\/VGA\/CIF<br \/>\nSynchronous Playback: | 8-ch<br \/>\nNetwork management<br \/>\nRemote connections: | 128<br \/>\nNetwork protocols: | TCP\/IP, PPPoE, DHCP, Hik Cloud P2P, DNS, DDNS, NTP, SADP, SMTP, NFS, iSCSI, UPnP\u0099, HTTPS<br \/>\nHard Disk Driver<br \/>\nInterface Type: | 1 SATA Interface<br \/>\nCapacity: | Up to 6 TB capacity for each disk<br \/>\nExternal Interface<br \/>\nNetwork Interface: | 1; 10M \/ 100M self-adaptive Ethernet interface<br \/>\nUSB Interface: | 2 USB 2.0 Interfaces<br \/>\nGeneral<br \/>\nPower Supply: | 12V DC<br \/>\nConsumption: | \u2264 12W(without hard disks)<br \/>\nWorking Temperature: | -10 \u00baC ~+55 \u00baC (14 \u00baF ~ 131 \u00baF)<br \/>\nWorking Humidity: | 10% ~ 90%<br \/>\nChassis: | 1U chassis<br \/>\nDimensions: | 260 \u00d7 222 \u00d7 45mm (10.2 \u00d7 8.7 \u00d7 1.8 inch)<br \/>\nWeight: | \u2264 1 Kg (2.2 lb) (without hard disks)<\/p>\n<p>&nbsp;<\/p>\n<h3>Soporte<\/h3>\n<p style=\"font-weight: 400;\">3 A\u00d1OS DE GARANT\u00cdA en todos los productos Hikvision, ofrecida por el fabricante, contra defectos de fabricaci\u00f3n y\/o vicios del material que afecten al normal funcionamiento del mismo.<\/p>\n","protected":false},"featured_media":6853,"comment_status":"closed","ping_status":"closed","template":"","meta":{"_acf_changed":false},"product_cat":[299,359],"product_tag":[],"acf":[],"aioseo_notices":[],"jetpack_sharing_enabled":true,"_links":{"self":[{"href":"https:\/\/www.estudiotecno.com.ar\/tienda\/wp-json\/wp\/v2\/product\/4863"}],"collection":[{"href":"https:\/\/www.estudiotecno.com.ar\/tienda\/wp-json\/wp\/v2\/product"}],"about":[{"href":"https:\/\/www.estudiotecno.com.ar\/tienda\/wp-json\/wp\/v2\/types\/product"}],"replies":[{"embeddable":true,"href":"https:\/\/www.estudiotecno.com.ar\/tienda\/wp-json\/wp\/v2\/comments?post=4863"}],"wp:featuredmedia":[{"embeddable":true,"href":"https:\/\/www.estudiotecno.com.ar\/tienda\/wp-json\/wp\/v2\/media\/6853"}],"wp:attachment":[{"href":"https:\/\/www.estudiotecno.com.ar\/tienda\/wp-json\/wp\/v2\/media?parent=4863"}],"wp:term":[{"taxonomy":"product_cat","embeddable":true,"href":"https:\/\/www.estudiotecno.com.ar\/tienda\/wp-json\/wp\/v2\/product_cat?post=4863"},{"taxonomy":"product_tag","embeddable":true,"href":"https:\/\/www.estudiotecno.com.ar\/tienda\/wp-json\/wp\/v2\/product_tag?post=4863"}],"curies":[{"name":"wp","href":"https:\/\/api.w.org\/{rel}","templated":true}]}}