{"id":4818,"date":"2022-10-13T18:11:41","date_gmt":"2022-10-13T21:11:41","guid":{"rendered":"https:\/\/www.estudiotecno.com.ar\/tienda\/?post_type=product&#038;p=4818"},"modified":"2022-10-13T18:11:42","modified_gmt":"2022-10-13T21:11:42","slug":"cargador-inalambrico-qi-suono-5-w","status":"publish","type":"product","link":"https:\/\/www.estudiotecno.com.ar\/tienda\/producto\/cargador-inalambrico-qi-suono-5-w\/","title":{"rendered":"CARGADOR INALAMBRICO QI SUONO 5 W"},"content":{"rendered":"","protected":false},"excerpt":{"rendered":"<div id=\"tab-label-description\" class=\"data item title active\" tabindex=\"0\" role=\"tab\" aria-labeledby=\"tab-label-description-title\" data-role=\"collapsible\" data-collapsible=\"true\" aria-controls=\"description\" aria-selected=\"false\" aria-expanded=\"true\"><a id=\"tab-label-description-title\" class=\"data switch\" tabindex=\"-1\" href=\"https:\/\/www.suono.com.ar\/cargador-inalambrico-qi-universal-5-w.html#description\" data-toggle=\"switch\">DETALLES<\/a><\/div>\n<div id=\"description\" class=\"data item content\" role=\"tabpanel\" data-role=\"content\" aria-labelledby=\"tab-label-description\" aria-hidden=\"false\">\n<div class=\"panel-toggle-wrap applied content-open\">\n<div class=\"content-outer\">\n<div class=\"content-inner\">\n<div class=\"product attribute description\">\n<div class=\"value\">\n<p>Cargador Inal\u00e1mbrico Qi<br \/>\nIdeal para cargar tu celular sin necesidad de cables,lo apoyas en la base y ya esta cargando. Cuenta con LED indicador.<\/p>\n<p>CARGA SOLO CON TELEFONOS COMPATIBLES CON ESTA TECNOLOGIA.<\/p>\n<p>\u2022 ENTRADA 5V 2A<br \/>\n\u2022 SALIDA 5V 1A<\/p>\n<p>Incluye :<\/p>\n<p>\u2022 Base cargadora<br \/>\n\u2022 Cable usb<\/p>\n<p>El cargador es s\u00f3lo compatible para celulares con carga inal\u00e1mbrica. Para saber si tu celular tiene carga inal\u00e1mbrica puedes descargar la app Wireless Charging Checker para verificar. Tambi\u00e9n puedes hacerlo desde la configuraci\u00f3n de tu celular, opci\u00f3n Almacenamiento Bater\u00eda y verificar si tienes la opci\u00f3n Activar Carga Bater\u00eda sin Cables.<\/p>\n<p>Modelos compatibles:<\/p>\n<p>-iPhone: iPhone 8, iPhone 8 Plus, iPhone SE (2.\u00aa generaci\u00f3n), iPhone 11, iPhone 11 Pro, iPhone 11 Pro Max, iPhone 12, iPhone 12 Mini, iPhone 12 Pro, iPhone 12 Pro Max, iPhone XS, iPhone XR, iPhone XS Max, iPhone 13, iPhone 13 MINI, iPhone 13 Pro, iPhone 13 Pro max.<\/p>\n<p>-Google: Pixel 5, Pixel Buds, Pixel 4 XL, Pixel 4, Pixel 3XL, Pixel 3, Pixel 3 XL, juice pack for Google Pixel XL<\/p>\n<p>-Huawei: HUAWEI Mate 40 Pro, HUAWEI Mate 40, HUAWEI Mate 40 Pro+, HUAWEI MatePad Pro, Wireless Charging Case, HUAWEI P40 Pro, HUAWEI P40 Pro+, FreeBuds 3, HUAWEI Mate 30 Pro 5G, HUAWEI Mate 30 Pro, HUAWEI Mate 30 5G, HUAWEI Mate 30, HUAWEI Mate 30 RS, HUAWEI Mate 20 Pro, HUAWEI P30 Pro, HUAWEI Mate 20 Pro \/ PORSCHE DESIGN | HUAWEI Mate 20 RS, HUAWEI Mate 20 RS, HUAWEI Mate 20 Pro \/ HUAWEI Mate 20 Pro (UD), HUAWEI Mate 20 Pro (UD), PORSCHE DESIGN HUAWEI Mate RS<\/p>\n<p>-LG: LG Smart Phone(LM-G910N), LG Smart Phone(LM-V600L), LG Smart Phone(LM-F100EMW), LG Smart Phone(LM-F100EM), LG Smart Phone(LM-F100FMW), LG Smart Phone(LM-F100N), LG Smart Phone(LM-F100VM), LG Smart Phone(LM-F100TM), LG Smart Phone(L-52A), LG Smart Phone(LM-G900TM), VELVET, LG Smart Phone(LM-G900N), LG Smart Phone(LM-V600TM), LG Smart Phone(LM-G850UM), LG Smart Phone(LM-G810EAW), LG Smart Phone(LM-V450PM), LG Smart Phone(LM-G820TM), LG Smart Phone(LM-V405TA), LG Smart Phone(LM-V350TM), LG Smart Phone(LM-G710TMP,LM-G710TMR), LGM-V300L(SMART PHONE), LG-H932(Smart phone), G6.<\/p>\n<p>-Motorola: Motorola edge+<\/p>\n<p>-Samsung: Samsung Galaxy Z Fold 3, Samsung Galaxy Z Fold 2, Samsung Galaxy Z Flip 3, Samsung Galaxy Z Flip, Samsung Galaxy Z Flip, Samsung Galaxy S21, Samsung Galaxy S21+, Samsung Galaxy S21 Ultra 5G, Samsung Galaxy Note 20, Samsung Galaxy Note 20, Samsung Galaxy Note 20 Ultra, Samsung Galaxy S20 FE, Samsung Galaxy S20 FE, Samsung Galaxy S20, Samsung Galaxy S20, Samsung Galaxy S20+, Samsung Galaxy S20+, Samsung Galaxy S20 Ultra, Samsung Galaxy S10e, Samsung Galaxy S10 5G, Samsung Galaxy S10+, Samsung Galaxy Note 10, Samsung Galaxy Note 10+, Galaxy S Lite, Galaxy S9, Galaxy S9+, Samsung Galaxy Note 8, Galaxy Note8, Galaxy S8 Active, Galaxy S7, Galaxy S8+, Samsung Galaxy S8+, Samsung Galaxy S8, Galaxy S8, Galaxy S7 Edge, Samsung Galaxy S7, Samsung Galaxy S7 Edge, Galaxy S7 Active.<\/p>\n<p>-Nokia: Nokia XR20.<\/p>\n<p>-Sony: Sony Xperia 1 II, Sony Xperia 1 III, XZ2 Premium, SOV38, WCR14, D6708, Xperia XZ2, H8216, Xperia XZ2, H8266, Xperia XZ2, H8296, Xperia XZ2, H8276, Xperia XZ2 Premium, H8116, Xperia XZ2, 702SO, Xperia XZ2, SO-03K, XZ2 Premium, SO-04K, XZ2 Premium, H8166, Xperia XZ2, SOV37, Xperia XZ3, H8416, Xperia XZ3, H9493, Xperia XZ3, H9436, Xperia XZ3, BSP10<\/p>\n<p>-Xiaomi: Mi 11 Ultra, Xiaomi Mix 4, Mi 11, Xiaomi 10S, Mi 11 Ultra, Mi 11 Pro, Xiaomi 10 Pro, Xiaomi 10, Xiaomi 9 Pro 5G, XIAOMI 9, XIAOMI MIX3<\/p>\n<p>&#8211; Y cualquier modelo compatible con carga Qi, ver especificaciones del Smartphone para comprobar compatibilidad.<\/p>\n<\/div>\n<\/div>\n<\/div>\n<\/div>\n<\/div>\n<\/div>\n","protected":false},"featured_media":4819,"comment_status":"closed","ping_status":"closed","template":"","meta":{"_acf_changed":false},"product_cat":[299],"product_tag":[],"acf":[],"aioseo_notices":[],"jetpack_sharing_enabled":true,"_links":{"self":[{"href":"https:\/\/www.estudiotecno.com.ar\/tienda\/wp-json\/wp\/v2\/product\/4818"}],"collection":[{"href":"https:\/\/www.estudiotecno.com.ar\/tienda\/wp-json\/wp\/v2\/product"}],"about":[{"href":"https:\/\/www.estudiotecno.com.ar\/tienda\/wp-json\/wp\/v2\/types\/product"}],"replies":[{"embeddable":true,"href":"https:\/\/www.estudiotecno.com.ar\/tienda\/wp-json\/wp\/v2\/comments?post=4818"}],"wp:featuredmedia":[{"embeddable":true,"href":"https:\/\/www.estudiotecno.com.ar\/tienda\/wp-json\/wp\/v2\/media\/4819"}],"wp:attachment":[{"href":"https:\/\/www.estudiotecno.com.ar\/tienda\/wp-json\/wp\/v2\/media?parent=4818"}],"wp:term":[{"taxonomy":"product_cat","embeddable":true,"href":"https:\/\/www.estudiotecno.com.ar\/tienda\/wp-json\/wp\/v2\/product_cat?post=4818"},{"taxonomy":"product_tag","embeddable":true,"href":"https:\/\/www.estudiotecno.com.ar\/tienda\/wp-json\/wp\/v2\/product_tag?post=4818"}],"curies":[{"name":"wp","href":"https:\/\/api.w.org\/{rel}","templated":true}]}}