{"id":4808,"date":"2022-10-12T17:57:26","date_gmt":"2022-10-12T20:57:26","guid":{"rendered":"https:\/\/www.estudiotecno.com.ar\/tienda\/?post_type=product&#038;p=4808"},"modified":"2025-11-27T16:01:55","modified_gmt":"2025-11-27T19:01:55","slug":"cs-c1c-camara-ip-ezviz-wifi-c1c-b-1080p-2-8-mm","status":"publish","type":"product","link":"https:\/\/www.estudiotecno.com.ar\/tienda\/producto\/cs-c1c-camara-ip-ezviz-wifi-c1c-b-1080p-2-8-mm\/","title":{"rendered":"CS-C1C | CAMARA IP EZVIZ WIFI (C1C-B 1080P) 2.8 MM"},"content":{"rendered":"","protected":false},"excerpt":{"rendered":"<h3>Descripci\u00f3n<\/h3>\n<p>CAMARA IP EZVIZ WIFI (C1C-B 1080P) 2.8 MM, 0LUX CON IR HASTA 12M, 25FPS, H.265, DC5V\/1A ADAPTER,, 3D DNR, BLC.<\/p>\n<h3>Soporte<\/h3>\n<p>1 A\u00d1OS DE GARANT\u00cdA en todos los productos EZVIZ, ofrecida por el fabricante, contra defectos de fabricaci\u00f3n y\/o vicios del material que afecten al normal funcionamiento del mismo.<\/p>\n","protected":false},"featured_media":4821,"comment_status":"closed","ping_status":"closed","template":"","meta":{"_acf_changed":false},"product_cat":[299],"product_tag":[],"acf":[],"aioseo_notices":[],"jetpack_sharing_enabled":true,"_links":{"self":[{"href":"https:\/\/www.estudiotecno.com.ar\/tienda\/wp-json\/wp\/v2\/product\/4808"}],"collection":[{"href":"https:\/\/www.estudiotecno.com.ar\/tienda\/wp-json\/wp\/v2\/product"}],"about":[{"href":"https:\/\/www.estudiotecno.com.ar\/tienda\/wp-json\/wp\/v2\/types\/product"}],"replies":[{"embeddable":true,"href":"https:\/\/www.estudiotecno.com.ar\/tienda\/wp-json\/wp\/v2\/comments?post=4808"}],"wp:featuredmedia":[{"embeddable":true,"href":"https:\/\/www.estudiotecno.com.ar\/tienda\/wp-json\/wp\/v2\/media\/4821"}],"wp:attachment":[{"href":"https:\/\/www.estudiotecno.com.ar\/tienda\/wp-json\/wp\/v2\/media?parent=4808"}],"wp:term":[{"taxonomy":"product_cat","embeddable":true,"href":"https:\/\/www.estudiotecno.com.ar\/tienda\/wp-json\/wp\/v2\/product_cat?post=4808"},{"taxonomy":"product_tag","embeddable":true,"href":"https:\/\/www.estudiotecno.com.ar\/tienda\/wp-json\/wp\/v2\/product_tag?post=4808"}],"curies":[{"name":"wp","href":"https:\/\/api.w.org\/{rel}","templated":true}]}}