{"id":4781,"date":"2022-10-06T17:27:27","date_gmt":"2022-10-06T20:27:27","guid":{"rendered":"https:\/\/www.estudiotecno.com.ar\/tienda\/?post_type=product&#038;p=4781"},"modified":"2022-10-06T17:33:25","modified_gmt":"2022-10-06T20:33:25","slug":"ddr4-8-gb-3200mhz-pny-retail-1-2v","status":"publish","type":"product","link":"https:\/\/www.estudiotecno.com.ar\/tienda\/producto\/ddr4-8-gb-3200mhz-pny-retail-1-2v\/","title":{"rendered":"DDR4 8 GB 3200MHZ PNY RETAIL 1.2V"},"content":{"rendered":"","protected":false},"excerpt":{"rendered":"<p>CARACTER\u00cdSTICAS<\/p>\n<p>La memoria PNY DDR4 presenta velocidades m\u00e1s r\u00e1pidas, mayor ancho de banda, menor consumo de energ\u00eda y rendimiento t\u00e9rmico mejorado para un notable mejora en los tiempos de respuesta de la PC durante la aplicaci\u00f3n de uso intensivo de memoria utilizar. Los m\u00f3dulos de memoria DDR4 de PNY est\u00e1n rigurosamente dise\u00f1ados y probado para garantizar un rendimiento estable y confiable en la inform\u00e1tica del mundo real ambientes.<\/p>\n<p>ESPECIFICACIONES<\/p>\n<p>Tipo de memoria: Desktop DDR4<\/p>\n<p>Capacidad: 8GB<\/p>\n<p>Tipo de canal: Canal \u00fanico<\/p>\n<p>Velocidad de frecuencia (JEDEC): 3200 MHz (PC4-25600)<\/p>\n<p>Latencia CAS: CL22<\/p>\n<p>Voltaje: 1,35 V<\/p>\n<p>Compatibilidad de velocidad: 3200 MHz, 3000 MHz, 2933 MHz, 2800 MHz, 2666 MHz, 2400 MHz, 2133 MHz<\/p>\n<p>&nbsp;<\/p>\n","protected":false},"featured_media":4782,"comment_status":"closed","ping_status":"closed","template":"","meta":{"_acf_changed":false},"product_cat":[299],"product_tag":[],"acf":[],"aioseo_notices":[],"jetpack_sharing_enabled":true,"_links":{"self":[{"href":"https:\/\/www.estudiotecno.com.ar\/tienda\/wp-json\/wp\/v2\/product\/4781"}],"collection":[{"href":"https:\/\/www.estudiotecno.com.ar\/tienda\/wp-json\/wp\/v2\/product"}],"about":[{"href":"https:\/\/www.estudiotecno.com.ar\/tienda\/wp-json\/wp\/v2\/types\/product"}],"replies":[{"embeddable":true,"href":"https:\/\/www.estudiotecno.com.ar\/tienda\/wp-json\/wp\/v2\/comments?post=4781"}],"wp:featuredmedia":[{"embeddable":true,"href":"https:\/\/www.estudiotecno.com.ar\/tienda\/wp-json\/wp\/v2\/media\/4782"}],"wp:attachment":[{"href":"https:\/\/www.estudiotecno.com.ar\/tienda\/wp-json\/wp\/v2\/media?parent=4781"}],"wp:term":[{"taxonomy":"product_cat","embeddable":true,"href":"https:\/\/www.estudiotecno.com.ar\/tienda\/wp-json\/wp\/v2\/product_cat?post=4781"},{"taxonomy":"product_tag","embeddable":true,"href":"https:\/\/www.estudiotecno.com.ar\/tienda\/wp-json\/wp\/v2\/product_tag?post=4781"}],"curies":[{"name":"wp","href":"https:\/\/api.w.org\/{rel}","templated":true}]}}