{"id":4729,"date":"2022-09-29T09:42:45","date_gmt":"2022-09-29T12:42:45","guid":{"rendered":"https:\/\/www.estudiotecno.com.ar\/tienda\/?post_type=product&#038;p=4729"},"modified":"2026-04-10T16:08:22","modified_gmt":"2026-04-10T19:08:22","slug":"ds-2xs2t41g0-id-4g-camara-c-panel-solar-hikvision-4mp-lente-4mm","status":"publish","type":"product","link":"https:\/\/www.estudiotecno.com.ar\/tienda\/producto\/ds-2xs2t41g0-id-4g-camara-c-panel-solar-hikvision-4mp-lente-4mm\/","title":{"rendered":"DS-2XS2T41G1-ID\/4G | CAMARA C\/ PANEL SOLAR HIKVISION, 4MP, LENTE 4MM"},"content":{"rendered":"","protected":false},"excerpt":{"rendered":"<h3>Descripci\u00f3n<\/h3>\n<p class=\"separador\"><span style=\"font-family: Arial, Verdana;\">CAMARA C\/ PANEL SOLAR HIKVISION, 4MP, LENTE 4MM, IP66, H265+,PIR HASTA 10 M, MICRO SD HASTA 256GB,<\/span><\/p>\n<h3>Soporte<\/h3>\n<p class=\"separador\">3 A\u00d1OS DE GARANT\u00cdA en todos los productos Hikvision, ofrecida por el fabricante, contra defectos de fabricaci\u00f3n y\/o vicios del material que afecten al normal funcionamiento del mismo.<\/p>\n","protected":false},"featured_media":4730,"comment_status":"closed","ping_status":"closed","template":"","meta":{"_acf_changed":false},"product_cat":[299,364,134],"product_tag":[],"acf":[],"aioseo_notices":[],"jetpack_sharing_enabled":true,"_links":{"self":[{"href":"https:\/\/www.estudiotecno.com.ar\/tienda\/wp-json\/wp\/v2\/product\/4729"}],"collection":[{"href":"https:\/\/www.estudiotecno.com.ar\/tienda\/wp-json\/wp\/v2\/product"}],"about":[{"href":"https:\/\/www.estudiotecno.com.ar\/tienda\/wp-json\/wp\/v2\/types\/product"}],"replies":[{"embeddable":true,"href":"https:\/\/www.estudiotecno.com.ar\/tienda\/wp-json\/wp\/v2\/comments?post=4729"}],"wp:featuredmedia":[{"embeddable":true,"href":"https:\/\/www.estudiotecno.com.ar\/tienda\/wp-json\/wp\/v2\/media\/4730"}],"wp:attachment":[{"href":"https:\/\/www.estudiotecno.com.ar\/tienda\/wp-json\/wp\/v2\/media?parent=4729"}],"wp:term":[{"taxonomy":"product_cat","embeddable":true,"href":"https:\/\/www.estudiotecno.com.ar\/tienda\/wp-json\/wp\/v2\/product_cat?post=4729"},{"taxonomy":"product_tag","embeddable":true,"href":"https:\/\/www.estudiotecno.com.ar\/tienda\/wp-json\/wp\/v2\/product_tag?post=4729"}],"curies":[{"name":"wp","href":"https:\/\/api.w.org\/{rel}","templated":true}]}}