{"id":4724,"date":"2022-09-29T09:18:36","date_gmt":"2022-09-29T12:18:36","guid":{"rendered":"https:\/\/www.estudiotecno.com.ar\/tienda\/?post_type=product&#038;p=4724"},"modified":"2025-11-27T16:02:09","modified_gmt":"2025-11-27T19:02:09","slug":"cs-bc1c-camara-ip-ezviz-bullet-full-hd-2mpxwifi","status":"publish","type":"product","link":"https:\/\/www.estudiotecno.com.ar\/tienda\/producto\/cs-bc1c-camara-ip-ezviz-bullet-full-hd-2mpxwifi\/","title":{"rendered":"CS-BC1C | CAMARA IP EZVIZ BULLET FULL HD 2MPX,WIFI"},"content":{"rendered":"","protected":false},"excerpt":{"rendered":"<p>&nbsp;<\/p>\n<h3>Descripci\u00f3n<\/h3>\n<p>CAMARA IP EZVIZ BULLET FULL HD 2MPX,WIFI, BATERIA RECARGABLE 7800 mAh. VISION NOCTURNA COLOR HASTA 10M, AUDIO BIDIRECCIONAL . H.265. IP66<\/p>\n<h3>Soporte<\/h3>\n<p>1 A\u00d1OS DE GARANT\u00cdA en todos los productos EZVIZ, ofrecida por el fabricante, contra defectos de fabricaci\u00f3n y\/o vicios del material que afecten al normal funcionamiento del mismo.<\/p>\n","protected":false},"featured_media":4725,"comment_status":"closed","ping_status":"closed","template":"","meta":{"_acf_changed":false},"product_cat":[299],"product_tag":[],"acf":[],"aioseo_notices":[],"jetpack_sharing_enabled":true,"_links":{"self":[{"href":"https:\/\/www.estudiotecno.com.ar\/tienda\/wp-json\/wp\/v2\/product\/4724"}],"collection":[{"href":"https:\/\/www.estudiotecno.com.ar\/tienda\/wp-json\/wp\/v2\/product"}],"about":[{"href":"https:\/\/www.estudiotecno.com.ar\/tienda\/wp-json\/wp\/v2\/types\/product"}],"replies":[{"embeddable":true,"href":"https:\/\/www.estudiotecno.com.ar\/tienda\/wp-json\/wp\/v2\/comments?post=4724"}],"wp:featuredmedia":[{"embeddable":true,"href":"https:\/\/www.estudiotecno.com.ar\/tienda\/wp-json\/wp\/v2\/media\/4725"}],"wp:attachment":[{"href":"https:\/\/www.estudiotecno.com.ar\/tienda\/wp-json\/wp\/v2\/media?parent=4724"}],"wp:term":[{"taxonomy":"product_cat","embeddable":true,"href":"https:\/\/www.estudiotecno.com.ar\/tienda\/wp-json\/wp\/v2\/product_cat?post=4724"},{"taxonomy":"product_tag","embeddable":true,"href":"https:\/\/www.estudiotecno.com.ar\/tienda\/wp-json\/wp\/v2\/product_tag?post=4724"}],"curies":[{"name":"wp","href":"https:\/\/api.w.org\/{rel}","templated":true}]}}