{"id":4720,"date":"2022-09-28T11:59:30","date_gmt":"2022-09-28T14:59:30","guid":{"rendered":"https:\/\/www.estudiotecno.com.ar\/tienda\/?post_type=product&#038;p=4720"},"modified":"2025-09-03T13:03:56","modified_gmt":"2025-09-03T16:03:56","slug":"cs-c3w-camara-ip-ezviz-bullet-wifi-c3w-4mp-2-8mm-vision-a-color-nocturna","status":"publish","type":"product","link":"https:\/\/www.estudiotecno.com.ar\/tienda\/producto\/cs-c3w-camara-ip-ezviz-bullet-wifi-c3w-4mp-2-8mm-vision-a-color-nocturna\/","title":{"rendered":"CS-C3W-A0-1F4WFL | CAMARA IP EZVIZ  BULLET WIFI (C3W 4MP, 2.8MM) VISION A COLOR NOCTURNA"},"content":{"rendered":"<h3>Descripci\u00f3n<\/h3>\n<p class=\"separador\"><span style=\"font-family: Arial, Verdana\">CAMARA IP EZVIZ BULLET WIFI (C3W 4MP, 2.8MM) VISION A COLOR NOCTURNA. DEFENSA ACTIVA CON LUZ Y SIRENA . ALERTA DE VOZ CUSTOMIZABLE.SLOT MICRO SD (HASTA 256GB), COMPRESION H265.IP 67&nbsp;<\/span><\/p>\n<h3>Soporte<\/h3>\n<p>1 A\u00d1OS DE GARANT\u00cdA en todos los productos EZVIZ, ofrecida por el fabricante, contra defectos de fabricaci\u00f3n y\/o vicios del material que afecten al normal funcionamiento del mismo.<\/p>\n","protected":false},"excerpt":{"rendered":"<p>Descripci\u00f3n CAMARA IP EZVIZ BULLET WIFI (C3W 4MP, 2.8MM) VISION A COLOR NOCTURNA. DEFENSA ACTIVA CON LUZ Y SIRENA . ALERTA DE VOZ CUSTOMIZABLE.SLOT MICRO SD (HASTA 256GB), COMPRESION H265.IP 67&nbsp; Soporte 1 A\u00d1OS DE GARANT\u00cdA en todos los productos EZVIZ, ofrecida por el fabricante, contra defectos de fabricaci\u00f3n y\/o vicios del material que afecten [&hellip;]<\/p>\n","protected":false},"featured_media":4738,"comment_status":"closed","ping_status":"closed","template":"","meta":{"_acf_changed":false},"product_cat":[373,94],"product_tag":[],"acf":[],"aioseo_notices":[],"jetpack_sharing_enabled":true,"_links":{"self":[{"href":"https:\/\/www.estudiotecno.com.ar\/tienda\/wp-json\/wp\/v2\/product\/4720"}],"collection":[{"href":"https:\/\/www.estudiotecno.com.ar\/tienda\/wp-json\/wp\/v2\/product"}],"about":[{"href":"https:\/\/www.estudiotecno.com.ar\/tienda\/wp-json\/wp\/v2\/types\/product"}],"replies":[{"embeddable":true,"href":"https:\/\/www.estudiotecno.com.ar\/tienda\/wp-json\/wp\/v2\/comments?post=4720"}],"wp:featuredmedia":[{"embeddable":true,"href":"https:\/\/www.estudiotecno.com.ar\/tienda\/wp-json\/wp\/v2\/media\/4738"}],"wp:attachment":[{"href":"https:\/\/www.estudiotecno.com.ar\/tienda\/wp-json\/wp\/v2\/media?parent=4720"}],"wp:term":[{"taxonomy":"product_cat","embeddable":true,"href":"https:\/\/www.estudiotecno.com.ar\/tienda\/wp-json\/wp\/v2\/product_cat?post=4720"},{"taxonomy":"product_tag","embeddable":true,"href":"https:\/\/www.estudiotecno.com.ar\/tienda\/wp-json\/wp\/v2\/product_tag?post=4720"}],"curies":[{"name":"wp","href":"https:\/\/api.w.org\/{rel}","templated":true}]}}