{"id":4712,"date":"2022-09-24T12:18:42","date_gmt":"2022-09-24T15:18:42","guid":{"rendered":"https:\/\/www.estudiotecno.com.ar\/tienda\/?post_type=product&#038;p=4712"},"modified":"2022-09-27T12:05:28","modified_gmt":"2022-09-27T15:05:28","slug":"ds-kis603-p-b-video-portero-ip-frente-y-pantalla-wifi","status":"publish","type":"product","link":"https:\/\/www.estudiotecno.com.ar\/tienda\/producto\/ds-kis603-p-b-video-portero-ip-frente-y-pantalla-wifi\/","title":{"rendered":"DS-KIS603-P B | Video portero IP. Frente y pantalla wifi."},"content":{"rendered":"<h3>Descripci\u00f3n<\/h3>\n<p class=\"separador\"><span style=\"font-family: Arial, Verdana;\">VIDEO PORTERO Y PANTALLA HIKVISION IP ALIMENTADO POR POE EST\u00c1NDAR. C\u00c1MARA FULL HD DE 2 MP. PANTALLA T\u00c1CTIL COLORIDA DE 7 PULG CON RESOLUC 1024 600. ADMITE RED INAL\u00c1MBRICA<\/span><\/p>\n<h3>Soporte<\/h3>\n<div>\n<p class=\"separador\">3 A\u00d1OS DE GARANT\u00cdA en todos los productos Hikvision, ofrecida por el fabricante, contra defectos de fabricaci\u00f3n y\/o vicios del material que afecten al normal funcionamiento del mismo.<br \/>\nContamos con un departamento t\u00e9cnico, con stock permanente de repuestos, que le permitir\u00e1 contar con un servicio en caso de necesidad de reparaci\u00f3n del producto. Para m\u00e1s informaci\u00f3n dir\u00edjase a la secci\u00f3n Soporte T\u00e9cnico.<\/p>\n<\/div>\n","protected":false},"excerpt":{"rendered":"<p>Descripci\u00f3n VIDEO PORTERO Y PANTALLA HIKVISION IP ALIMENTADO POR POE EST\u00c1NDAR. C\u00c1MARA FULL HD DE 2 MP. PANTALLA T\u00c1CTIL COLORIDA DE 7 PULG CON RESOLUC 1024 600. ADMITE RED INAL\u00c1MBRICA Soporte 3 A\u00d1OS DE GARANT\u00cdA en todos los productos Hikvision, ofrecida por el fabricante, contra defectos de fabricaci\u00f3n y\/o vicios del material que afecten al [&hellip;]<\/p>\n","protected":false},"featured_media":4544,"comment_status":"closed","ping_status":"closed","template":"","meta":{"_acf_changed":false},"product_cat":[312,134],"product_tag":[],"acf":[],"aioseo_notices":[],"jetpack_sharing_enabled":true,"_links":{"self":[{"href":"https:\/\/www.estudiotecno.com.ar\/tienda\/wp-json\/wp\/v2\/product\/4712"}],"collection":[{"href":"https:\/\/www.estudiotecno.com.ar\/tienda\/wp-json\/wp\/v2\/product"}],"about":[{"href":"https:\/\/www.estudiotecno.com.ar\/tienda\/wp-json\/wp\/v2\/types\/product"}],"replies":[{"embeddable":true,"href":"https:\/\/www.estudiotecno.com.ar\/tienda\/wp-json\/wp\/v2\/comments?post=4712"}],"wp:featuredmedia":[{"embeddable":true,"href":"https:\/\/www.estudiotecno.com.ar\/tienda\/wp-json\/wp\/v2\/media\/4544"}],"wp:attachment":[{"href":"https:\/\/www.estudiotecno.com.ar\/tienda\/wp-json\/wp\/v2\/media?parent=4712"}],"wp:term":[{"taxonomy":"product_cat","embeddable":true,"href":"https:\/\/www.estudiotecno.com.ar\/tienda\/wp-json\/wp\/v2\/product_cat?post=4712"},{"taxonomy":"product_tag","embeddable":true,"href":"https:\/\/www.estudiotecno.com.ar\/tienda\/wp-json\/wp\/v2\/product_tag?post=4712"}],"curies":[{"name":"wp","href":"https:\/\/api.w.org\/{rel}","templated":true}]}}