{"id":4710,"date":"2022-09-24T12:10:53","date_gmt":"2022-09-24T15:10:53","guid":{"rendered":"https:\/\/www.estudiotecno.com.ar\/tienda\/?post_type=product&#038;p=4710"},"modified":"2022-09-27T12:05:47","modified_gmt":"2022-09-27T15:05:47","slug":"ds-pdd12p-eg2-wb-detector-de-movimiento-hikvision-inalambrico-interior","status":"publish","type":"product","link":"https:\/\/www.estudiotecno.com.ar\/tienda\/producto\/ds-pdd12p-eg2-wb-detector-de-movimiento-hikvision-inalambrico-interior\/","title":{"rendered":"DS-PDD12P-EG2-WB | DETECTOR DE MOVIMIENTO HIKVISION INALAMBRICO INTERIOR"},"content":{"rendered":"<p>Descripci\u00f3n<br \/>\n<span style=\"font-family: Arial, Verdana;\">DETECTOR DE MOVIMIENTO HIKVISION INALAMBRICO INTERIOR, TECNOLOG\u00cdA INAL\u00c1MBRICA DE 2 V\u00cdAS, 12M DE ALCANCE EFECTIVO, ANTI MASCOTAS HASTA 30 KG, FRECUENCIA 433MHZ, CR123A, 3V, 5 A\u00d1OS DE DURACI\u00d3N DE LA BATER\u00cdA.<\/span><\/p>\n<h3>Soporte<\/h3>\n<p>2 A\u00d1OS DE GARANT\u00cdA en todos los productos Hikvision, ofrecida por el fabricante, contra defectos de fabricaci\u00f3n y\/o vicios del material que afecten al normal funcionamiento del mismo.<\/p>\n","protected":false},"excerpt":{"rendered":"<p>Descripci\u00f3n DETECTOR DE MOVIMIENTO HIKVISION INALAMBRICO INTERIOR, TECNOLOG\u00cdA INAL\u00c1MBRICA DE 2 V\u00cdAS, 12M DE ALCANCE EFECTIVO, ANTI MASCOTAS HASTA 30 KG, FRECUENCIA 433MHZ, CR123A, 3V, 5 A\u00d1OS DE DURACI\u00d3N DE LA BATER\u00cdA. Soporte 2 A\u00d1OS DE GARANT\u00cdA en todos los productos Hikvision, ofrecida por el fabricante, contra defectos de fabricaci\u00f3n y\/o vicios del material que [&hellip;]<\/p>\n","protected":false},"featured_media":4711,"comment_status":"closed","ping_status":"closed","template":"","meta":{"_acf_changed":false},"product_cat":[313,134,94],"product_tag":[],"acf":[],"aioseo_notices":[],"jetpack_sharing_enabled":true,"_links":{"self":[{"href":"https:\/\/www.estudiotecno.com.ar\/tienda\/wp-json\/wp\/v2\/product\/4710"}],"collection":[{"href":"https:\/\/www.estudiotecno.com.ar\/tienda\/wp-json\/wp\/v2\/product"}],"about":[{"href":"https:\/\/www.estudiotecno.com.ar\/tienda\/wp-json\/wp\/v2\/types\/product"}],"replies":[{"embeddable":true,"href":"https:\/\/www.estudiotecno.com.ar\/tienda\/wp-json\/wp\/v2\/comments?post=4710"}],"wp:featuredmedia":[{"embeddable":true,"href":"https:\/\/www.estudiotecno.com.ar\/tienda\/wp-json\/wp\/v2\/media\/4711"}],"wp:attachment":[{"href":"https:\/\/www.estudiotecno.com.ar\/tienda\/wp-json\/wp\/v2\/media?parent=4710"}],"wp:term":[{"taxonomy":"product_cat","embeddable":true,"href":"https:\/\/www.estudiotecno.com.ar\/tienda\/wp-json\/wp\/v2\/product_cat?post=4710"},{"taxonomy":"product_tag","embeddable":true,"href":"https:\/\/www.estudiotecno.com.ar\/tienda\/wp-json\/wp\/v2\/product_tag?post=4710"}],"curies":[{"name":"wp","href":"https:\/\/api.w.org\/{rel}","templated":true}]}}