{"id":4656,"date":"2022-09-14T17:00:08","date_gmt":"2022-09-14T20:00:08","guid":{"rendered":"https:\/\/www.estudiotecno.com.ar\/tienda\/?post_type=product&#038;p=4656"},"modified":"2025-09-03T13:03:17","modified_gmt":"2025-09-03T16:03:17","slug":"ds-pha64-w4b-panel-de-alarma-hikvision","status":"publish","type":"product","link":"https:\/\/www.estudiotecno.com.ar\/tienda\/producto\/ds-pha64-w4b-panel-de-alarma-hikvision\/","title":{"rendered":"DS-PHA64-W4B | Placa de Central Hikvision Hybrida"},"content":{"rendered":"<p><span style=\"font-family: Arial, Verdana;\">PLACA DE CENTRAL HIKVISION HYBRIDA, 8 ZONAS CABLEADAS + 56 INALAMBRICAS. LAN, PSTN, Wi-Fi, GPRS, 3G\/4G<\/span><\/p>\n<p>&nbsp;<\/p>\n<h3>Caracter\u00edsticas<\/h3>\n<p><strong>Caracter\u00edsticas principales<br \/>\n<\/strong><\/p>\n<div>-Comunicaci\u00f3n inal\u00e1mbrica con el panel de alarma<\/div>\n<div>-Los datos inal\u00e1mbricos est\u00e1n protegidos por el cifrado AES-128<\/div>\n<div><\/div>\n<div>\n<div><strong>Caracter\u00edsticas F\u00edsicas y El\u00e9ctricas:<\/strong><\/div>\n<div>-Alimentaci\u00f3n: CR123<\/div>\n<div>-Temperatura de operaci\u00f3n: -10 \u00b0C to 55 \u00b0C<\/div>\n<div>-Uso interior<\/div>\n<div>-Dimensiones: 84 mm \u00d7 25 mm \u00d7 21 mm<\/div>\n<div>-Peso: 38.5 g<\/div>\n<\/div>\n","protected":false},"excerpt":{"rendered":"<p>PLACA DE CENTRAL HIKVISION HYBRIDA, 8 ZONAS CABLEADAS + 56 INALAMBRICAS. LAN, PSTN, Wi-Fi, GPRS, 3G\/4G &nbsp; Caracter\u00edsticas Caracter\u00edsticas principales -Comunicaci\u00f3n inal\u00e1mbrica con el panel de alarma -Los datos inal\u00e1mbricos est\u00e1n protegidos por el cifrado AES-128 Caracter\u00edsticas F\u00edsicas y El\u00e9ctricas: -Alimentaci\u00f3n: CR123 -Temperatura de operaci\u00f3n: -10 \u00b0C to 55 \u00b0C -Uso interior -Dimensiones: 84 mm [&hellip;]<\/p>\n","protected":false},"featured_media":5276,"comment_status":"closed","ping_status":"closed","template":"","meta":{"_acf_changed":false},"product_cat":[313,104,134],"product_tag":[],"acf":[],"aioseo_notices":[],"jetpack_sharing_enabled":true,"_links":{"self":[{"href":"https:\/\/www.estudiotecno.com.ar\/tienda\/wp-json\/wp\/v2\/product\/4656"}],"collection":[{"href":"https:\/\/www.estudiotecno.com.ar\/tienda\/wp-json\/wp\/v2\/product"}],"about":[{"href":"https:\/\/www.estudiotecno.com.ar\/tienda\/wp-json\/wp\/v2\/types\/product"}],"replies":[{"embeddable":true,"href":"https:\/\/www.estudiotecno.com.ar\/tienda\/wp-json\/wp\/v2\/comments?post=4656"}],"wp:featuredmedia":[{"embeddable":true,"href":"https:\/\/www.estudiotecno.com.ar\/tienda\/wp-json\/wp\/v2\/media\/5276"}],"wp:attachment":[{"href":"https:\/\/www.estudiotecno.com.ar\/tienda\/wp-json\/wp\/v2\/media?parent=4656"}],"wp:term":[{"taxonomy":"product_cat","embeddable":true,"href":"https:\/\/www.estudiotecno.com.ar\/tienda\/wp-json\/wp\/v2\/product_cat?post=4656"},{"taxonomy":"product_tag","embeddable":true,"href":"https:\/\/www.estudiotecno.com.ar\/tienda\/wp-json\/wp\/v2\/product_tag?post=4656"}],"curies":[{"name":"wp","href":"https:\/\/api.w.org\/{rel}","templated":true}]}}