{"id":4654,"date":"2022-09-14T16:58:19","date_gmt":"2022-09-14T19:58:19","guid":{"rendered":"https:\/\/www.estudiotecno.com.ar\/tienda\/?post_type=product&#038;p=4654"},"modified":"2022-09-27T12:19:51","modified_gmt":"2022-09-27T15:19:51","slug":"dh-ks9510-wte1-estacion-interior-todo-en-uno","status":"publish","type":"product","link":"https:\/\/www.estudiotecno.com.ar\/tienda\/producto\/dh-ks9510-wte1-estacion-interior-todo-en-uno\/","title":{"rendered":"DS-KS9510-WTE1 Estaci\u00f3n interior todo en uno"},"content":{"rendered":"<ul class=\"product_description_item-list\">\n<li class=\" product_description_item\">Pantalla t\u00e1ctil colorida de 10,1 pulgadas con resoluci\u00f3n 1024 \u00d7 600<\/li>\n<li class=\" product_description_item\">Admite la instalaci\u00f3n de aplicaciones de Android<\/li>\n<li class=\" product_description_item\">Plataforma abierta para la integraci\u00f3n de software de terceros<\/li>\n<li class=\" product_description_item\">Video intercomunicador y visualizaci\u00f3n en vivo en el tel\u00e9fono m\u00f3vil todo el d\u00eda<\/li>\n<li class=\" product_description_item\">Hik-Connect integrado para una gesti\u00f3n todo en uno<\/li>\n<li class=\" product_description_item\">Panel de intrusi\u00f3n inal\u00e1mbrico para gesti\u00f3n in situ<\/li>\n<li class=\" product_description_item\">Recibe 7 segundos de verificaci\u00f3n de video de los sistemas de alarma<\/li>\n<\/ul>\n<div class=\"product_more_out\"><\/div>\n<div class=\"firmware-container\">\n<p>Modelos disponibles:<\/p>\n<div class=\"ordermodel-list\">\n<div class=\"ordermodel-item\">DS-KH9510-WTE1<\/div>\n<\/div>\n<\/div>\n","protected":false},"excerpt":{"rendered":"<p>Pantalla t\u00e1ctil colorida de 10,1 pulgadas con resoluci\u00f3n 1024 \u00d7 600 Admite la instalaci\u00f3n de aplicaciones de Android Plataforma abierta para la integraci\u00f3n de software de terceros Video intercomunicador y visualizaci\u00f3n en vivo en el tel\u00e9fono m\u00f3vil todo el d\u00eda Hik-Connect integrado para una gesti\u00f3n todo en uno Panel de intrusi\u00f3n inal\u00e1mbrico para gesti\u00f3n in [&hellip;]<\/p>\n","protected":false},"featured_media":4655,"comment_status":"closed","ping_status":"closed","template":"","meta":{"_acf_changed":false},"product_cat":[134],"product_tag":[],"acf":[],"aioseo_notices":[],"jetpack_sharing_enabled":true,"_links":{"self":[{"href":"https:\/\/www.estudiotecno.com.ar\/tienda\/wp-json\/wp\/v2\/product\/4654"}],"collection":[{"href":"https:\/\/www.estudiotecno.com.ar\/tienda\/wp-json\/wp\/v2\/product"}],"about":[{"href":"https:\/\/www.estudiotecno.com.ar\/tienda\/wp-json\/wp\/v2\/types\/product"}],"replies":[{"embeddable":true,"href":"https:\/\/www.estudiotecno.com.ar\/tienda\/wp-json\/wp\/v2\/comments?post=4654"}],"wp:featuredmedia":[{"embeddable":true,"href":"https:\/\/www.estudiotecno.com.ar\/tienda\/wp-json\/wp\/v2\/media\/4655"}],"wp:attachment":[{"href":"https:\/\/www.estudiotecno.com.ar\/tienda\/wp-json\/wp\/v2\/media?parent=4654"}],"wp:term":[{"taxonomy":"product_cat","embeddable":true,"href":"https:\/\/www.estudiotecno.com.ar\/tienda\/wp-json\/wp\/v2\/product_cat?post=4654"},{"taxonomy":"product_tag","embeddable":true,"href":"https:\/\/www.estudiotecno.com.ar\/tienda\/wp-json\/wp\/v2\/product_tag?post=4654"}],"curies":[{"name":"wp","href":"https:\/\/api.w.org\/{rel}","templated":true}]}}