{"id":4629,"date":"2022-09-07T09:31:29","date_gmt":"2022-09-07T12:31:29","guid":{"rendered":"https:\/\/www.estudiotecno.com.ar\/tienda\/?post_type=product&#038;p=4629"},"modified":"2024-02-29T11:23:27","modified_gmt":"2024-02-29T14:23:27","slug":"ds-pha64-p2-productos-de-alarma-paneles-de-alarma-de-intrusion-hikvision-hacha-hibrida","status":"publish","type":"product","link":"https:\/\/www.estudiotecno.com.ar\/tienda\/producto\/ds-pha64-p2-productos-de-alarma-paneles-de-alarma-de-intrusion-hikvision-hacha-hibrida\/","title":{"rendered":"DS-PHA64-P2 | Alarma: placa h\u00edbrida, con fuente y gabinete"},"content":{"rendered":"<h2 class=\"prod_name\"><span class=\"prod_name-content\">Panel de control h\u00edbrido<\/span><\/h2>\n<ul class=\"product_description_item-list\">\n<li class=\" product_description_item\">Sistema h\u00edbrido: 8 zonas integradas y 56 zonas cableadas\/inal\u00e1mbricas ampliables<\/li>\n<li class=\" product_description_item\">4 salidas integradas y 60 salidas cableadas\/inal\u00e1mbricas ampliables<\/li>\n<li class=\" product_description_item\">Comunicaci\u00f3n de doble v\u00eda de eventos de alarma y otras se\u00f1ales a trav\u00e9s de LAN, PSTN, GPRS y 3G\/4G utilizando un canal principal y de respaldo con prioridad configurable<\/li>\n<li class=\" product_description_item\">Admite 8 llaveros, 9 teclados, 1 sirena cableada y 2 sirenas inal\u00e1mbricas<\/li>\n<li class=\" product_description_item\">Admite armado\/desarmado mediante teclado, llavero, cliente m\u00f3vil, iVMS-4200, SMS y etiqueta<\/li>\n<li class=\" product_description_item\">Empuja la notificaci\u00f3n de alarma a trav\u00e9s de mensajes y Hik-Connect<\/li>\n<li class=\" product_description_item\">Videoclips de alarma a trav\u00e9s de correos electr\u00f3nicos y APP<\/li>\n<li class=\" product_description_item\">Admite el protocolo ISAPI, ISUP y DC09<\/li>\n<li class=\" product_description_item\">Sube eventos de alarma al centro o plataforma receptora de alarmas<\/li>\n<li class=\" product_description_item\">Caja de pl\u00e1stico, admite bater\u00eda de almacenamiento<\/li>\n<li class=\" product_description_item\">1 fabricante, 1 instalador, 1 administrador y 45 Operadores<\/li>\n<\/ul>\n","protected":false},"excerpt":{"rendered":"<p>Panel de control h\u00edbrido Sistema h\u00edbrido: 8 zonas integradas y 56 zonas cableadas\/inal\u00e1mbricas ampliables 4 salidas integradas y 60 salidas cableadas\/inal\u00e1mbricas ampliables Comunicaci\u00f3n de doble v\u00eda de eventos de alarma y otras se\u00f1ales a trav\u00e9s de LAN, PSTN, GPRS y 3G\/4G utilizando un canal principal y de respaldo con prioridad configurable Admite 8 llaveros, 9 [&hellip;]<\/p>\n","protected":false},"featured_media":5266,"comment_status":"closed","ping_status":"closed","template":"","meta":{"_acf_changed":false},"product_cat":[313,134],"product_tag":[],"acf":[],"aioseo_notices":[],"jetpack_sharing_enabled":true,"_links":{"self":[{"href":"https:\/\/www.estudiotecno.com.ar\/tienda\/wp-json\/wp\/v2\/product\/4629"}],"collection":[{"href":"https:\/\/www.estudiotecno.com.ar\/tienda\/wp-json\/wp\/v2\/product"}],"about":[{"href":"https:\/\/www.estudiotecno.com.ar\/tienda\/wp-json\/wp\/v2\/types\/product"}],"replies":[{"embeddable":true,"href":"https:\/\/www.estudiotecno.com.ar\/tienda\/wp-json\/wp\/v2\/comments?post=4629"}],"wp:featuredmedia":[{"embeddable":true,"href":"https:\/\/www.estudiotecno.com.ar\/tienda\/wp-json\/wp\/v2\/media\/5266"}],"wp:attachment":[{"href":"https:\/\/www.estudiotecno.com.ar\/tienda\/wp-json\/wp\/v2\/media?parent=4629"}],"wp:term":[{"taxonomy":"product_cat","embeddable":true,"href":"https:\/\/www.estudiotecno.com.ar\/tienda\/wp-json\/wp\/v2\/product_cat?post=4629"},{"taxonomy":"product_tag","embeddable":true,"href":"https:\/\/www.estudiotecno.com.ar\/tienda\/wp-json\/wp\/v2\/product_tag?post=4629"}],"curies":[{"name":"wp","href":"https:\/\/api.w.org\/{rel}","templated":true}]}}