{"id":4508,"date":"2022-07-20T09:27:00","date_gmt":"2022-07-20T12:27:00","guid":{"rendered":"https:\/\/www.estudiotecno.com.ar\/tienda\/?post_type=product&#038;p=4508"},"modified":"2025-09-03T12:58:22","modified_gmt":"2025-09-03T15:58:22","slug":"ds-2ae4225ti-d-e-camara-domo-ptz-analogico-metalica-exterior-soporte-2-mp","status":"publish","type":"product","link":"https:\/\/www.estudiotecno.com.ar\/tienda\/producto\/ds-2ae4225ti-d-e-camara-domo-ptz-analogico-metalica-exterior-soporte-2-mp\/","title":{"rendered":"DS-2AE4225TI-D E | C\u00e1mara Domo PTZ Anal\u00f3gico met\u00e1lica exterior + soporte. 2 MP"},"content":{"rendered":"<h3>Descripci\u00f3n<\/h3>\n<p class=\"separador\"><span style=\"font-family: Arial, Verdana;\">DOMO PTZ ANALOGICO HIKVISION 2MPX (1920X1080) EXTERIOR (IP66) CON IR 100 METROS DE INTENSIDAD VARIABLE EN FUNCI\u00d3N DEL ZOOM. SENSOR DE 2MPX CMOS DE ESCANEO PROGRESIVO. ZOOM \u00d3PTICO DE 23X (4~92MM). ZOOM DIGITAL DE 16X. 256 PRESET, 8 PATRULLAS Y HASTA 32 PRESET POR PATRULLA. ILUMINACI\u00d3N M\u00cdNIMA 0,05 LUX EN COLOR Y HASTA 0,005 LUX EN B\/N CON AGC ACTIVADO.M\u00c1SCARAS DE PRIVACIDAD (HASTA 8 M\u00c1SCARAS). DIGITALWDR, RELACI\u00d3N S\/N &gt;= 50 DB, AGC, BLC, 3D DNR.CONTROL MULTIPROTOCOLO V\u00cdA RS485 (HIKVISION, PELCO-P, PELCO-D, AUTODETECCI\u00d3N). ALIMENTACI\u00d3N: 12 VCD \/ 18 W(MAX). DIMENSIONES: 164.5MM (\u00d8) \u00d7 295MM (AL).PESO 2KG.<\/span><\/p>\n<h3><\/h3>\n<h3>Caracter\u00edsticas<\/h3>\n<p class=\"separador\"><span style=\"font-family: Arial, Verdana;\">Camera<\/span><\/p>\n<div><span style=\"font-family: Arial, Verdana;\">&#8211; Image Sensor: 1\/2.8&#8243; Progressive Scan CMOS<\/span><\/div>\n<div><span style=\"font-family: Arial, Verdana;\">&#8211; Effective Pixels: 1920(H)x1080(V)<\/span><\/div>\n<div><span style=\"font-family: Arial, Verdana;\">&#8211; Signal System: PAL\/NTSC<\/span><\/div>\n<div><span style=\"font-family: Arial, Verdana;\">&#8211; Minimum Illumination: Color: 0.005Lux@( F1.4,AGC ON); B\/W: 0.001Lux@( F1.4,AGC ON), 0 Lux with IR<\/span><\/div>\n<div><span style=\"font-family: Arial, Verdana;\">&#8211; White Balance: Auto \/ Manual \/ ATW \/ Indoor \/ Outdoor- AGC: Auto\/Manual<\/span><\/div>\n<div><span style=\"font-family: Arial, Verdana;\">&#8211; BLC: ON\/OFF<\/span><\/div>\n<div><span style=\"font-family: Arial, Verdana;\">&#8211; WDR:\u00a0<\/span>\u2265 120 dB<\/div>\n<div><span style=\"font-family: Arial, Verdana;\">&#8211; Shutter Time: 1-1\/10,000s<\/span><\/div>\n<div><span style=\"font-family: Arial, Verdana;\">&#8211; Day&amp; Night: ICR<\/span><\/div>\n<div><span style=\"font-family: Arial, Verdana;\">&#8211; Digital Zoom: 16X<\/span><\/div>\n<div><span style=\"font-family: Arial, Verdana;\">&#8211; Privacy Masking: 8 privacy masks programmable<\/span><\/div>\n<div><span style=\"font-family: Arial, Verdana;\">&#8211; Auto Focus: Auto \/ Semi-automatic \/ Manual<\/span><\/div>\n<div><span style=\"font-family: Arial, Verdana;\">Lens<\/span><\/div>\n<div><span style=\"font-family: Arial, Verdana;\">&#8211; Focal Length: 4-120mm, 25x- Angle of View: 49-2.2 degree(Wide-Tele)<\/span><\/div>\n<div><span style=\"font-family: Arial, Verdana;\">&#8211; Minimum Working Distance: 10~1,000mm(Wide~Tele)<\/span><\/div>\n<div><span style=\"font-family: Arial, Verdana;\">&#8211; Aperture Range: F1.4-F3.5<\/span><\/div>\n<div><span style=\"font-family: Arial, Verdana;\">Pan &amp; Tilt<\/span><\/div>\n<div><span style=\"font-family: Arial, Verdana;\">&#8211; Pan Range: 360\u00b0endless<\/span><\/div>\n<div><span style=\"font-family: Arial, Verdana;\">&#8211; Zoom Speed: Approx.3s(Optical Wide~Tele)<\/span><\/div>\n<div><span style=\"font-family: Arial, Verdana;\">&#8211; Tilt Range: -15\u00b0-90\u00b0 (Auto Flip )<\/span><\/div>\n<div><span style=\"font-family: Arial, Verdana;\">&#8211; Tilt Speed: Tilt Manual Speed: 0.1\u00b0~80\u00b0\/s, Tilt Preset Speed: 80\u00b0\/s<\/span><\/div>\n<div><span style=\"font-family: Arial, Verdana;\">&#8211; Proportional Zoom: Rotation speed can be adjusted automatically according to zoom multiples<\/span><\/div>\n<div><span style=\"font-family: Arial, Verdana;\">&#8211; Number of Preset: 256<\/span><\/div>\n<div><span style=\"font-family: Arial, Verdana;\">&#8211; Patrol: 10 patrols, up to 32 presets per patrol<\/span><\/div>\n<div><span style=\"font-family: Arial, Verdana;\">&#8211; Pattern: 5 patterns, with the total recording time not less than 10 minutes<\/span><\/div>\n<div><span style=\"font-family: Arial, Verdana;\">&#8211; Power loss recovery: Support<\/span><\/div>\n<div><span style=\"font-family: Arial, Verdana;\">&#8211; Park Action: Preset \/ Patrol \/ Pattern \/ Pan scan \/ Tilt scan \/ Random scan \/ Frame scan \/ Panorama scan<\/span><\/div>\n<div><span style=\"font-family: Arial, Verdana;\">&#8211; PTZ Position Display: ON\/OFF<\/span><\/div>\n<div><span style=\"font-family: Arial, Verdana;\">&#8211; Freeze Frame: Support<\/span><\/div>\n<div><span style=\"font-family: Arial, Verdana;\">Infrared<\/span><\/div>\n<div><span style=\"font-family: Arial, Verdana;\">&#8211; IR irradiation distance: 100m<\/span><\/div>\n<div><span style=\"font-family: Arial, Verdana;\">&#8211;\u00a0<\/span>IR Intensity<span style=\"font-family: Arial, Verdana;\">:\u00a0<\/span>Automatically adjusted depending on the zoom ratio<\/div>\n<div><span style=\"font-family: Arial, Verdana;\">General<\/span><\/div>\n<div><span style=\"font-family: Arial, Verdana;\">&#8211; RS-485 Protocols: HIKVISION, Pelco-P, Pelco-D, self-adaptive<\/span><\/div>\n<div><span style=\"font-family: Arial, Verdana;\">&#8211; Menu Language: English<\/span><\/div>\n<div><span style=\"font-family: Arial, Verdana;\">&#8211; Power Supply: 12V DC- Power\u00a0<\/span><\/div>\n<div><span style=\"font-family: Arial, Verdana;\">&#8211; Consumption: Max.20W- Working<\/span><\/div>\n<div><span style=\"font-family: Arial, Verdana;\">&#8211; Temperature\/Humidity: -30 \u00b0C-65\u00b0C(-22\u00b0F-149\u00b0F)-\u00a0 90% or less<\/span><\/div>\n<div><span style=\"font-family: Arial, Verdana;\">&#8211; Protection Level: IP66 standard (outdoor dome)<\/span><\/div>\n<div><span style=\"font-family: Arial, Verdana;\">&#8211; TVS 4,000V lightning protection, surge protection and voltage transient protection<\/span><\/div>\n<div><span style=\"font-family: Arial, Verdana;\">&#8211; Mounting: Various mounting modes optional<\/span><\/div>\n<div><span style=\"font-family: Arial, Verdana;\">&#8211; Dimensions: \u03a6164.5(mm)\u00d7295(mm)<\/span><\/div>\n<div><span style=\"font-family: Arial, Verdana;\">&#8211; Weight (approx.): 2Kg (4.41Ibs)<\/span><\/div>\n<div><span style=\"font-family: Arial, Verdana;\">&#8211; Mount Option: Long-arm wall mount: DS-1602ZJ; Corner mount: DS-1602ZJ-corner;-\u00a0 Pole Mount: DS-1602ZJ-pole; Power box mount:DS-1602ZJ-box; Swan-neck mount: DS-1619ZJ<\/span><\/div>\n<p class=\"separador\">\n","protected":false},"excerpt":{"rendered":"<p>Descripci\u00f3n DOMO PTZ ANALOGICO HIKVISION 2MPX (1920X1080) EXTERIOR (IP66) CON IR 100 METROS DE INTENSIDAD VARIABLE EN FUNCI\u00d3N DEL ZOOM. SENSOR DE 2MPX CMOS DE ESCANEO PROGRESIVO. ZOOM \u00d3PTICO DE 23X (4~92MM). ZOOM DIGITAL DE 16X. 256 PRESET, 8 PATRULLAS Y HASTA 32 PRESET POR PATRULLA. ILUMINACI\u00d3N M\u00cdNIMA 0,05 LUX EN COLOR Y HASTA 0,005 [&hellip;]<\/p>\n","protected":false},"featured_media":5167,"comment_status":"closed","ping_status":"closed","template":"","meta":{"_acf_changed":false},"product_cat":[299,364,308,134,94],"product_tag":[],"acf":[],"aioseo_notices":[],"jetpack_sharing_enabled":true,"_links":{"self":[{"href":"https:\/\/www.estudiotecno.com.ar\/tienda\/wp-json\/wp\/v2\/product\/4508"}],"collection":[{"href":"https:\/\/www.estudiotecno.com.ar\/tienda\/wp-json\/wp\/v2\/product"}],"about":[{"href":"https:\/\/www.estudiotecno.com.ar\/tienda\/wp-json\/wp\/v2\/types\/product"}],"replies":[{"embeddable":true,"href":"https:\/\/www.estudiotecno.com.ar\/tienda\/wp-json\/wp\/v2\/comments?post=4508"}],"wp:featuredmedia":[{"embeddable":true,"href":"https:\/\/www.estudiotecno.com.ar\/tienda\/wp-json\/wp\/v2\/media\/5167"}],"wp:attachment":[{"href":"https:\/\/www.estudiotecno.com.ar\/tienda\/wp-json\/wp\/v2\/media?parent=4508"}],"wp:term":[{"taxonomy":"product_cat","embeddable":true,"href":"https:\/\/www.estudiotecno.com.ar\/tienda\/wp-json\/wp\/v2\/product_cat?post=4508"},{"taxonomy":"product_tag","embeddable":true,"href":"https:\/\/www.estudiotecno.com.ar\/tienda\/wp-json\/wp\/v2\/product_tag?post=4508"}],"curies":[{"name":"wp","href":"https:\/\/api.w.org\/{rel}","templated":true}]}}