{"id":4498,"date":"2022-07-18T17:39:02","date_gmt":"2022-07-18T20:39:02","guid":{"rendered":"https:\/\/www.estudiotecno.com.ar\/tienda\/?post_type=product&#038;p=4498"},"modified":"2025-09-03T12:58:20","modified_gmt":"2025-09-03T15:58:20","slug":"tp-link-wifi-outdoor-cpe220-300mbps-12dbi","status":"publish","type":"product","link":"https:\/\/www.estudiotecno.com.ar\/tienda\/producto\/tp-link-wifi-outdoor-cpe220-300mbps-12dbi\/","title":{"rendered":"TP-LINK WIFI OUTDOOR CPE220 300MBPS 12DBI"},"content":{"rendered":"<p>CPE de Exterior 2.4Gz 300Mbps 12dBi<\/p>\n<p>-Antena incorporada de 12dBi 2&#215;2 MIMO direccional de doble polarizado<br \/>\n-Potencia de transmisi\u00f3n ajustable de 0 a 30dBm\/1000mw<br \/>\n-Optimizaciones a nivel de sistema para transmisi\u00f3n inal\u00e1mbrica de m\u00e1s de 13 kil\u00f3metros de largo alcance<br \/>\n-La Tecnolog\u00eda TP-LINK Pharos MAXtream TDMA (Time-Division-Multiple-Access) mejora el rendimiento del producto, la capacidad y rendimiento de latencia, ideal para aplicaciones PTMP<br \/>\n-Sistema de Administraci\u00f3n Centralizada &#8211; Control Pharos<br \/>\n-Modos de operaci\u00f3n AP \/ Cliente \/ Repetidor \/ AP Router \/ AP Cliente Router (WISP)<br \/>\n-Adaptador PoE pasivo soporta hasta 60 metros (200 pies). Alimentaci\u00f3n a trav\u00e9s de puerto de Ethernet que permite que el dispositivo se restablezca de forma remota<\/p>\n<p>CP220E exterior TP-LINK 2.4GHz 300Mbps 12dBi, especial para soluciones rentables para aplicaciones al aire libre de redes inal\u00e1mbricas. Con su aplicaci\u00f3n de gesti\u00f3n centralizada, es ideal para conexiones punto a punto, punto a multipunto y aplicaciones exteriores de cobertura Wi-Fi. Rendimiento profesional, con un dise\u00f1o f\u00e1cil de usar, hace del CPE220 una opci\u00f3n ideal para usuarios dom\u00e9sticos y empresariales.<\/p>\n<p>Hardware Empresarial<br \/>\nCon Qualcomm Atheros chipsets de nivel empresarial, antenas de alta ganancia, un material de gran calidad, caja especialmente dise\u00f1ada, y la fuente de alimentaci\u00f3n PoE, CPE220 est\u00e1 especialmente dise\u00f1ado para uso en exteriores y puede operar sin problemas en casi cualquier clima, con temperaturas de funcionamiento desde -30 ? (- 22 ?) a 70 ? (158 ?).<\/p>\n<p>Transmisi\u00f3n Inal\u00e1mbrica de m\u00e1s de 13 km de alcance<br \/>\nUn dise\u00f1o que rompe las barreras del rango tradicional de transmisi\u00f3n Wi-Fi, por lo que CPE220 es un producto ideal para aplicaciones al aire libre para redes inal\u00e1mbricas.<\/p>\n","protected":false},"excerpt":{"rendered":"<p>CPE de Exterior 2.4Gz 300Mbps 12dBi -Antena incorporada de 12dBi 2&#215;2 MIMO direccional de doble polarizado -Potencia de transmisi\u00f3n ajustable de 0 a 30dBm\/1000mw -Optimizaciones a nivel de sistema para transmisi\u00f3n inal\u00e1mbrica de m\u00e1s de 13 kil\u00f3metros de largo alcance -La Tecnolog\u00eda TP-LINK Pharos MAXtream TDMA (Time-Division-Multiple-Access) mejora el rendimiento del producto, la capacidad y [&hellip;]<\/p>\n","protected":false},"featured_media":5238,"comment_status":"closed","ping_status":"closed","template":"","meta":{"_acf_changed":false},"product_cat":[377,104,282,167],"product_tag":[],"acf":[],"aioseo_notices":[],"jetpack_sharing_enabled":true,"_links":{"self":[{"href":"https:\/\/www.estudiotecno.com.ar\/tienda\/wp-json\/wp\/v2\/product\/4498"}],"collection":[{"href":"https:\/\/www.estudiotecno.com.ar\/tienda\/wp-json\/wp\/v2\/product"}],"about":[{"href":"https:\/\/www.estudiotecno.com.ar\/tienda\/wp-json\/wp\/v2\/types\/product"}],"replies":[{"embeddable":true,"href":"https:\/\/www.estudiotecno.com.ar\/tienda\/wp-json\/wp\/v2\/comments?post=4498"}],"wp:featuredmedia":[{"embeddable":true,"href":"https:\/\/www.estudiotecno.com.ar\/tienda\/wp-json\/wp\/v2\/media\/5238"}],"wp:attachment":[{"href":"https:\/\/www.estudiotecno.com.ar\/tienda\/wp-json\/wp\/v2\/media?parent=4498"}],"wp:term":[{"taxonomy":"product_cat","embeddable":true,"href":"https:\/\/www.estudiotecno.com.ar\/tienda\/wp-json\/wp\/v2\/product_cat?post=4498"},{"taxonomy":"product_tag","embeddable":true,"href":"https:\/\/www.estudiotecno.com.ar\/tienda\/wp-json\/wp\/v2\/product_tag?post=4498"}],"curies":[{"name":"wp","href":"https:\/\/api.w.org\/{rel}","templated":true}]}}