{"id":4475,"date":"2022-07-13T11:14:37","date_gmt":"2022-07-13T14:14:37","guid":{"rendered":"https:\/\/www.estudiotecno.com.ar\/tienda\/?post_type=product&#038;p=4475"},"modified":"2025-09-03T12:58:16","modified_gmt":"2025-09-03T15:58:16","slug":"ds-2cd1643g0-iz-camara-ip-4-mp-bullet-varifocal-motorizada-lente-2-8-a-12mm-exir-30-metros-con-slot","status":"publish","type":"product","link":"https:\/\/www.estudiotecno.com.ar\/tienda\/producto\/ds-2cd1643g0-iz-camara-ip-4-mp-bullet-varifocal-motorizada-lente-2-8-a-12mm-exir-30-metros-con-slot\/","title":{"rendered":"DS-2CD1643G0-IZ | C\u00e1mara IP 4 MP Bullet Varifocal Motorizada. Lente 2.8 a 12mm. EXIR 30 metros. Con SLOT"},"content":{"rendered":"<div><span style=\"font-family: Arial, Verdana;\">CAMARA HIKVISION IP 4MPX BULLET, VARIFOCAL MOTORIZADA, 2.8~12MM VFLENTE\u00a0<\/span>(-Z:MOTORIZED VFLENTE), APTA PARA INTERPERIE IP67, 30M IR, DWDR, COMPLETAMENTE METALICA, 1\/3&#8243; PROGRESSIVE CMOS, FILTRO MECANICO DE INFRARROJOS ICR, 2560X1440:20FPS(P)\/(N), 2304X1296:25FPS(P)\/30FPS(N), COMPRESION H.265+\/H265\/H.264+&amp;H.264, REDUCCION DE RUIDO 3D DNR, COMPENSACION DE LUZ DE FONDO BLC, ILUMINADOR HASTA 30M, ALIMENTACION DC12V &amp; POE, TF CARD SLOT OPERATIVO, CONECCION A HIK-CONNECT<\/div>\n<p>&nbsp;<\/p>\n<h3>Caracter\u00edsticas<\/h3>\n<p class=\"separador\">Camera<\/p>\n<div>-Image: Sensor 1\/3&#8243; Progressive Scan CMOS<\/div>\n<div>-Min.\u00a0Illumination: Color: 0.01 Lux @(F1.2, AGC ON), 0.018 Lux @ (F1.6, AGC ON)<\/div>\n<div>-Shutter Speed: 1\/3 s to 1\/100, 000 s, support slow shutter<\/div>\n<div>-Slow Shutter: Yes<\/div>\n<div>-Auto-Iris: No<\/div>\n<div>-Day &amp; Night: IR cut filter<\/div>\n<div>-Digital Noise Reduction: 3D DNR<\/div>\n<div>-WDR:120 dB<\/div>\n<div>-Angle Adjustment: Pan: 0\u00b0 to 360\u00b0, tilt: 0\u00b0to 90\u00b0, rotation: 0\u00b0 to 360\u00b0<\/div>\n<div>Lens<\/div>\n<div>-Focal Length: 2.8 to 12 mm<\/div>\n<div>-Aperture: F1.6<\/div>\n<div>-Focus: -I: Manual -IZ: Auto<\/div>\n<div>-FOV: Horizontal field of view: 98\u00b0to 28\u00b0 Vertical field of view: 51\u00b0to 16\u00b0 Diagonal field of view: 115\u00b0to 32\u00b0<\/div>\n<div>-Lens Mount: \u03a614<\/div>\n<div>IR<\/div>\n<div>-IR Range: Up to 30 m<\/div>\n<div>-Wavelength: 850 nm<\/div>\n<div>Compression Standard<\/div>\n<div>-Video Compression: Main stream: H.265\/H.264 Sub-stream: H.265\/H.264\/MJPEG<\/div>\n<div>-H.264 Type: Baseline Profile\/Main Profile\/High Profile<\/div>\n<div>-H.264+: Main stream supports<\/div>\n<div>-H.265: Type Main Profile<\/div>\n<div>-H.265+: Main stream supports<\/div>\n<div>-Video Bit Rate 32 Kbps to 8 Mbps<\/div>\n<div>Smart Feature-set:<\/div>\n<div>-Region of Interest: 1 fixed region for main stream and sub-stream<\/div>\n<div>Image<\/div>\n<div>-Max. Resolution: 2560 \u00d7 1440<\/div>\n<div>-Main Stream: 50Hz: 20fps (2560 \u00d7 1440), 25fps (2304 \u00d7 1296, 1920 \u00d7 1080, 1280 \u00d7 720)<\/div>\n<div>-Max. Frame Rate:\u00a060Hz: 20fps (2560 \u00d7 1440), 30fps (2304 \u00d7 1296, 1920 \u00d7 1080, 1280 \u00d7 720)<\/div>\n<div>-Sub-stream: 50Hz: 25fps (640 \u00d7 480, 640 \u00d7 360, 320 \u00d7 240)<\/div>\n<div>-Max. Frame Rate:\u00a060Hz: 30fps (640 \u00d7 480, 640 \u00d7 360, 320 \u00d7 240)<\/div>\n<div>-Image Enhancement: BLC, 3D DNR<\/div>\n<div>-Image Settings: Saturation, brightness, contrast, sharpness, AGC, white balance adjustable by client software or web browser<\/div>\n<div>-Day\/Night Switch: Auto, scheduled<\/div>\n<div>Network<\/div>\n<div>-Network Storage: Support Micro SD\/SDHC\/SDXC card (128G ), local storage and NAS (NFS,SMB\/CIFS), ANR<\/div>\n<div>-Alarm Trigger: Motion detection, video tampering alarm, network disconnected, IP address conflicted, illegal login<\/div>\n<div>-Protocols TCP\/IP, ICMP, HTTP, HTTPS, FTP, DHCP, DNS, DDNS, RTP, RTSP, RTCP, NTP, UPnP\u0099, SMTP, IGMP,802.1X, QoS, IPv6, UDP, Bonjour<\/div>\n<div>-General Function: One-key reset, anti-flicker, heartbeat, mirror, password protection, privacy mask, watermark<\/div>\n<div>-Firmware Version: 5.5.3 API ONVIF (PROFILE S, PROFILE G), ISAPI<\/div>\n<div>-Simultaneous Live View: Up to 6 channels<\/div>\n<div>-User\/Host: Up to 32 users 3 levels: Administrator, Operator and User<\/div>\n<div>-Client: iVMS-4200, iVMS-4500, iVMS-5200<\/div>\n<div>-Web Browser: IE8+, Chrome 31.0-44, Firefox 30.0-51, Safari 8.0+<\/div>\n<div>Interface<\/div>\n<div>-Communication Interface: 1 RJ45 10M\/100M self-adaptive Ethernet port<\/div>\n<div>-Video Output: (Without -Z) 1Vp-p composite output (75 \u03a9\/BNC)<\/div>\n<div>-Reset Button: Yes<\/div>\n<div>General<\/div>\n<div>-Operating Conditions: -30 \u00b0C to 60 \u00b0C (-22 \u00b0F to 140 \u00b0F), humidity: 95% or less (non-condensing)<\/div>\n<div>-Power Supply: 12 VDC \u00b1 20%, 5.5 mm coaxial power plug PoE (802.3af, class 3)<\/div>\n<div>-Power Consumption and Current: -IZ: 12 VDC, 0.9 A, max. 11 W; PoE: (802.3af, 36 V to 57 V), 0.4 A to 0.2 A, max. 12.9 W -I: 12 VDC, 0.6 A, max. 7 W; PoE: (802.3af, 36 V to 57 V), 0.3 A to 0.1 A, max. 9 W<\/div>\n<div>-Protection Level: IP67 TVS 2000V lightning protection, surge protection and voltage transient protection<\/div>\n<div>-Material: Metal<\/div>\n<div>-Dimensions: 105 mm \u00d7 105 mm \u00d7 145 mm (4.1&#8243; \u00d7 4.1&#8243; \u00d7 5.7&#8243;)<\/div>\n<div>-Weight: Camera: approx. 1035 g (2.3 lb.) With package: approx. 1550 g (3.4 lb.)<\/div>\n","protected":false},"excerpt":{"rendered":"<p>CAMARA HIKVISION IP 4MPX BULLET, VARIFOCAL MOTORIZADA, 2.8~12MM VFLENTE\u00a0(-Z:MOTORIZED VFLENTE), APTA PARA INTERPERIE IP67, 30M IR, DWDR, COMPLETAMENTE METALICA, 1\/3&#8243; PROGRESSIVE CMOS, FILTRO MECANICO DE INFRARROJOS ICR, 2560X1440:20FPS(P)\/(N), 2304X1296:25FPS(P)\/30FPS(N), COMPRESION H.265+\/H265\/H.264+&amp;H.264, REDUCCION DE RUIDO 3D DNR, COMPENSACION DE LUZ DE FONDO BLC, ILUMINADOR HASTA 30M, ALIMENTACION DC12V &amp; POE, TF CARD SLOT OPERATIVO, CONECCION A [&hellip;]<\/p>\n","protected":false},"featured_media":5176,"comment_status":"closed","ping_status":"closed","template":"","meta":{"_acf_changed":false},"product_cat":[371,308,134,94],"product_tag":[],"acf":[],"aioseo_notices":[],"jetpack_sharing_enabled":true,"_links":{"self":[{"href":"https:\/\/www.estudiotecno.com.ar\/tienda\/wp-json\/wp\/v2\/product\/4475"}],"collection":[{"href":"https:\/\/www.estudiotecno.com.ar\/tienda\/wp-json\/wp\/v2\/product"}],"about":[{"href":"https:\/\/www.estudiotecno.com.ar\/tienda\/wp-json\/wp\/v2\/types\/product"}],"replies":[{"embeddable":true,"href":"https:\/\/www.estudiotecno.com.ar\/tienda\/wp-json\/wp\/v2\/comments?post=4475"}],"wp:featuredmedia":[{"embeddable":true,"href":"https:\/\/www.estudiotecno.com.ar\/tienda\/wp-json\/wp\/v2\/media\/5176"}],"wp:attachment":[{"href":"https:\/\/www.estudiotecno.com.ar\/tienda\/wp-json\/wp\/v2\/media?parent=4475"}],"wp:term":[{"taxonomy":"product_cat","embeddable":true,"href":"https:\/\/www.estudiotecno.com.ar\/tienda\/wp-json\/wp\/v2\/product_cat?post=4475"},{"taxonomy":"product_tag","embeddable":true,"href":"https:\/\/www.estudiotecno.com.ar\/tienda\/wp-json\/wp\/v2\/product_tag?post=4475"}],"curies":[{"name":"wp","href":"https:\/\/api.w.org\/{rel}","templated":true}]}}