{"id":4422,"date":"2022-06-22T16:32:10","date_gmt":"2022-06-22T19:32:10","guid":{"rendered":"https:\/\/www.estudiotecno.com.ar\/tienda\/?post_type=product&#038;p=4422"},"modified":"2026-04-10T16:07:52","modified_gmt":"2026-04-10T19:07:52","slug":"memoria-32gb-kingston-canvas-select-plus-sdcs2-32gb","status":"publish","type":"product","link":"https:\/\/www.estudiotecno.com.ar\/tienda\/producto\/memoria-32gb-kingston-canvas-select-plus-sdcs2-32gb\/","title":{"rendered":"Memoria 32GB Kingston Canvas select plus SDCS2\/32GB"},"content":{"rendered":"<p>Siendo la tarjeta SD m\u00e1s peque\u00f1a disponible, la microSD<br \/>\nClase 10 es la opci\u00f3n de almacenamiento expandible<br \/>\nest\u00e1ndar para muchas tablets, tel\u00e9fonos inteligentes<br \/>\ny c\u00e1maras de acci\u00f3n.Marca: Kingston<br \/>\nL\u00ednea: Canvas Select<br \/>\nModelo: SDCS2\/64GB<\/p>\n","protected":false},"excerpt":{"rendered":"<p>Siendo la tarjeta SD m\u00e1s peque\u00f1a disponible, la microSD Clase 10 es la opci\u00f3n de almacenamiento expandible est\u00e1ndar para muchas tablets, tel\u00e9fonos inteligentes y c\u00e1maras de acci\u00f3n.Marca: Kingston L\u00ednea: Canvas Select Modelo: SDCS2\/64GB<\/p>\n","protected":false},"featured_media":5215,"comment_status":"closed","ping_status":"closed","template":"","meta":{"_acf_changed":false},"product_cat":[374,281,190],"product_tag":[],"acf":[],"aioseo_notices":[],"jetpack_sharing_enabled":true,"_links":{"self":[{"href":"https:\/\/www.estudiotecno.com.ar\/tienda\/wp-json\/wp\/v2\/product\/4422"}],"collection":[{"href":"https:\/\/www.estudiotecno.com.ar\/tienda\/wp-json\/wp\/v2\/product"}],"about":[{"href":"https:\/\/www.estudiotecno.com.ar\/tienda\/wp-json\/wp\/v2\/types\/product"}],"replies":[{"embeddable":true,"href":"https:\/\/www.estudiotecno.com.ar\/tienda\/wp-json\/wp\/v2\/comments?post=4422"}],"wp:featuredmedia":[{"embeddable":true,"href":"https:\/\/www.estudiotecno.com.ar\/tienda\/wp-json\/wp\/v2\/media\/5215"}],"wp:attachment":[{"href":"https:\/\/www.estudiotecno.com.ar\/tienda\/wp-json\/wp\/v2\/media?parent=4422"}],"wp:term":[{"taxonomy":"product_cat","embeddable":true,"href":"https:\/\/www.estudiotecno.com.ar\/tienda\/wp-json\/wp\/v2\/product_cat?post=4422"},{"taxonomy":"product_tag","embeddable":true,"href":"https:\/\/www.estudiotecno.com.ar\/tienda\/wp-json\/wp\/v2\/product_tag?post=4422"}],"curies":[{"name":"wp","href":"https:\/\/api.w.org\/{rel}","templated":true}]}}