{"id":4407,"date":"2022-06-15T18:28:52","date_gmt":"2022-06-15T21:28:52","guid":{"rendered":"https:\/\/www.estudiotecno.com.ar\/tienda\/?post_type=product&#038;p=4407"},"modified":"2025-09-03T12:58:09","modified_gmt":"2025-09-03T15:58:09","slug":"ds-pkf1-wb-control-remoto-para-alarma","status":"publish","type":"product","link":"https:\/\/www.estudiotecno.com.ar\/tienda\/producto\/ds-pkf1-wb-control-remoto-para-alarma\/","title":{"rendered":"DS-PKF1-WB | Control remoto para alarma"},"content":{"rendered":"<p>El llavero de la serie DS-PKF1-WB admite la operaci\u00f3n instant\u00e1nea de armado y desarmado. Es parte del sistema de control de seguridad. Tecnolog\u00eda inal\u00e1mbrica bidireccional. Combinaci\u00f3n de botones configurable. Bater\u00eda f\u00e1cilmente reemplazable. Voltaje de Operaci\u00f3n: Bater\u00eda de 3V \/ 1 x CR2032 (Incluida). Tiempo \u00fatil de la bater\u00eda: 3 a\u00f1os. Temperatura de operaci\u00f3n: -10\u00b0 &#8211; 55\u00b0C. Peso: 16 gramos. Dimensiones: 35.2 x 63.2 x 11.3 mm.<\/p>\n","protected":false},"excerpt":{"rendered":"<p>El llavero de la serie DS-PKF1-WB admite la operaci\u00f3n instant\u00e1nea de armado y desarmado. Es parte del sistema de control de seguridad. Tecnolog\u00eda inal\u00e1mbrica bidireccional. Combinaci\u00f3n de botones configurable. Bater\u00eda f\u00e1cilmente reemplazable. Voltaje de Operaci\u00f3n: Bater\u00eda de 3V \/ 1 x CR2032 (Incluida). Tiempo \u00fatil de la bater\u00eda: 3 a\u00f1os. Temperatura de operaci\u00f3n: -10\u00b0 &#8211; [&hellip;]<\/p>\n","protected":false},"featured_media":5294,"comment_status":"closed","ping_status":"closed","template":"","meta":{"_acf_changed":false},"product_cat":[313,134,94],"product_tag":[],"acf":[],"aioseo_notices":[],"jetpack_sharing_enabled":true,"_links":{"self":[{"href":"https:\/\/www.estudiotecno.com.ar\/tienda\/wp-json\/wp\/v2\/product\/4407"}],"collection":[{"href":"https:\/\/www.estudiotecno.com.ar\/tienda\/wp-json\/wp\/v2\/product"}],"about":[{"href":"https:\/\/www.estudiotecno.com.ar\/tienda\/wp-json\/wp\/v2\/types\/product"}],"replies":[{"embeddable":true,"href":"https:\/\/www.estudiotecno.com.ar\/tienda\/wp-json\/wp\/v2\/comments?post=4407"}],"wp:featuredmedia":[{"embeddable":true,"href":"https:\/\/www.estudiotecno.com.ar\/tienda\/wp-json\/wp\/v2\/media\/5294"}],"wp:attachment":[{"href":"https:\/\/www.estudiotecno.com.ar\/tienda\/wp-json\/wp\/v2\/media?parent=4407"}],"wp:term":[{"taxonomy":"product_cat","embeddable":true,"href":"https:\/\/www.estudiotecno.com.ar\/tienda\/wp-json\/wp\/v2\/product_cat?post=4407"},{"taxonomy":"product_tag","embeddable":true,"href":"https:\/\/www.estudiotecno.com.ar\/tienda\/wp-json\/wp\/v2\/product_tag?post=4407"}],"curies":[{"name":"wp","href":"https:\/\/api.w.org\/{rel}","templated":true}]}}