{"id":4400,"date":"2022-06-15T18:19:32","date_gmt":"2022-06-15T21:19:32","guid":{"rendered":"https:\/\/www.estudiotecno.com.ar\/tienda\/?post_type=product&#038;p=4400"},"modified":"2025-09-03T12:58:07","modified_gmt":"2025-09-03T15:58:07","slug":"ds-pdpc12pf-eg2-wb-pircam-hikvision-axpro-interior","status":"publish","type":"product","link":"https:\/\/www.estudiotecno.com.ar\/tienda\/producto\/ds-pdpc12pf-eg2-wb-pircam-hikvision-axpro-interior\/","title":{"rendered":"DS-PDPC12PF-EG2-WB | PIRCAM HIKVISION AXPRO INTERIOR"},"content":{"rendered":"<p><span style=\"font-family: Arial, Verdana;\">PIRCAM HIKVISION AXPRO INTERIOR, TECNOLOG\u00cdA INAL\u00c1MBRICA DE 2 V\u00cdAS, 12M DE ALCANCE EFECTIVO, ANTI MASCOTAS HASTA 30 KG, FRECUENCIA 433MHZ, CR123A X 3, 6A\u00d1OS DE DURACI\u00d3N DE LA BATER\u00cdA.<\/span><\/p>\n","protected":false},"excerpt":{"rendered":"<p>PIRCAM HIKVISION AXPRO INTERIOR, TECNOLOG\u00cdA INAL\u00c1MBRICA DE 2 V\u00cdAS, 12M DE ALCANCE EFECTIVO, ANTI MASCOTAS HASTA 30 KG, FRECUENCIA 433MHZ, CR123A X 3, 6A\u00d1OS DE DURACI\u00d3N DE LA BATER\u00cdA.<\/p>\n","protected":false},"featured_media":5293,"comment_status":"closed","ping_status":"closed","template":"","meta":{"_acf_changed":false},"product_cat":[313,134,347,94],"product_tag":[],"acf":[],"aioseo_notices":[],"jetpack_sharing_enabled":true,"_links":{"self":[{"href":"https:\/\/www.estudiotecno.com.ar\/tienda\/wp-json\/wp\/v2\/product\/4400"}],"collection":[{"href":"https:\/\/www.estudiotecno.com.ar\/tienda\/wp-json\/wp\/v2\/product"}],"about":[{"href":"https:\/\/www.estudiotecno.com.ar\/tienda\/wp-json\/wp\/v2\/types\/product"}],"replies":[{"embeddable":true,"href":"https:\/\/www.estudiotecno.com.ar\/tienda\/wp-json\/wp\/v2\/comments?post=4400"}],"wp:featuredmedia":[{"embeddable":true,"href":"https:\/\/www.estudiotecno.com.ar\/tienda\/wp-json\/wp\/v2\/media\/5293"}],"wp:attachment":[{"href":"https:\/\/www.estudiotecno.com.ar\/tienda\/wp-json\/wp\/v2\/media?parent=4400"}],"wp:term":[{"taxonomy":"product_cat","embeddable":true,"href":"https:\/\/www.estudiotecno.com.ar\/tienda\/wp-json\/wp\/v2\/product_cat?post=4400"},{"taxonomy":"product_tag","embeddable":true,"href":"https:\/\/www.estudiotecno.com.ar\/tienda\/wp-json\/wp\/v2\/product_tag?post=4400"}],"curies":[{"name":"wp","href":"https:\/\/api.w.org\/{rel}","templated":true}]}}