{"id":4327,"date":"2022-06-02T16:40:53","date_gmt":"2022-06-02T19:40:53","guid":{"rendered":"https:\/\/www.estudiotecno.com.ar\/tienda\/?post_type=product&#038;p=4327"},"modified":"2025-09-03T12:58:45","modified_gmt":"2025-09-03T15:58:45","slug":"ds-2cd1327g0-l-camara-hikvision-colorvu-domo-2-mp-lente-2-8-mm","status":"publish","type":"product","link":"https:\/\/www.estudiotecno.com.ar\/tienda\/producto\/ds-2cd1327g0-l-camara-hikvision-colorvu-domo-2-mp-lente-2-8-mm\/","title":{"rendered":"DS-2CD1327G0-L | C\u00e1mara HIKVISION ColorVu Domo 2 MP. Lente 2.8 mm"},"content":{"rendered":"<p><span style=\"font-family: Arial, Verdana;\">Camara Hikvision ColorVu Domo 2 MP. Lente 2.8 mm. IP67. H.265 + \/ H.265 \/ H.264 + \/ H.264<\/span><\/p>\n<ul class=\"tech-specs-items-description\" data-target=\"Camera \">\n<li class=\"tech-specs-items-description-list\"><span class=\"tech-specs-items-description__title--heading\">C\u00e1mara<\/span><\/li>\n<li class=\"tech-specs-items-description-list\"><span class=\"tech-specs-items-description__title\">Sensor De Imagen<\/span><span class=\"tech-specs-items-description__title-details\">CMOS de barrido progresivo de 1 \/ 2,8 \u00ab<\/span><\/li>\n<li class=\"tech-specs-items-description-list\"><span class=\"tech-specs-items-description__title\">Min.\u00a0Iluminaci\u00f3n<\/span><span class=\"tech-specs-items-description__title-details\">Color: 0.001 Lux @ (F1.0, AGC ON)<\/span><\/li>\n<li class=\"tech-specs-items-description-list\"><span class=\"tech-specs-items-description__title\">Velocidad De Obturaci\u00f3n<\/span><span class=\"tech-specs-items-description__title-details\">1\/3 sa 1 \/ 100,000 s<\/span><\/li>\n<li class=\"tech-specs-items-description-list\"><span class=\"tech-specs-items-description__title\">Obturador Lento<\/span><span class=\"tech-specs-items-description__title-details\">si<\/span><\/li>\n<li class=\"tech-specs-items-description-list\"><span class=\"tech-specs-items-description__title\">Ajuste De \u00c1ngulo<\/span><span class=\"tech-specs-items-description__title-details\">Panor\u00e1mica: 0 \u00b0 a 360 \u00b0, inclinaci\u00f3n: 0 \u00b0 a 75 \u00b0, rotaci\u00f3n: 0 \u00b0 a 360 \u00b0<\/span><\/li>\n<li class=\"tech-specs-items-description-list\"><span class=\"tech-specs-items-description__title\">P \/ N<\/span><span class=\"tech-specs-items-description__title-details\">P \/ N<\/span><\/li>\n<li class=\"tech-specs-items-description-list\"><span class=\"tech-specs-items-description__title\">Amplio Rango Din\u00e1mico<\/span><span class=\"tech-specs-items-description__title-details\">WDR digital<\/span><\/li>\n<\/ul>\n<ul class=\"tech-specs-items-description\" data-target=\"Lens\">\n<li class=\"tech-specs-items-description-list\"><span class=\"tech-specs-items-description__title--heading\">Lente<\/span><\/li>\n<li class=\"tech-specs-items-description-list\"><span class=\"tech-specs-items-description__title\">Tipo De Lente Y Campo De Visi\u00f3n<\/span>\n<p class=\"mb-p\">2,8 mm, FOV horizontal 107 \u00b0, FOV vertical 56 \u00b0, FOV diagonal 127 \u00b0<\/p>\n<p class=\"mb-p\">4 mm, FOV horizontal 84 \u00b0, FOV vertical 45 \u00b0, FOV diagonal 99 \u00b0<\/p>\n<\/li>\n<li class=\"tech-specs-items-description-list\"><span class=\"tech-specs-items-description__title\">Abertura<\/span><span class=\"tech-specs-items-description__title-details\">F1.0<\/span><\/li>\n<li class=\"tech-specs-items-description-list\"><span class=\"tech-specs-items-description__title\">Montura Del Lente<\/span><span class=\"tech-specs-items-description__title-details\">M12<\/span><\/li>\n<li class=\"tech-specs-items-description-list\"><span class=\"tech-specs-items-description__title\">Tipo De Apertura<\/span><span class=\"tech-specs-items-description__title-details\">Fijo<\/span><\/li>\n<li class=\"tech-specs-items-description-list\"><span class=\"tech-specs-items-description__title\">Profundidad De Foco<\/span>\n<p class=\"mb-p\">2,8 mm: 1,7 ma \u221e<\/p>\n<p class=\"mb-p\">4 mm: 2,1 ma \u221e<\/p>\n<\/li>\n<\/ul>\n<ul class=\"tech-specs-items-description\" data-target=\"Illuminator\">\n<li class=\"tech-specs-items-description-list\"><span class=\"tech-specs-items-description__title--heading\">Iluminador<\/span><\/li>\n<li class=\"tech-specs-items-description-list\"><span class=\"tech-specs-items-description__title\">Luz Suplementaria Inteligente<\/span><span class=\"tech-specs-items-description__title-details\">si<\/span><\/li>\n<li class=\"tech-specs-items-description-list\"><span class=\"tech-specs-items-description__title\">Suplemento De Luz<\/span><span class=\"tech-specs-items-description__title-details\">Blanco<\/span><\/li>\n<li class=\"tech-specs-items-description-list\"><span class=\"tech-specs-items-description__title\">Rango De Luz Blanca<\/span><span class=\"tech-specs-items-description__title-details\">Hasta 30 m<\/span><\/li>\n<\/ul>\n<ul class=\"tech-specs-items-description\" data-target=\"Video\">\n<li class=\"tech-specs-items-description-list\"><span class=\"tech-specs-items-description__title--heading\">V\u00eddeo<\/span><\/li>\n<li class=\"tech-specs-items-description-list\"><span class=\"tech-specs-items-description__title\">Convencional<\/span>\n<p class=\"mb-p\">50Hz: 25 fps (1920 \u00d7 1080, 1280 \u00d7 960, 1280 \u00d7 720)<\/p>\n<p class=\"mb-p\">60Hz: 30 fps (1920 \u00d7 1080, 1280 \u00d7 960, 1280 \u00d7 720)<\/p>\n<\/li>\n<li class=\"tech-specs-items-description-list\"><span class=\"tech-specs-items-description__title\">Sub Corriente<\/span>\n<p class=\"mb-p\">50Hz: 25 fps (640 \u00d7 480, 640 \u00d7 360, 320 \u00d7 240)<\/p>\n<p class=\"mb-p\">60Hz: 30 fps (640 \u00d7 480, 640 \u00d7 360, 320 \u00d7 240)<\/p>\n<\/li>\n<li class=\"tech-specs-items-description-list\"><span class=\"tech-specs-items-description__title\">Compresi\u00f3n De Video<\/span>\n<p class=\"mb-p\">Flujo principal: H.265 + \/ H.265 \/ H.264 + \/ H.264<\/p>\n<p class=\"mb-p\">Subflujo: H.265 \/ H.264 \/ MJPEG<\/p>\n<\/li>\n<li class=\"tech-specs-items-description-list\"><span class=\"tech-specs-items-description__title\">Bitrate De V\u00eddeo<\/span><span class=\"tech-specs-items-description__title-details\">32 Kbps a 8 Mbps<\/span><\/li>\n<li class=\"tech-specs-items-description-list\"><span class=\"tech-specs-items-description__title\">Tipo H.264<\/span><span class=\"tech-specs-items-description__title-details\">Perfil de l\u00ednea base \/ perfil principal \/ perfil alto<\/span><\/li>\n<li class=\"tech-specs-items-description-list\"><span class=\"tech-specs-items-description__title\">Tipo H.265<\/span><span class=\"tech-specs-items-description__title-details\">Perfil Principal<\/span><\/li>\n<li class=\"tech-specs-items-description-list\"><span class=\"tech-specs-items-description__title\">Regi\u00f3n De Inter\u00e9s (ROI)<\/span><span class=\"tech-specs-items-description__title-details\">1 regi\u00f3n fija para flujo principal<\/span><\/li>\n<\/ul>\n<ul class=\"tech-specs-items-description\" data-target=\"Network\">\n<li class=\"tech-specs-items-description-list\"><span class=\"tech-specs-items-description__title--heading\">Red<\/span><\/li>\n<li class=\"tech-specs-items-description-list\"><span class=\"tech-specs-items-description__title\">Vista En Vivo Simult\u00e1nea<\/span><span class=\"tech-specs-items-description__title-details\">Hasta 6 canales<\/span><\/li>\n<li class=\"tech-specs-items-description-list\"><span class=\"tech-specs-items-description__title\">API<\/span><span class=\"tech-specs-items-description__title-details\">ONVIF (PERFIL S, PERFIL G), ISAPI, SDK<\/span><\/li>\n<li class=\"tech-specs-items-description-list\"><span class=\"tech-specs-items-description__title\">Protocolos<\/span><span class=\"tech-specs-items-description__title-details\">TCP \/ IP, ICMP, HTTP, FTP, DHCP, DNS, DDNS, RTP, RTSP, RTCP, NTP, UPnP, SMTP, IGMP, QoS, IPv6, UDP, Bonjour, SSL \/ TLS<\/span><\/li>\n<li class=\"tech-specs-items-description-list\"><span class=\"tech-specs-items-description__title\">Usuario \/ Anfitri\u00f3n<\/span><span class=\"tech-specs-items-description__title-details\">Hasta 32 usuarios.\u00a03 niveles de usuario: administrador, operador y usuario<\/span><\/li>\n<li class=\"tech-specs-items-description-list\"><span class=\"tech-specs-items-description__title\">Seguridad<\/span><span class=\"tech-specs-items-description__title-details\">Protecci\u00f3n por contrase\u00f1a, contrase\u00f1a complicada, cifrado HTTPS, filtro de direcci\u00f3n IP, registro de auditor\u00eda de seguridad, autenticaci\u00f3n b\u00e1sica y digest para HTTP \/ HTTPS, TLS 1.2, WSSE y autenticaci\u00f3n impl\u00edcita para ONVIF<\/span><\/li>\n<li class=\"tech-specs-items-description-list\"><span class=\"tech-specs-items-description__title\">Cliente<\/span><span class=\"tech-specs-items-description__title-details\">iVMS-4200, Hik-Connect, Hik-Central<\/span><\/li>\n<li class=\"tech-specs-items-description-list\"><span class=\"tech-specs-items-description__title\">Navegador Web<\/span>\n<p class=\"mb-p\">Vista en vivo requerida por complemento: IE8, IE9, IE10, IE11<\/p>\n<p class=\"mb-p\">Servicio local: Chrome 57.0+, Firefox 52.0+<\/p>\n<\/li>\n<\/ul>\n<ul class=\"tech-specs-items-description\" data-target=\"Image\">\n<li class=\"tech-specs-items-description-list\"><span class=\"tech-specs-items-description__title--heading\">Imagen<\/span><\/li>\n<li class=\"tech-specs-items-description-list\"><span class=\"tech-specs-items-description__title\">Interruptor D\u00eda \/ Noche<\/span><span class=\"tech-specs-items-description__title-details\">D\u00eda, noche, autom\u00e1tico, horario<\/span><\/li>\n<li class=\"tech-specs-items-description-list\"><span class=\"tech-specs-items-description__title\">Mejora De La Imagen<\/span><span class=\"tech-specs-items-description__title-details\">BLC, HLC, 3D DNR<\/span><\/li>\n<\/ul>\n","protected":false},"excerpt":{"rendered":"<p>Camara Hikvision ColorVu Domo 2 MP. Lente 2.8 mm. IP67. H.265 + \/ H.265 \/ H.264 + \/ H.264 C\u00e1mara Sensor De ImagenCMOS de barrido progresivo de 1 \/ 2,8 \u00ab Min.\u00a0Iluminaci\u00f3nColor: 0.001 Lux @ (F1.0, AGC ON) Velocidad De Obturaci\u00f3n1\/3 sa 1 \/ 100,000 s Obturador Lentosi Ajuste De \u00c1nguloPanor\u00e1mica: 0 \u00b0 a 360 [&hellip;]<\/p>\n","protected":false},"featured_media":5162,"comment_status":"closed","ping_status":"closed","template":"","meta":{"_acf_changed":false},"product_cat":[370,308,134,94],"product_tag":[],"acf":[],"aioseo_notices":[],"jetpack_sharing_enabled":true,"_links":{"self":[{"href":"https:\/\/www.estudiotecno.com.ar\/tienda\/wp-json\/wp\/v2\/product\/4327"}],"collection":[{"href":"https:\/\/www.estudiotecno.com.ar\/tienda\/wp-json\/wp\/v2\/product"}],"about":[{"href":"https:\/\/www.estudiotecno.com.ar\/tienda\/wp-json\/wp\/v2\/types\/product"}],"replies":[{"embeddable":true,"href":"https:\/\/www.estudiotecno.com.ar\/tienda\/wp-json\/wp\/v2\/comments?post=4327"}],"wp:featuredmedia":[{"embeddable":true,"href":"https:\/\/www.estudiotecno.com.ar\/tienda\/wp-json\/wp\/v2\/media\/5162"}],"wp:attachment":[{"href":"https:\/\/www.estudiotecno.com.ar\/tienda\/wp-json\/wp\/v2\/media?parent=4327"}],"wp:term":[{"taxonomy":"product_cat","embeddable":true,"href":"https:\/\/www.estudiotecno.com.ar\/tienda\/wp-json\/wp\/v2\/product_cat?post=4327"},{"taxonomy":"product_tag","embeddable":true,"href":"https:\/\/www.estudiotecno.com.ar\/tienda\/wp-json\/wp\/v2\/product_tag?post=4327"}],"curies":[{"name":"wp","href":"https:\/\/api.w.org\/{rel}","templated":true}]}}