{"id":4202,"date":"2022-05-03T09:36:26","date_gmt":"2022-05-03T12:36:26","guid":{"rendered":"https:\/\/www.estudiotecno.com.ar\/tienda\/?post_type=product&#038;p=4202"},"modified":"2022-09-27T17:20:23","modified_gmt":"2022-09-27T20:20:23","slug":"redragon-m601wl-ba","status":"publish","type":"product","link":"https:\/\/www.estudiotecno.com.ar\/tienda\/producto\/redragon-m601wl-ba\/","title":{"rendered":"Redragon M601WL-BA"},"content":{"rendered":"<p>Con m\u00e1s de 20 a\u00f1os de experiencia en fabricaci\u00f3n de productos, Redragon innova d\u00eda a d\u00eda en dise\u00f1o y calidad. Su objetivo es producir equipamiento de alta gama para jugadores, con excelentes prestaciones y a un precio accesible. Los mouses Redragon son adecuados para todas las ocasiones, ya sea para entretenerse en el hogar o usarlo en el trabajo. Experiment\u00e1 el dise\u00f1o c\u00f3modo y elegante de este dispositivo.<\/p>\n<p>Adaptado a tus movimientos<br \/>\nEl mouse de juego te ofrecer\u00e1 la posibilidad de marcar la diferencia y sacar ventajas en tus partidas. Su conectividad y sensor suave ayudar\u00e1 a que te desplaces r\u00e1pido por la pantalla.<\/p>\n<p>La funcionalidad al alcance de tu mano<br \/>\nEl sistema de detecci\u00f3n de movimiento \u00f3ptico te permitir\u00e1 mover el cursor de una manera m\u00e1s precisa y sensible que en los sistemas tradicionales.<\/p>\n<p>Rapidez y confiabilidad de los botones<br \/>\nCon sus 6 botones podr\u00e1s tener mayor control e independencia para ejecutar.<\/p>\n<p>Plug And Play<br \/>\nSolo deb\u00e9s colocar el receptor en un puerto USB de la computadora y ya pod\u00e9s empezar a usarlo. No hace falta emparejar el mouse ni descargar software para utilizarlo.<\/p>\n<p>Tecnolog\u00eda inal\u00e1mbrica<br \/>\nTrabaj\u00e1 de forma inal\u00e1mbrica y movete libremente sin ninguna interrupci\u00f3n. Al no haber cables, tu escritorio se mantiene despejado. Y adem\u00e1s, pod\u00e9s llevar tu mouse f\u00e1cilmente de un espacio de trabajo a otro.<\/p>\n<p>Apto para f\u00e1cil traslado<br \/>\nNaveg\u00e1 r\u00e1pidamente por documentos y p\u00e1ginas web gracias su dise\u00f1o ultra delgado, ergon\u00f3mico, liviano y conveniente para llevar a donde quieras o viajar.<\/p>\n","protected":false},"excerpt":{"rendered":"<p>Con m\u00e1s de 20 a\u00f1os de experiencia en fabricaci\u00f3n de productos, Redragon innova d\u00eda a d\u00eda en dise\u00f1o y calidad. Su objetivo es producir equipamiento de alta gama para jugadores, con excelentes prestaciones y a un precio accesible. Los mouses Redragon son adecuados para todas las ocasiones, ya sea para entretenerse en el hogar o [&hellip;]<\/p>\n","protected":false},"featured_media":4212,"comment_status":"closed","ping_status":"closed","template":"","meta":{"_acf_changed":false},"product_cat":[279],"product_tag":[],"acf":[],"aioseo_notices":[],"jetpack_sharing_enabled":true,"_links":{"self":[{"href":"https:\/\/www.estudiotecno.com.ar\/tienda\/wp-json\/wp\/v2\/product\/4202"}],"collection":[{"href":"https:\/\/www.estudiotecno.com.ar\/tienda\/wp-json\/wp\/v2\/product"}],"about":[{"href":"https:\/\/www.estudiotecno.com.ar\/tienda\/wp-json\/wp\/v2\/types\/product"}],"replies":[{"embeddable":true,"href":"https:\/\/www.estudiotecno.com.ar\/tienda\/wp-json\/wp\/v2\/comments?post=4202"}],"wp:featuredmedia":[{"embeddable":true,"href":"https:\/\/www.estudiotecno.com.ar\/tienda\/wp-json\/wp\/v2\/media\/4212"}],"wp:attachment":[{"href":"https:\/\/www.estudiotecno.com.ar\/tienda\/wp-json\/wp\/v2\/media?parent=4202"}],"wp:term":[{"taxonomy":"product_cat","embeddable":true,"href":"https:\/\/www.estudiotecno.com.ar\/tienda\/wp-json\/wp\/v2\/product_cat?post=4202"},{"taxonomy":"product_tag","embeddable":true,"href":"https:\/\/www.estudiotecno.com.ar\/tienda\/wp-json\/wp\/v2\/product_tag?post=4202"}],"curies":[{"name":"wp","href":"https:\/\/api.w.org\/{rel}","templated":true}]}}