{"id":4184,"date":"2022-05-02T19:48:58","date_gmt":"2022-05-02T22:48:58","guid":{"rendered":"https:\/\/www.estudiotecno.com.ar\/tienda\/?post_type=product&#038;p=4184"},"modified":"2022-10-24T19:50:20","modified_gmt":"2022-10-24T22:50:20","slug":"redragon-h320-lamia-rgb","status":"publish","type":"product","link":"https:\/\/www.estudiotecno.com.ar\/tienda\/producto\/redragon-h320-lamia-rgb\/","title":{"rendered":"Redragon H320RGB-1 Lamia2"},"content":{"rendered":"<p>Con un agradable sonido 7.1, este auricular consigue un excelente equilibrio como un dispositivo para juegos y para escuchar m\u00fasica. Para mantener el estilo que caracteriza a Redragon, un anillo con iluminaci\u00f3n RGB completa la hermosa est\u00e9tica del Lamia.<\/p>\n<h3><b>SONIDO<\/b><\/h3>\n<p>Este auricular, de sonido 7.1 con ficha USB, garantizan la mejor calidad de sonido en nuestros diafragmas de 40mm con imanes de neodimio, ideales en la construcci\u00f3n de perif\u00e9ricos de sonido.<\/p>\n<h3><b>MICR\u00d3FONO<\/b><\/h3>\n<p>Integrado en la estructura de las copas, construido sobre un brazo flexible y con recepci\u00f3n 360\u00b0, nos aportan un micr\u00f3fono eficaz y pr\u00e1cticamente irrompible para la mejor experiencia en gaming y cualquier funci\u00f3n que lo requiera.<\/p>\n<h3><b>CONSTRUCCI\u00d3N<\/b><\/h3>\n<p>Con su estructura de pl\u00e1stico ABS, diadema met\u00e1lica incorporada pr\u00e1cticamente indestructible, sumado a su vincha autoajustable y su recubrimiento circumaural, que recubre toda superficie de las orejas, de tacto suave y aislamiento ac\u00fastico pasivo nos aseguran la funcionalidad de nuestro perif\u00e9rico.<\/p>\n<p>&nbsp;<\/p>\n<p>Adem\u00e1s posee un cable engomado de 2 metros de largo, altamente resistente.<br \/>\nUn detalle est\u00e9tico de la mejor calidad es la retroiluminaci\u00f3n roja incorporada sobre los laterales del auricular, resaltando el logo de Redragon.<\/p>\n<h3><b>ILUMINACI\u00d3N<\/b><\/h3>\n<p>Un anillo con iluminaci\u00f3n RGB con un efecto giratorio adornan la copas del Lamia para darle el estilo t\u00edpico de los perif\u00e9ricos gamer de Redragon.<\/p>\n<h3><strong>STAND INCLUIDO<\/strong><\/h3>\n<p>Queremos que tengas tu setup organizado, por eso incluimos un stand para que mantengas tus Lamia al alcance y en un lugar como se merece junto a tus perif\u00e9ricos.<\/p>\n","protected":false},"excerpt":{"rendered":"<p>Con un agradable sonido 7.1, este auricular consigue un excelente equilibrio como un dispositivo para juegos y para escuchar m\u00fasica. Para mantener el estilo que caracteriza a Redragon, un anillo con iluminaci\u00f3n RGB completa la hermosa est\u00e9tica del Lamia. SONIDO Este auricular, de sonido 7.1 con ficha USB, garantizan la mejor calidad de sonido en [&hellip;]<\/p>\n","protected":false},"featured_media":4193,"comment_status":"closed","ping_status":"closed","template":"","meta":{"_acf_changed":false},"product_cat":[279],"product_tag":[],"acf":[],"aioseo_notices":[],"jetpack_sharing_enabled":true,"_links":{"self":[{"href":"https:\/\/www.estudiotecno.com.ar\/tienda\/wp-json\/wp\/v2\/product\/4184"}],"collection":[{"href":"https:\/\/www.estudiotecno.com.ar\/tienda\/wp-json\/wp\/v2\/product"}],"about":[{"href":"https:\/\/www.estudiotecno.com.ar\/tienda\/wp-json\/wp\/v2\/types\/product"}],"replies":[{"embeddable":true,"href":"https:\/\/www.estudiotecno.com.ar\/tienda\/wp-json\/wp\/v2\/comments?post=4184"}],"wp:featuredmedia":[{"embeddable":true,"href":"https:\/\/www.estudiotecno.com.ar\/tienda\/wp-json\/wp\/v2\/media\/4193"}],"wp:attachment":[{"href":"https:\/\/www.estudiotecno.com.ar\/tienda\/wp-json\/wp\/v2\/media?parent=4184"}],"wp:term":[{"taxonomy":"product_cat","embeddable":true,"href":"https:\/\/www.estudiotecno.com.ar\/tienda\/wp-json\/wp\/v2\/product_cat?post=4184"},{"taxonomy":"product_tag","embeddable":true,"href":"https:\/\/www.estudiotecno.com.ar\/tienda\/wp-json\/wp\/v2\/product_tag?post=4184"}],"curies":[{"name":"wp","href":"https:\/\/api.w.org\/{rel}","templated":true}]}}