{"id":4183,"date":"2022-05-02T19:45:17","date_gmt":"2022-05-02T22:45:17","guid":{"rendered":"https:\/\/www.estudiotecno.com.ar\/tienda\/?post_type=product&#038;p=4183"},"modified":"2022-10-24T19:37:49","modified_gmt":"2022-10-24T22:37:49","slug":"redragon-h260-hylas-white-rgb","status":"publish","type":"product","link":"https:\/\/www.estudiotecno.com.ar\/tienda\/producto\/redragon-h260-hylas-white-rgb\/","title":{"rendered":"Redragon H260 Hylas White RGB"},"content":{"rendered":"<p>Los Redragon H260 Hylas RGB son auriculares est\u00e9reo ofrecen una \u00f3ptima calidad sonora y conexi\u00f3n anal\u00f3gica de 3,5 mm. Sus diafragmas de neodimio de 50 mm brindan una claridad \u00fanica en el sonido y much\u00edsima nitidez, que se realzan gracias al impecable aislamiento que ofrecen las copas circumaurales.<br \/>\nCon estos auriculares vas a escuchar todo con lujo de detalles: el fuego enemigo, los pasos de tu contrincante, las recargas de municiones de alg\u00fan jugador cercano y mucho m\u00e1s. Es decir, todo lo que necesit\u00e1s para que tu juego sea 100% profesional.<br \/>\nAdem\u00e1s, posee un micr\u00f3fono omnidireccional optimizado para captar tu voz de la mejor manera. El micro de Redragon H260 Hylas RGB tiene un brazo flexible y tecnolog\u00eda de \u00faltima generaci\u00f3n para la cancelaci\u00f3n de ruidos externos y eco. En la caja est\u00e1 incluido el adaptador TRRS, que te permite unificar los conectores de altavoces y micr\u00f3fono en una sola ficha. De esta manera, pod\u00e9s usar tus auriculares Redragon H260 Hylas RGB en un smartphone sin perder el micr\u00f3fono.<br \/>\nEstos auriculares tienen una est\u00e9tica \u00fanica, y con su iluminaci\u00f3n RGB s\u00faper brillante, colorido y din\u00e1mico tu setup se ver\u00e1 incre\u00edble. Adem\u00e1s se alimenta por un conector USB independiente, para que nunca dejes de usarlos.<br \/>\nLas copas del Redragon H260 Hylas RGB son extremadamente c\u00f3modas, pensadas para ser utilizadas por tiempo extendido gracias al acolchado grueso, y su vincha de alta flexibilidad con una almohadilla de cuerina que se posa suavemente sobre tu cabeza.<br \/>\nAdem\u00e1s, los auriculares Redragon H260 Hylas RGB cuentan con un control de vol\u00famen integrado para que mantengas el nivel de sonido a un punto exacto de forma s\u00faper r\u00e1pida, sin interrumpir el juego.<br \/>\nUna de las ventajas de los auriculares Redragon H260 Hylas RGB es su conectividad: pod\u00e9s conectarlos a una amplia variedad de dispositivos y consolas. Son compatibles con Xbox One, Nintendo Switch, PS4, PS5, MAC, PC y cualquier equipo port\u00e1til.<\/p>\n<p>Dise\u00f1o<br \/>\nLos auriculares Redragon H260 Hylas RGB incluyen un sistema de iluminaci\u00f3n RGB brillante y colorido que se alimenta por un conector de USB independiente. Est\u00e1n equipados con copas s\u00faper acolchadas, gruesas y confortables y su vincha posee mucha flexibilidad que se adapta a cualquier tama\u00f1o.<\/p>\n<p>Calidad del sonido + sensibilidad<br \/>\nDefinitivamente, uno de los mejores auriculares gamers del mercado. Son auriculares est\u00e9reo de excelente precisi\u00f3n sonora, y diafragmas de neodimio de 50 mm que ofrecen una nitidez de sonido \u00f3ptima. Las copas circumaurales brindan aislamiento s\u00faper inmersivo, ideal para la mejor concentraci\u00f3n en el juego.<\/p>\n<p>Micr\u00f3fono<br \/>\nEl micr\u00f3fono del Redragon H260 Hylas RGB es omnidireccional y est\u00e1 100% optimizado para que tu voz se escuche siempre al frente. Presenta un brazo flexible y tecnolog\u00eda de \u00faltima generaci\u00f3n que a\u00edsla ruido y eco. Incluye un adaptador TRRS para unificar los conectores altavoces y micr\u00f3fonos en una sola ficha.<\/p>\n<p>Conectividad<br \/>\nSe trata de un auricular gamer anal\u00f3gico que permite la conexi\u00f3n a diversas consolas y dispositivos, como por ejemplo: Xbox One, Nintendo Switch, PS4, PS5, MAC, PC y tambi\u00e9n Smartphones.<\/p>\n","protected":false},"excerpt":{"rendered":"<p>Los Redragon H260 Hylas RGB son auriculares est\u00e9reo ofrecen una \u00f3ptima calidad sonora y conexi\u00f3n anal\u00f3gica de 3,5 mm. Sus diafragmas de neodimio de 50 mm brindan una claridad \u00fanica en el sonido y much\u00edsima nitidez, que se realzan gracias al impecable aislamiento que ofrecen las copas circumaurales. Con estos auriculares vas a escuchar todo [&hellip;]<\/p>\n","protected":false},"featured_media":4192,"comment_status":"closed","ping_status":"closed","template":"","meta":{"_acf_changed":false},"product_cat":[299],"product_tag":[],"acf":[],"aioseo_notices":[],"jetpack_sharing_enabled":true,"_links":{"self":[{"href":"https:\/\/www.estudiotecno.com.ar\/tienda\/wp-json\/wp\/v2\/product\/4183"}],"collection":[{"href":"https:\/\/www.estudiotecno.com.ar\/tienda\/wp-json\/wp\/v2\/product"}],"about":[{"href":"https:\/\/www.estudiotecno.com.ar\/tienda\/wp-json\/wp\/v2\/types\/product"}],"replies":[{"embeddable":true,"href":"https:\/\/www.estudiotecno.com.ar\/tienda\/wp-json\/wp\/v2\/comments?post=4183"}],"wp:featuredmedia":[{"embeddable":true,"href":"https:\/\/www.estudiotecno.com.ar\/tienda\/wp-json\/wp\/v2\/media\/4192"}],"wp:attachment":[{"href":"https:\/\/www.estudiotecno.com.ar\/tienda\/wp-json\/wp\/v2\/media?parent=4183"}],"wp:term":[{"taxonomy":"product_cat","embeddable":true,"href":"https:\/\/www.estudiotecno.com.ar\/tienda\/wp-json\/wp\/v2\/product_cat?post=4183"},{"taxonomy":"product_tag","embeddable":true,"href":"https:\/\/www.estudiotecno.com.ar\/tienda\/wp-json\/wp\/v2\/product_tag?post=4183"}],"curies":[{"name":"wp","href":"https:\/\/api.w.org\/{rel}","templated":true}]}}