{"id":4180,"date":"2022-05-02T19:36:21","date_gmt":"2022-05-02T22:36:21","guid":{"rendered":"https:\/\/www.estudiotecno.com.ar\/tienda\/?post_type=product&#038;p=4180"},"modified":"2025-06-14T11:26:02","modified_gmt":"2025-06-14T14:26:02","slug":"redragon-h120-ares","status":"publish","type":"product","link":"https:\/\/www.estudiotecno.com.ar\/tienda\/producto\/redragon-h120-ares\/","title":{"rendered":"Redragon H120 Ares"},"content":{"rendered":"<p>ARES H120 Un auricular robusto, orientado hacia los usuarios con largas sesiones con su sonido est\u00e9reo. El Ares es el perif\u00e9rico de calidad que est\u00e1s buscando. COPAS CIRCUMAURALES Este headset de la familia Redragon con sus almohadillas ovaladas que recubren la zona alrededor de las orejas, otorgan no solo comodidad absoluta sino tambi\u00e9n aislamiento de sonidos provenientes del exterior. MICR\u00d3FONO El micr\u00f3fono se encuentra dispuesto en un brazo tipo boom completamente rebatible y captaci\u00f3n de sonido unidireccional. Adicionalmente, est\u00e1 equipado con cancelaci\u00f3n de ruidos. CONSTRUCCI\u00d3N El Ares se encuentra montado sobre un chasis de pl\u00e1stico ABS reforzado, y su almohadilla en la parte inferior de la diadema proporciona comodidad sin par para sus usuarios. Su cable reforzado de dos metros coronado por dos conectores 3.5 ba\u00f1ados en oro aseguran la mejor conductividad y una pieza completamente inoxidable. Su calidad de sonido reside en su interior, equipado con diafragmas de 40mm e imanes de neodimio ofrecemos lo mejor a los usuarios. Sumamos un adaptador tipo TRRS de 3.5 para que puedas usarlos en los dispositivos que desees.<\/p>\n","protected":false},"excerpt":{"rendered":"<p>ARES H120 Un auricular robusto, orientado hacia los usuarios con largas sesiones con su sonido est\u00e9reo. El Ares es el perif\u00e9rico de calidad que est\u00e1s buscando. COPAS CIRCUMAURALES Este headset de la familia Redragon con sus almohadillas ovaladas que recubren la zona alrededor de las orejas, otorgan no solo comodidad absoluta sino tambi\u00e9n aislamiento de [&hellip;]<\/p>\n","protected":false},"featured_media":4190,"comment_status":"closed","ping_status":"closed","template":"","meta":{"_acf_changed":false},"product_cat":[279],"product_tag":[],"acf":[],"aioseo_notices":[],"jetpack_sharing_enabled":true,"_links":{"self":[{"href":"https:\/\/www.estudiotecno.com.ar\/tienda\/wp-json\/wp\/v2\/product\/4180"}],"collection":[{"href":"https:\/\/www.estudiotecno.com.ar\/tienda\/wp-json\/wp\/v2\/product"}],"about":[{"href":"https:\/\/www.estudiotecno.com.ar\/tienda\/wp-json\/wp\/v2\/types\/product"}],"replies":[{"embeddable":true,"href":"https:\/\/www.estudiotecno.com.ar\/tienda\/wp-json\/wp\/v2\/comments?post=4180"}],"wp:featuredmedia":[{"embeddable":true,"href":"https:\/\/www.estudiotecno.com.ar\/tienda\/wp-json\/wp\/v2\/media\/4190"}],"wp:attachment":[{"href":"https:\/\/www.estudiotecno.com.ar\/tienda\/wp-json\/wp\/v2\/media?parent=4180"}],"wp:term":[{"taxonomy":"product_cat","embeddable":true,"href":"https:\/\/www.estudiotecno.com.ar\/tienda\/wp-json\/wp\/v2\/product_cat?post=4180"},{"taxonomy":"product_tag","embeddable":true,"href":"https:\/\/www.estudiotecno.com.ar\/tienda\/wp-json\/wp\/v2\/product_tag?post=4180"}],"curies":[{"name":"wp","href":"https:\/\/api.w.org\/{rel}","templated":true}]}}