{"id":4171,"date":"2022-05-02T16:51:19","date_gmt":"2022-05-02T19:51:19","guid":{"rendered":"https:\/\/www.estudiotecno.com.ar\/tienda\/?post_type=product&#038;p=4171"},"modified":"2022-05-02T18:01:17","modified_gmt":"2022-05-02T21:01:17","slug":"barrera-mini-exterior-infraroja","status":"publish","type":"product","link":"https:\/\/www.estudiotecno.com.ar\/tienda\/producto\/barrera-mini-exterior-infraroja\/","title":{"rendered":"Barrera mini exterior infraroja"},"content":{"rendered":"<p>Barrera Infrarroja Exterior Interior 15mts Garage Alarma 12v<br \/>\nCaracter\u00edsticas:<br \/>\n&#8211; Uso interior y exterior<br \/>\n&#8211; Infrarroja de 1 haz<br \/>\n&#8211; F\u00e1cil instalaci\u00f3n<br \/>\n&#8211; Distancia m\u00e1xima de 15mts<br \/>\n&#8211; Compatible con la mayoria de los paneles del mercado<br \/>\n&#8211; Ideal para garage y estacionamientos<br \/>\n&#8211; Temperatura de trabajo -25\u00b0 a 55\u00b0 C<br \/>\n&#8211; Salida relay NA\/NC<br \/>\n&#8211; Alimentaci\u00f3n 12-24v DC\/AC<\/p>\n","protected":false},"excerpt":{"rendered":"<p>Barrera Infrarroja Exterior Interior 15mts Garage Alarma 12v Caracter\u00edsticas: &#8211; Uso interior y exterior &#8211; Infrarroja de 1 haz &#8211; F\u00e1cil instalaci\u00f3n &#8211; Distancia m\u00e1xima de 15mts &#8211; Compatible con la mayoria de los paneles del mercado &#8211; Ideal para garage y estacionamientos &#8211; Temperatura de trabajo -25\u00b0 a 55\u00b0 C &#8211; Salida relay NA\/NC [&hellip;]<\/p>\n","protected":false},"featured_media":4179,"comment_status":"closed","ping_status":"closed","template":"","meta":{"_acf_changed":false},"product_cat":[313,94],"product_tag":[],"acf":[],"aioseo_notices":[],"jetpack_sharing_enabled":true,"_links":{"self":[{"href":"https:\/\/www.estudiotecno.com.ar\/tienda\/wp-json\/wp\/v2\/product\/4171"}],"collection":[{"href":"https:\/\/www.estudiotecno.com.ar\/tienda\/wp-json\/wp\/v2\/product"}],"about":[{"href":"https:\/\/www.estudiotecno.com.ar\/tienda\/wp-json\/wp\/v2\/types\/product"}],"replies":[{"embeddable":true,"href":"https:\/\/www.estudiotecno.com.ar\/tienda\/wp-json\/wp\/v2\/comments?post=4171"}],"wp:featuredmedia":[{"embeddable":true,"href":"https:\/\/www.estudiotecno.com.ar\/tienda\/wp-json\/wp\/v2\/media\/4179"}],"wp:attachment":[{"href":"https:\/\/www.estudiotecno.com.ar\/tienda\/wp-json\/wp\/v2\/media?parent=4171"}],"wp:term":[{"taxonomy":"product_cat","embeddable":true,"href":"https:\/\/www.estudiotecno.com.ar\/tienda\/wp-json\/wp\/v2\/product_cat?post=4171"},{"taxonomy":"product_tag","embeddable":true,"href":"https:\/\/www.estudiotecno.com.ar\/tienda\/wp-json\/wp\/v2\/product_tag?post=4171"}],"curies":[{"name":"wp","href":"https:\/\/api.w.org\/{rel}","templated":true}]}}