{"id":4152,"date":"2022-04-28T16:48:50","date_gmt":"2022-04-28T19:48:50","guid":{"rendered":"https:\/\/www.estudiotecno.com.ar\/tienda\/?post_type=product&#038;p=4152"},"modified":"2022-11-03T19:30:09","modified_gmt":"2022-11-03T22:30:09","slug":"wala-10c-kit-alarma-inalambrica-pronext","status":"publish","type":"product","link":"https:\/\/www.estudiotecno.com.ar\/tienda\/producto\/wala-10c-kit-alarma-inalambrica-pronext\/","title":{"rendered":"WALA 10C &#8211; Kit alarma inal\u00e1mbrica &#8211; Pronext"},"content":{"rendered":"<p>Incluye 1 kit alarma Wala 10 c completo la 1 sensor magn\u00e9tico inal\u00e1mbrico adicional m\u00e1s 1 sirena de 6 tonos m\u00e1s todas las pilas y bater\u00edas para los sensores y remotos<\/p>\n","protected":false},"excerpt":{"rendered":"<p>Incluye 1 kit alarma Wala 10 c completo la 1 sensor magn\u00e9tico inal\u00e1mbrico adicional m\u00e1s 1 sirena de 6 tonos m\u00e1s todas las pilas y bater\u00edas para los sensores y remotos<\/p>\n","protected":false},"featured_media":4155,"comment_status":"closed","ping_status":"closed","template":"","meta":{"_acf_changed":false},"product_cat":[313,296],"product_tag":[],"acf":[],"aioseo_notices":[],"jetpack_sharing_enabled":true,"_links":{"self":[{"href":"https:\/\/www.estudiotecno.com.ar\/tienda\/wp-json\/wp\/v2\/product\/4152"}],"collection":[{"href":"https:\/\/www.estudiotecno.com.ar\/tienda\/wp-json\/wp\/v2\/product"}],"about":[{"href":"https:\/\/www.estudiotecno.com.ar\/tienda\/wp-json\/wp\/v2\/types\/product"}],"replies":[{"embeddable":true,"href":"https:\/\/www.estudiotecno.com.ar\/tienda\/wp-json\/wp\/v2\/comments?post=4152"}],"wp:featuredmedia":[{"embeddable":true,"href":"https:\/\/www.estudiotecno.com.ar\/tienda\/wp-json\/wp\/v2\/media\/4155"}],"wp:attachment":[{"href":"https:\/\/www.estudiotecno.com.ar\/tienda\/wp-json\/wp\/v2\/media?parent=4152"}],"wp:term":[{"taxonomy":"product_cat","embeddable":true,"href":"https:\/\/www.estudiotecno.com.ar\/tienda\/wp-json\/wp\/v2\/product_cat?post=4152"},{"taxonomy":"product_tag","embeddable":true,"href":"https:\/\/www.estudiotecno.com.ar\/tienda\/wp-json\/wp\/v2\/product_tag?post=4152"}],"curies":[{"name":"wp","href":"https:\/\/api.w.org\/{rel}","templated":true}]}}