{"id":4146,"date":"2022-04-28T16:25:58","date_gmt":"2022-04-28T19:25:58","guid":{"rendered":"https:\/\/www.estudiotecno.com.ar\/tienda\/?post_type=product&#038;p=4146"},"modified":"2022-04-28T16:25:58","modified_gmt":"2022-04-28T19:25:58","slug":"selfie-2000","status":"publish","type":"product","link":"https:\/\/www.estudiotecno.com.ar\/tienda\/producto\/selfie-2000\/","title":{"rendered":"Selfie 2000"},"content":{"rendered":"<p>Descripci\u00f3n<br \/>\nTripode con aro de Luz LED<\/p>\n<p>Caracter\u00edsticas<br \/>\nTripode con aro de luz Led Profesional<br \/>\nExtensible hasta 71cm de altura<br \/>\nAjuste de nivel y posici\u00f3n de celular<br \/>\nRotaci\u00f3n de 360 grados<br \/>\n3 Tipo de iluminaci\u00f3n:<br \/>\n&#8211; Luz Blanca<br \/>\n&#8211; Luz Natural<br \/>\n&#8211; Luz C\u00e1lida<br \/>\nAlimentacion via USB<br \/>\nEn Pack A color<\/p>\n","protected":false},"excerpt":{"rendered":"<p>Descripci\u00f3n Tripode con aro de Luz LED Caracter\u00edsticas Tripode con aro de luz Led Profesional Extensible hasta 71cm de altura Ajuste de nivel y posici\u00f3n de celular Rotaci\u00f3n de 360 grados 3 Tipo de iluminaci\u00f3n: &#8211; Luz Blanca &#8211; Luz Natural &#8211; Luz C\u00e1lida Alimentacion via USB En Pack A color<\/p>\n","protected":false},"featured_media":4147,"comment_status":"closed","ping_status":"closed","template":"","meta":{"_acf_changed":false},"product_cat":[106],"product_tag":[],"acf":[],"aioseo_notices":[],"jetpack_sharing_enabled":true,"_links":{"self":[{"href":"https:\/\/www.estudiotecno.com.ar\/tienda\/wp-json\/wp\/v2\/product\/4146"}],"collection":[{"href":"https:\/\/www.estudiotecno.com.ar\/tienda\/wp-json\/wp\/v2\/product"}],"about":[{"href":"https:\/\/www.estudiotecno.com.ar\/tienda\/wp-json\/wp\/v2\/types\/product"}],"replies":[{"embeddable":true,"href":"https:\/\/www.estudiotecno.com.ar\/tienda\/wp-json\/wp\/v2\/comments?post=4146"}],"wp:featuredmedia":[{"embeddable":true,"href":"https:\/\/www.estudiotecno.com.ar\/tienda\/wp-json\/wp\/v2\/media\/4147"}],"wp:attachment":[{"href":"https:\/\/www.estudiotecno.com.ar\/tienda\/wp-json\/wp\/v2\/media?parent=4146"}],"wp:term":[{"taxonomy":"product_cat","embeddable":true,"href":"https:\/\/www.estudiotecno.com.ar\/tienda\/wp-json\/wp\/v2\/product_cat?post=4146"},{"taxonomy":"product_tag","embeddable":true,"href":"https:\/\/www.estudiotecno.com.ar\/tienda\/wp-json\/wp\/v2\/product_tag?post=4146"}],"curies":[{"name":"wp","href":"https:\/\/api.w.org\/{rel}","templated":true}]}}