{"id":4144,"date":"2022-04-28T16:21:17","date_gmt":"2022-04-28T19:21:17","guid":{"rendered":"https:\/\/www.estudiotecno.com.ar\/tienda\/?post_type=product&#038;p=4144"},"modified":"2022-04-28T16:21:17","modified_gmt":"2022-04-28T19:21:17","slug":"selfie-500","status":"publish","type":"product","link":"https:\/\/www.estudiotecno.com.ar\/tienda\/producto\/selfie-500\/","title":{"rendered":"Selfie 500"},"content":{"rendered":"<p>Tripode con aro de luz Led Profesional<br \/>\nExtensible hasta 65cm de altura<br \/>\nAjuste de nivel y posici\u00f3n de celular<br \/>\nRotaci\u00f3n de 360 grados<\/p>\n<p>3 Tipo de iluminaci\u00f3n:<br \/>\n&#8211; Luz Blanca<br \/>\n&#8211; Luz Natural<br \/>\n&#8211; Luz C\u00e1lida<\/p>\n<p>Con click para ajustar al Escritorio.<br \/>\nAlimentaci\u00f3n via USB. No incluye fuente<br \/>\nEn Pack A color<\/p>\n","protected":false},"excerpt":{"rendered":"<p>Tripode con aro de luz Led Profesional Extensible hasta 65cm de altura Ajuste de nivel y posici\u00f3n de celular Rotaci\u00f3n de 360 grados 3 Tipo de iluminaci\u00f3n: &#8211; Luz Blanca &#8211; Luz Natural &#8211; Luz C\u00e1lida Con click para ajustar al Escritorio. Alimentaci\u00f3n via USB. No incluye fuente En Pack A color<\/p>\n","protected":false},"featured_media":4145,"comment_status":"closed","ping_status":"closed","template":"","meta":{"_acf_changed":false},"product_cat":[106],"product_tag":[],"acf":[],"aioseo_notices":[],"jetpack_sharing_enabled":true,"_links":{"self":[{"href":"https:\/\/www.estudiotecno.com.ar\/tienda\/wp-json\/wp\/v2\/product\/4144"}],"collection":[{"href":"https:\/\/www.estudiotecno.com.ar\/tienda\/wp-json\/wp\/v2\/product"}],"about":[{"href":"https:\/\/www.estudiotecno.com.ar\/tienda\/wp-json\/wp\/v2\/types\/product"}],"replies":[{"embeddable":true,"href":"https:\/\/www.estudiotecno.com.ar\/tienda\/wp-json\/wp\/v2\/comments?post=4144"}],"wp:featuredmedia":[{"embeddable":true,"href":"https:\/\/www.estudiotecno.com.ar\/tienda\/wp-json\/wp\/v2\/media\/4145"}],"wp:attachment":[{"href":"https:\/\/www.estudiotecno.com.ar\/tienda\/wp-json\/wp\/v2\/media?parent=4144"}],"wp:term":[{"taxonomy":"product_cat","embeddable":true,"href":"https:\/\/www.estudiotecno.com.ar\/tienda\/wp-json\/wp\/v2\/product_cat?post=4144"},{"taxonomy":"product_tag","embeddable":true,"href":"https:\/\/www.estudiotecno.com.ar\/tienda\/wp-json\/wp\/v2\/product_tag?post=4144"}],"curies":[{"name":"wp","href":"https:\/\/api.w.org\/{rel}","templated":true}]}}