{"id":4135,"date":"2022-04-26T18:19:35","date_gmt":"2022-04-26T21:19:35","guid":{"rendered":"https:\/\/www.estudiotecno.com.ar\/tienda\/?post_type=product&#038;p=4135"},"modified":"2025-12-05T16:28:37","modified_gmt":"2025-12-05T19:28:37","slug":"control-de-acceso-facial-hikvision-ds-k1t331w","status":"publish","type":"product","link":"https:\/\/www.estudiotecno.com.ar\/tienda\/producto\/control-de-acceso-facial-hikvision-ds-k1t331w\/","title":{"rendered":"DS-K1T331W | Control de acceso facial Hikvision"},"content":{"rendered":"<p class=\"separador\"><span style=\"font-family: Arial, Verdana;\">RECONOCIMIENTO FACIAL WIFI HIKVISION, HASTA 1.5 mts, SOPORTA P2P Hik-Connect, 1000 ROSTROS, iVMS-4200, TIEMPO Y ASISTENCIA BASICO.\u00a0<\/span><span style=\"color: #333333; font-family: Helvetica Neue, Helvetica, Arial, sans-serif;\"><b>CARACTER\u00cdSTICAS DESTACADAS: EL TERMINAL FRONTAL DE LA SERIE DS-K1T331 ADOPTA UN ALGORITMO APRENDIZAJE PROFUNDO QUE AYUDA A RECONOCER EL ROSTRO DE LAS PERSONAS M\u00c1S R\u00c1PIDO Y CON MAYOR PRECISI\u00d3N. APLICABLE EN ESCENARIOS, COMO EDIFICIOS, EMPRESAS, INDUSTRIAS Y OTRAS \u00c1REAS IMPORTANTES.<\/b><\/span><\/p>\n","protected":false},"excerpt":{"rendered":"<p>RECONOCIMIENTO FACIAL WIFI HIKVISION, HASTA 1.5 mts, SOPORTA P2P Hik-Connect, 1000 ROSTROS, iVMS-4200, TIEMPO Y ASISTENCIA BASICO.\u00a0CARACTER\u00cdSTICAS DESTACADAS: EL TERMINAL FRONTAL DE LA SERIE DS-K1T331 ADOPTA UN ALGORITMO APRENDIZAJE PROFUNDO QUE AYUDA A RECONOCER EL ROSTRO DE LAS PERSONAS M\u00c1S R\u00c1PIDO Y CON MAYOR PRECISI\u00d3N. APLICABLE EN ESCENARIOS, COMO EDIFICIOS, EMPRESAS, INDUSTRIAS Y OTRAS \u00c1REAS [&hellip;]<\/p>\n","protected":false},"featured_media":5255,"comment_status":"closed","ping_status":"closed","template":"","meta":{"_acf_changed":false},"product_cat":[106,134,390,94],"product_tag":[],"acf":[],"aioseo_notices":[],"jetpack_sharing_enabled":true,"_links":{"self":[{"href":"https:\/\/www.estudiotecno.com.ar\/tienda\/wp-json\/wp\/v2\/product\/4135"}],"collection":[{"href":"https:\/\/www.estudiotecno.com.ar\/tienda\/wp-json\/wp\/v2\/product"}],"about":[{"href":"https:\/\/www.estudiotecno.com.ar\/tienda\/wp-json\/wp\/v2\/types\/product"}],"replies":[{"embeddable":true,"href":"https:\/\/www.estudiotecno.com.ar\/tienda\/wp-json\/wp\/v2\/comments?post=4135"}],"wp:featuredmedia":[{"embeddable":true,"href":"https:\/\/www.estudiotecno.com.ar\/tienda\/wp-json\/wp\/v2\/media\/5255"}],"wp:attachment":[{"href":"https:\/\/www.estudiotecno.com.ar\/tienda\/wp-json\/wp\/v2\/media?parent=4135"}],"wp:term":[{"taxonomy":"product_cat","embeddable":true,"href":"https:\/\/www.estudiotecno.com.ar\/tienda\/wp-json\/wp\/v2\/product_cat?post=4135"},{"taxonomy":"product_tag","embeddable":true,"href":"https:\/\/www.estudiotecno.com.ar\/tienda\/wp-json\/wp\/v2\/product_tag?post=4135"}],"curies":[{"name":"wp","href":"https:\/\/api.w.org\/{rel}","templated":true}]}}