{"id":4109,"date":"2022-04-06T17:14:16","date_gmt":"2022-04-06T20:14:16","guid":{"rendered":"https:\/\/www.estudiotecno.com.ar\/tienda\/?post_type=product&#038;p=4109"},"modified":"2022-04-06T17:15:28","modified_gmt":"2022-04-06T20:15:28","slug":"roku-3920xb-premiere-4k-rec-sin-fuente","status":"publish","type":"product","link":"https:\/\/www.estudiotecno.com.ar\/tienda\/producto\/roku-3920xb-premiere-4k-rec-sin-fuente\/","title":{"rendered":"ROKU 3920XB PREMIERE+ 4K (REC) (SIN FUENTE)"},"content":{"rendered":"<p>ROKU 3920XB PREMIERE+ 4K HDR STREAMING PLAYER<\/p>\n<p>* Perfecto para televisores HD y 4K ultra HD, tiene un procesador r\u00e1pido de cuatro n\u00facleos y una banda dual inal\u00e1mbrica 802.11ac.<\/p>\n<p>* 4K Ultra HD a 60 fps con cuatro veces la resoluci\u00f3n de 1080p HD, ofreciendo gran nitidez y brillantes, im\u00e1genes realistas.<\/p>\n<p>* Vibrante HDR que muestra una incre\u00edble variedad de colores, blancos m\u00e1s brillantes y negros m\u00e1s profundos.<\/p>\n<p>* Punto mejorado, mando a distancia desde cualquier lugar, con los auriculares para escuchar en privado.<\/p>\n<p>* B\u00fasqueda neutral en los mejores canales. &#8211;<\/p>\n<p>ESPECIFICACIONES T\u00c9CNICAS<\/p>\n<p>-Marca :Roku<\/p>\n<p>-Resoluci\u00f3n :Hasta 1080p HD (1920 x 1080) en televisores HD, hasta 4K \/ 60 Ultra HD (3840 \u00d7 2160) en televisores UHD 4K<\/p>\n<p>-Categor\u00eda de color :Negro<\/p>\n<p>-Tipo de bater\u00eda contenida :Alcalino<\/p>\n<p>-Cantidad de multipack :1<\/p>\n<p>-tipo de conector :HDMI 2.0, HDCP 2.2 para transmisi\u00f3n 4K \/ 60 Ultra HD y HDR<\/p>\n<p>-Modelo :3921<\/p>\n<p>-Tipo de interfaz :IEEE 802.11b \/ g \/ n<\/p>\n<p>-Caracter\u00edstica de audio:Dolby Audio pasa a trav\u00e9s de HDMI, modo de escucha nocturna<\/p>\n<p>Manejo de potencia de audio pico 3 W<\/p>\n<p>-Tecnolog\u00eda inal\u00e1mbrica :802.11b \/ g \/ n<\/p>\n<p>-Servicios de streaming :VUDU, The Roku Channel, Netflix, Sling TV, Hulu, The CW, Prime Video, DirecTV NOW, Showtime, ABC, HBO NOW, YouTube, ver ESPN, CBS All Access, Panodra, Playstation VUE, Google Play, NBC, HGTV, Food Network, FOX Sports, FuboTV, Crunchyroll, Disney AHORA, Nick Jr<\/p>\n<p>-Peso del producto ensamblado<\/p>\n<p>1.5 oz<\/p>\n<p>-Dimensiones del producto ensambladas (L x W x H):7.10 x 1.70 x 4.80 pulgadas<\/p>\n","protected":false},"excerpt":{"rendered":"<p>ROKU 3920XB PREMIERE+ 4K HDR STREAMING PLAYER * Perfecto para televisores HD y 4K ultra HD, tiene un procesador r\u00e1pido de cuatro n\u00facleos y una banda dual inal\u00e1mbrica 802.11ac. * 4K Ultra HD a 60 fps con cuatro veces la resoluci\u00f3n de 1080p HD, ofreciendo gran nitidez y brillantes, im\u00e1genes realistas. * Vibrante HDR que [&hellip;]<\/p>\n","protected":false},"featured_media":4110,"comment_status":"closed","ping_status":"closed","template":"","meta":{"_acf_changed":false},"product_cat":[104,282],"product_tag":[],"acf":[],"aioseo_notices":[],"jetpack_sharing_enabled":true,"_links":{"self":[{"href":"https:\/\/www.estudiotecno.com.ar\/tienda\/wp-json\/wp\/v2\/product\/4109"}],"collection":[{"href":"https:\/\/www.estudiotecno.com.ar\/tienda\/wp-json\/wp\/v2\/product"}],"about":[{"href":"https:\/\/www.estudiotecno.com.ar\/tienda\/wp-json\/wp\/v2\/types\/product"}],"replies":[{"embeddable":true,"href":"https:\/\/www.estudiotecno.com.ar\/tienda\/wp-json\/wp\/v2\/comments?post=4109"}],"wp:featuredmedia":[{"embeddable":true,"href":"https:\/\/www.estudiotecno.com.ar\/tienda\/wp-json\/wp\/v2\/media\/4110"}],"wp:attachment":[{"href":"https:\/\/www.estudiotecno.com.ar\/tienda\/wp-json\/wp\/v2\/media?parent=4109"}],"wp:term":[{"taxonomy":"product_cat","embeddable":true,"href":"https:\/\/www.estudiotecno.com.ar\/tienda\/wp-json\/wp\/v2\/product_cat?post=4109"},{"taxonomy":"product_tag","embeddable":true,"href":"https:\/\/www.estudiotecno.com.ar\/tienda\/wp-json\/wp\/v2\/product_tag?post=4109"}],"curies":[{"name":"wp","href":"https:\/\/api.w.org\/{rel}","templated":true}]}}