{"id":4069,"date":"2022-03-30T17:53:10","date_gmt":"2022-03-30T20:53:10","guid":{"rendered":"https:\/\/www.estudiotecno.com.ar\/tienda\/?post_type=product&#038;p=4069"},"modified":"2022-03-30T17:53:10","modified_gmt":"2022-03-30T20:53:10","slug":"router-4-antenas-mercusys-mw325r","status":"publish","type":"product","link":"https:\/\/www.estudiotecno.com.ar\/tienda\/producto\/router-4-antenas-mercusys-mw325r\/","title":{"rendered":"Router 4 antenas Mercusys MW325R"},"content":{"rendered":"<p>Hasta 500 m2 de cobertura Wi Fi:<br \/>\nEl MW325R crea una red inal\u00e1mbrica expansiva que es capaz de cubrir su hogar con hasta 500m2 de cobertura inal\u00e1mbrica. Puede disfrutar de conexiones confiables y de alto rendimiento en la sala de estar, el dormitorio o incluso en el patio trasero.<\/p>\n<p>Cuatro antenas de 5dBi:<br \/>\nAl combinar la tecnolog\u00eda 2&#215;2 MIMO y cuatro antenas de alta ganancia, el MW325R puede aumentar significativamente sus capacidades de transmisi\u00f3n y recepci\u00f3n de se\u00f1ales. Esto significa que no tiene que preocuparse por el retraso o las conexiones ca\u00eddas mientras disfruta de los juegos en l\u00ednea y la transmisi\u00f3n de video.<\/p>\n<p>Instalaci\u00f3n en tres pasos:<br \/>\nSin necesidad de una configuraci\u00f3n complicada, simplemente puede seguir las instrucciones paso a paso en la p\u00e1gina web intuitiva para configurar su MW325R en minutos.<\/p>\n<p>Caracteristicas:<\/p>\n<p>Cobertura m\u00e1xima: cuatro antenas de 5dBi proporcionan hasta 500m2 de cobertura inal\u00e1mbrica<br \/>\nSe\u00f1al mejorada: las antenas de alta ganancia aumentan dr\u00e1sticamente la fuerza, el tama\u00f1o y la estabilidad de la se\u00f1al inal\u00e1mbrica<br \/>\nVelocidad inal\u00e1mbrica de 300 Mbps ideal para transmisi\u00f3n HD, juegos en l\u00ednea y descargas de archivos grandes<br \/>\nLa p\u00e1gina web intuitiva de f\u00e1cil instalaci\u00f3n lo gu\u00eda a trav\u00e9s del proceso de configuraci\u00f3n en minutos<br \/>\nLas especificaciones de rango se basan en los resultados de las pruebas de rendimiento. El rendimiento real var\u00eda de acuerdo con las aplicaciones y las condiciones ambientales.<\/p>\n<p>Especificaciones:<\/p>\n<p>Fuente de alimentaci\u00f3n externa: 5VDC \/ 0.6A<br \/>\nTipo de antena: 4 antenas omnidireccionales fijas de 5dBi<\/p>\n<p>Tasa de se\u00f1al:<br \/>\n11n: hasta 300 Mbps (din\u00e1mico)<br \/>\n11g: hasta 54 Mbps (din\u00e1mico)<br \/>\n11b: hasta 11 Mbps (din\u00e1mico)<\/p>\n<p>Bot\u00f3n: bot\u00f3n de reinicio<br \/>\nEst\u00e1ndares inal\u00e1mbricos: IEEE 802.11n, IEEE 802.11g, IEEE 802.11b<br \/>\nFrecuencia: 2,4 2,5 GHz<\/p>\n<p>Sensibilidad de recepci\u00f3n:<br \/>\n270M: 70dBm @ 10% POR<br \/>\n130M: 72dBm @ 10% POR<br \/>\n54M: 74dBm @ 10% POR<br \/>\n11M: 87dBm @ 10% POR<br \/>\n6M: 92dBm @ 10% POR<br \/>\n1M: 94dBm @ 10% POR<\/p>\n","protected":false},"excerpt":{"rendered":"<p>Hasta 500 m2 de cobertura Wi Fi: El MW325R crea una red inal\u00e1mbrica expansiva que es capaz de cubrir su hogar con hasta 500m2 de cobertura inal\u00e1mbrica. Puede disfrutar de conexiones confiables y de alto rendimiento en la sala de estar, el dormitorio o incluso en el patio trasero. Cuatro antenas de 5dBi: Al combinar [&hellip;]<\/p>\n","protected":false},"featured_media":4070,"comment_status":"closed","ping_status":"closed","template":"","meta":{"_acf_changed":false},"product_cat":[282,309],"product_tag":[],"acf":[],"aioseo_notices":[],"jetpack_sharing_enabled":true,"_links":{"self":[{"href":"https:\/\/www.estudiotecno.com.ar\/tienda\/wp-json\/wp\/v2\/product\/4069"}],"collection":[{"href":"https:\/\/www.estudiotecno.com.ar\/tienda\/wp-json\/wp\/v2\/product"}],"about":[{"href":"https:\/\/www.estudiotecno.com.ar\/tienda\/wp-json\/wp\/v2\/types\/product"}],"replies":[{"embeddable":true,"href":"https:\/\/www.estudiotecno.com.ar\/tienda\/wp-json\/wp\/v2\/comments?post=4069"}],"wp:featuredmedia":[{"embeddable":true,"href":"https:\/\/www.estudiotecno.com.ar\/tienda\/wp-json\/wp\/v2\/media\/4070"}],"wp:attachment":[{"href":"https:\/\/www.estudiotecno.com.ar\/tienda\/wp-json\/wp\/v2\/media?parent=4069"}],"wp:term":[{"taxonomy":"product_cat","embeddable":true,"href":"https:\/\/www.estudiotecno.com.ar\/tienda\/wp-json\/wp\/v2\/product_cat?post=4069"},{"taxonomy":"product_tag","embeddable":true,"href":"https:\/\/www.estudiotecno.com.ar\/tienda\/wp-json\/wp\/v2\/product_tag?post=4069"}],"curies":[{"name":"wp","href":"https:\/\/api.w.org\/{rel}","templated":true}]}}