{"id":4044,"date":"2022-03-25T19:45:05","date_gmt":"2022-03-25T22:45:05","guid":{"rendered":"https:\/\/www.estudiotecno.com.ar\/tienda\/?post_type=product&#038;p=4044"},"modified":"2022-07-28T11:13:09","modified_gmt":"2022-07-28T14:13:09","slug":"cs-c3n-camara-wi-fi-vision-color-nocturna-ezviz","status":"publish","type":"product","link":"https:\/\/www.estudiotecno.com.ar\/tienda\/producto\/cs-c3n-camara-wi-fi-vision-color-nocturna-ezviz\/","title":{"rendered":"CS-C3N C\u00e1mara Wi-Fi visi\u00f3n color nocturna Ezviz"},"content":{"rendered":"<p>Ya no tendr\u00e1s que preocuparte por la vigilancia de tu casa o negocio. Con la c\u00e1mara Ezviz vas a tener un mayor control sobre los espacios y seguridad las 24 horas.<\/p>\n<p>Un modelo de acuerdo a tus necesidades<br \/>\nEsta c\u00e1mara tipo bala te resultar\u00e1 muy pr\u00e1ctica, ya que incluye una manija de montaje para su f\u00e1cil instalaci\u00f3n. Cuando hayas terminado de montarla, pod\u00e9s mover la c\u00e1mara para cubrir cualquier \u00e1rea espec\u00edfica que desees supervisar. Cuenta con resoluci\u00f3n de 2MP, que ofrece una vigilancia clara y precisa sobre los espacios.Adem\u00e1s, estos videos se registran a una velocidad m\u00e1xima de 30 fotogramas por segundo, por lo que obtendr\u00e1s una mayor fluidez en la imagen.<\/p>\n<p>Mayor visibilidad<br \/>\nGracias a su funci\u00f3n de visi\u00f3n nocturna incluida, \u00a1ya no tendr\u00e1s que preocuparte porque tus espacios est\u00e9n iluminados! Esta c\u00e1mara incluye micr\u00f3fono, lo que te asegurar\u00e1 no solo tener una imagen exacta, sino tambi\u00e9n potenciar la seguridad de los ambientes registrando sonidos<\/p>\n","protected":false},"excerpt":{"rendered":"<p>Ya no tendr\u00e1s que preocuparte por la vigilancia de tu casa o negocio. Con la c\u00e1mara Ezviz vas a tener un mayor control sobre los espacios y seguridad las 24 horas. Un modelo de acuerdo a tus necesidades Esta c\u00e1mara tipo bala te resultar\u00e1 muy pr\u00e1ctica, ya que incluye una manija de montaje para su [&hellip;]<\/p>\n","protected":false},"featured_media":4045,"comment_status":"closed","ping_status":"closed","template":"","meta":{"_acf_changed":false},"product_cat":[94],"product_tag":[],"acf":[],"aioseo_notices":[],"jetpack_sharing_enabled":true,"_links":{"self":[{"href":"https:\/\/www.estudiotecno.com.ar\/tienda\/wp-json\/wp\/v2\/product\/4044"}],"collection":[{"href":"https:\/\/www.estudiotecno.com.ar\/tienda\/wp-json\/wp\/v2\/product"}],"about":[{"href":"https:\/\/www.estudiotecno.com.ar\/tienda\/wp-json\/wp\/v2\/types\/product"}],"replies":[{"embeddable":true,"href":"https:\/\/www.estudiotecno.com.ar\/tienda\/wp-json\/wp\/v2\/comments?post=4044"}],"wp:featuredmedia":[{"embeddable":true,"href":"https:\/\/www.estudiotecno.com.ar\/tienda\/wp-json\/wp\/v2\/media\/4045"}],"wp:attachment":[{"href":"https:\/\/www.estudiotecno.com.ar\/tienda\/wp-json\/wp\/v2\/media?parent=4044"}],"wp:term":[{"taxonomy":"product_cat","embeddable":true,"href":"https:\/\/www.estudiotecno.com.ar\/tienda\/wp-json\/wp\/v2\/product_cat?post=4044"},{"taxonomy":"product_tag","embeddable":true,"href":"https:\/\/www.estudiotecno.com.ar\/tienda\/wp-json\/wp\/v2\/product_tag?post=4044"}],"curies":[{"name":"wp","href":"https:\/\/api.w.org\/{rel}","templated":true}]}}