{"id":3997,"date":"2022-03-21T18:19:46","date_gmt":"2022-03-21T21:19:46","guid":{"rendered":"https:\/\/www.estudiotecno.com.ar\/tienda\/?post_type=product&#038;p=3997"},"modified":"2022-03-21T18:19:46","modified_gmt":"2022-03-21T21:19:46","slug":"kit-adaptador-power-over-ethernet-tl-poe200","status":"publish","type":"product","link":"https:\/\/www.estudiotecno.com.ar\/tienda\/producto\/kit-adaptador-power-over-ethernet-tl-poe200\/","title":{"rendered":"Kit adaptador Power over Ethernet TL-POE200"},"content":{"rendered":"<ul>\n<li>Suministra alimentaci\u00f3n el\u00e9ctrica y datos a trav\u00e9s de un solo cable Ethernet hasta una distancia de 100 metros<\/li>\n<li>Voltajes de salida seleccionables<\/li>\n<li>Instalaci\u00f3n sencilla, sin ninguna configuraci\u00f3n adicional<\/li>\n<\/ul>\n","protected":false},"excerpt":{"rendered":"<p>Suministra alimentaci\u00f3n el\u00e9ctrica y datos a trav\u00e9s de un solo cable Ethernet hasta una distancia de 100 metros Voltajes de salida seleccionables Instalaci\u00f3n sencilla, sin ninguna configuraci\u00f3n adicional<\/p>\n","protected":false},"featured_media":3998,"comment_status":"closed","ping_status":"closed","template":"","meta":{"_acf_changed":false},"product_cat":[282,167],"product_tag":[],"acf":[],"aioseo_notices":[],"jetpack_sharing_enabled":true,"_links":{"self":[{"href":"https:\/\/www.estudiotecno.com.ar\/tienda\/wp-json\/wp\/v2\/product\/3997"}],"collection":[{"href":"https:\/\/www.estudiotecno.com.ar\/tienda\/wp-json\/wp\/v2\/product"}],"about":[{"href":"https:\/\/www.estudiotecno.com.ar\/tienda\/wp-json\/wp\/v2\/types\/product"}],"replies":[{"embeddable":true,"href":"https:\/\/www.estudiotecno.com.ar\/tienda\/wp-json\/wp\/v2\/comments?post=3997"}],"wp:featuredmedia":[{"embeddable":true,"href":"https:\/\/www.estudiotecno.com.ar\/tienda\/wp-json\/wp\/v2\/media\/3998"}],"wp:attachment":[{"href":"https:\/\/www.estudiotecno.com.ar\/tienda\/wp-json\/wp\/v2\/media?parent=3997"}],"wp:term":[{"taxonomy":"product_cat","embeddable":true,"href":"https:\/\/www.estudiotecno.com.ar\/tienda\/wp-json\/wp\/v2\/product_cat?post=3997"},{"taxonomy":"product_tag","embeddable":true,"href":"https:\/\/www.estudiotecno.com.ar\/tienda\/wp-json\/wp\/v2\/product_tag?post=3997"}],"curies":[{"name":"wp","href":"https:\/\/api.w.org\/{rel}","templated":true}]}}